{"id":7647,"date":"2024-10-30T16:49:28","date_gmt":"2024-10-30T20:49:28","guid":{"rendered":"https:\/\/dev.proliquidpc.com\/boutique\/non%20class\u00e9\/granzon-gams-cpu-waterblock-ryzen-threaripper-am3-am4-amd\/"},"modified":"2025-01-19T16:36:58","modified_gmt":"2025-01-19T21:36:58","slug":"granzon-gams-cpu-waterblock-ryzen-threaripper-am3-am4-amd","status":"publish","type":"product","link":"https:\/\/proliquidpc.com\/fr\/boutique\/cpu-waterblock\/cpu-amd\/granzon-gams-cpu-waterblock-ryzen-threaripper-am3-am4-amd\/","title":{"rendered":"Granzon GAMS CPU Waterblock Ryzen ThreaRipper\/AM3\/AM4\/ AMD"},"content":{"rendered":"<p>Le bloc de refroidissement par eau pour processeur Granzon GAIS dispose d\u2019un affichage de la temp\u00e9rature en temps r\u00e9el dissimul\u00e9 \u00e0 la vue de tous. Cet \u00e9cran est int\u00e9gr\u00e9 directement sur le dessus du bloc sous la surface semblable \u00e0 un miroir. Lorsque la puissance est appliqu\u00e9e, l\u2019\u00e9cran affiche la temp\u00e9rature en temps r\u00e9el dans l\u2019affichage du tableau de bord de la voiture de sport bionique.<\/p>\n<p>Le bloc pr\u00e9sente une apparence de mecha de science-fiction, avec de nombreuses lignes tangentes qui augmentent la personnalit\u00e9 du bloc. Le logo est \u00e9galement cach\u00e9 sous la finition jusqu\u2019\u00e0 ce que l\u2019alimentation soit appliqu\u00e9e.<\/p>\n<p>Fonctionnalit\u00e9s<br \/>\nUnique Design<br \/>\n\u00c9clairage RBW int\u00e9gr\u00e9<br \/>\nCon\u00e7u pour s\u2019adapter aux fittings filet\u00e9s standard G1\/4&Prime;<br \/>\nAffichage num\u00e9rique int\u00e9gr\u00e9 de la temp\u00e9rature<br \/>\nSp\u00e9cifications<br \/>\nFiletage : G1\/4&Prime;<br \/>\nCompatibilit\u00e9<br \/>\nSocket : AMD Ryzen 3\/5\/7\/9\/ThreadRipper, AM4\/AM3+\/AM3<br \/>\nfittings : Filetage G1\/4&Prime;<br \/>\nPi\u00e8ces incluses<br \/>\n1x bloc de refroidissement par eau CPU avec affichage num\u00e9rique de la temp\u00e9rature<br \/>\n1x mat\u00e9riel de montage<br \/>\n1x 5v RGB adressable (RBW)<br \/>\n(Avertissement : le RVB adressable (RBW) est de 5 V et est UNIQUEMENT compatible avec les composants RVB adressables (RBW). RGB est 12V et est UNIQUEMENT compatible avec les composants RGB. Le m\u00e9lange et l\u2019assortiment ne fonctionneront PAS et causeront des dommages.<br \/>\nAvertissements<br \/>\nVeuillez faire attention \u00e0 l\u2019entr\u00e9e\/sortie lors de l\u2019installation. Une mauvaise direction lors de l\u2019installation affectera les performances de dissipation thermique. Le fabricant se r\u00e9serve le droit de modifier la conception du bloc pour \u00e9tendre la compatibilit\u00e9. L\u2019article livr\u00e9 peut ne pas correspondre \u00e0 100% \u00e0 l\u2019article illustr\u00e9. Le produit n\u2019inclut PAS les instructions d\u2019installation en anglais.<\/p>\n<p>Nous ne sommes pas responsables des dommages caus\u00e9s par ou lors de l\u2019utilisation de ce produit.<\/p>\n","protected":false},"excerpt":{"rendered":"<p>Le bloc de refroidissement par eau pour processeur Granzon GAIS dispose d\u2019un affichage de la temp\u00e9rature en temps r\u00e9el dissimul\u00e9 \u00e0 la vue de tous. Cet \u00e9cran est int\u00e9gr\u00e9 directement sur le dessus du bloc sous la surface semblable \u00e0 un miroir. Lorsque la puissance est appliqu\u00e9e, l\u2019\u00e9cran affiche la temp\u00e9rature en temps r\u00e9el dans [&hellip;]<\/p>\n","protected":false},"featured_media":7648,"template":"","meta":{"_genesis_hide_title":false,"_genesis_hide_breadcrumbs":false,"_genesis_hide_singular_image":false,"_genesis_hide_footer_widgets":false,"_genesis_custom_body_class":"","_genesis_custom_post_class":"","_genesis_layout":""},"product_brand":[],"product_cat":[37,36],"product_tag":[],"class_list":{"0":"post-7647","1":"product","2":"type-product","3":"status-publish","4":"has-post-thumbnail","6":"product_cat-cpu-amd","7":"product_cat-cpu-waterblock","8":"entry","10":"first","11":"instock","12":"taxable","13":"shipping-taxable","14":"purchasable","15":"product-type-simple"},"_links":{"self":[{"href":"https:\/\/proliquidpc.com\/fr\/wp-json\/wp\/v2\/product\/7647","targetHints":{"allow":["GET"]}}],"collection":[{"href":"https:\/\/proliquidpc.com\/fr\/wp-json\/wp\/v2\/product"}],"about":[{"href":"https:\/\/proliquidpc.com\/fr\/wp-json\/wp\/v2\/types\/product"}],"wp:featuredmedia":[{"embeddable":true,"href":"https:\/\/proliquidpc.com\/fr\/wp-json\/wp\/v2\/media\/7648"}],"wp:attachment":[{"href":"https:\/\/proliquidpc.com\/fr\/wp-json\/wp\/v2\/media?parent=7647"}],"wp:term":[{"taxonomy":"product_brand","embeddable":true,"href":"https:\/\/proliquidpc.com\/fr\/wp-json\/wp\/v2\/product_brand?post=7647"},{"taxonomy":"product_cat","embeddable":true,"href":"https:\/\/proliquidpc.com\/fr\/wp-json\/wp\/v2\/product_cat?post=7647"},{"taxonomy":"product_tag","embeddable":true,"href":"https:\/\/proliquidpc.com\/fr\/wp-json\/wp\/v2\/product_tag?post=7647"}],"curies":[{"name":"wp","href":"https:\/\/api.w.org\/{rel}","templated":true}]}}