{"id":7660,"date":"2024-10-30T16:49:28","date_gmt":"2024-10-30T20:49:28","guid":{"rendered":"https:\/\/dev.proliquidpc.com\/boutique\/non%20class\u00e9\/lian-li-support-anti-affaissement-pour-carte-graphique-gb-001\/"},"modified":"2025-01-19T16:37:01","modified_gmt":"2025-01-19T21:37:01","slug":"lian-li-support-anti-affaissement-pour-carte-graphique-gb-001","status":"publish","type":"product","link":"https:\/\/proliquidpc.com\/fr\/boutique\/supports\/lian-li-support-anti-affaissement-pour-carte-graphique-gb-001\/","title":{"rendered":"Lian Li Support anti-affaissement pour carte graphique &#8211; GB-001"},"content":{"rendered":"<p>Lian Li Support anti-affaissement pour carte graphique<br \/>\nCompatible avec les cartes m\u00e8res de taille ATX et E-ATX. Fournir un support suppl\u00e9mentaire aux cartes graphiques. Am\u00e9liore l\u2019apparence de votre PC.<\/p>\n<p><iframe loading=\"lazy\" title=\"HOW TO INSTALL GB-001\" width=\"500\" height=\"281\" src=\"https:\/\/www.youtube.com\/embed\/dzPPlO-0ESo?feature=oembed\" frameborder=\"0\" allow=\"accelerometer; autoplay; clipboard-write; encrypted-media; gyroscope; picture-in-picture; web-share\" referrerpolicy=\"strict-origin-when-cross-origin\" allowfullscreen><\/iframe><\/p>\n","protected":false},"excerpt":{"rendered":"<p>Lian Li Support anti-affaissement pour carte graphique Compatible avec les cartes m\u00e8res de taille ATX et E-ATX. Fournir un support suppl\u00e9mentaire aux cartes graphiques. Am\u00e9liore l\u2019apparence de votre PC.<\/p>\n","protected":false},"featured_media":7661,"template":"","meta":{"_genesis_hide_title":false,"_genesis_hide_breadcrumbs":false,"_genesis_hide_singular_image":false,"_genesis_hide_footer_widgets":false,"_genesis_custom_body_class":"","_genesis_custom_post_class":"","_genesis_layout":""},"product_brand":[],"product_cat":[53],"product_tag":[],"class_list":{"0":"post-7660","1":"product","2":"type-product","3":"status-publish","4":"has-post-thumbnail","6":"product_cat-supports","7":"entry","9":"first","10":"instock","11":"taxable","12":"shipping-taxable","13":"purchasable","14":"product-type-simple"},"_links":{"self":[{"href":"https:\/\/proliquidpc.com\/fr\/wp-json\/wp\/v2\/product\/7660","targetHints":{"allow":["GET"]}}],"collection":[{"href":"https:\/\/proliquidpc.com\/fr\/wp-json\/wp\/v2\/product"}],"about":[{"href":"https:\/\/proliquidpc.com\/fr\/wp-json\/wp\/v2\/types\/product"}],"wp:featuredmedia":[{"embeddable":true,"href":"https:\/\/proliquidpc.com\/fr\/wp-json\/wp\/v2\/media\/7661"}],"wp:attachment":[{"href":"https:\/\/proliquidpc.com\/fr\/wp-json\/wp\/v2\/media?parent=7660"}],"wp:term":[{"taxonomy":"product_brand","embeddable":true,"href":"https:\/\/proliquidpc.com\/fr\/wp-json\/wp\/v2\/product_brand?post=7660"},{"taxonomy":"product_cat","embeddable":true,"href":"https:\/\/proliquidpc.com\/fr\/wp-json\/wp\/v2\/product_cat?post=7660"},{"taxonomy":"product_tag","embeddable":true,"href":"https:\/\/proliquidpc.com\/fr\/wp-json\/wp\/v2\/product_tag?post=7660"}],"curies":[{"name":"wp","href":"https:\/\/api.w.org\/{rel}","templated":true}]}}