{"id":7680,"date":"2024-10-30T16:50:45","date_gmt":"2024-10-30T20:50:45","guid":{"rendered":"https:\/\/dev.proliquidpc.com\/boutique\/non%20class\u00e9\/granzon-hard-fitting-14mm-od-gd-ft14-argent\/"},"modified":"2025-01-19T16:37:06","modified_gmt":"2025-01-19T21:37:06","slug":"granzon-hard-fitting-14mm-od-gd-ft14-argent","status":"publish","type":"product","link":"https:\/\/proliquidpc.com\/fr\/boutique\/fittings\/hard-fittings-14mm\/granzon-hard-fitting-14mm-od-gd-ft14-argent\/","title":{"rendered":"Granzon Hard fitting 14mm OD &#8211; GD-FT14 &#8211; Argent"},"content":{"rendered":"<p>Le Granzon G1\/4&Prime;in. Le fitting rigide de 14 mm de diam\u00e8tre ext\u00e9rieur a un design \u00e9l\u00e9gant qui permet une installation facile sans outil. Une poign\u00e9e convexe permet d\u2019installer facilement le fitting \u00e0 la main sans risque d\u2019endommager la finition. Cela donne \u00e9galement une esth\u00e9tique \u00e9l\u00e9gante et moderne.<\/p>\n<p>Fonctionnalit\u00e9s<br \/>\nEsth\u00e9tique nette et exquise<br \/>\nPeut r\u00e9sister \u00e0 une pression allant jusqu\u2019\u00e0 19 kg<\/p>\n<p>Sp\u00e9cifications<br \/>\nFiletage : G1\/4&Prime;<\/p>\n<p>Compatibilit\u00e9<br \/>\nBoucle : Non-aluminium<br \/>\nTube : tube rigide de 14 mm de diam\u00e8tre ext\u00e9rieur<\/p>\n<p>Pi\u00e8ces incluses<br \/>\n1x Granzon G1\/4&Prime; po. fitting rigide de 14 mm de diam\u00e8tre ext\u00e9rieur<\/p>\n<p>Avertissements<br \/>\nNous ne sommes pas responsables des dommages mat\u00e9riels.<\/p>\n","protected":false},"excerpt":{"rendered":"<p>Le Granzon G1\/4&Prime;in. Le fitting rigide de 14 mm de diam\u00e8tre ext\u00e9rieur a un design \u00e9l\u00e9gant qui permet une installation facile sans outil. Une poign\u00e9e convexe permet d\u2019installer facilement le fitting \u00e0 la main sans risque d\u2019endommager la finition. Cela donne \u00e9galement une esth\u00e9tique \u00e9l\u00e9gante et moderne. Fonctionnalit\u00e9s Esth\u00e9tique nette et exquise Peut r\u00e9sister \u00e0 [&hellip;]<\/p>\n","protected":false},"featured_media":7681,"template":"","meta":{"_genesis_hide_title":false,"_genesis_hide_breadcrumbs":false,"_genesis_hide_singular_image":false,"_genesis_hide_footer_widgets":false,"_genesis_custom_body_class":"","_genesis_custom_post_class":"","_genesis_layout":""},"product_brand":[],"product_cat":[29,34],"product_tag":[],"class_list":{"0":"post-7680","1":"product","2":"type-product","3":"status-publish","4":"has-post-thumbnail","6":"product_cat-fittings","7":"product_cat-hard-fittings-14mm","8":"entry","10":"first","11":"instock","12":"taxable","13":"shipping-taxable","14":"purchasable","15":"product-type-simple"},"_links":{"self":[{"href":"https:\/\/proliquidpc.com\/fr\/wp-json\/wp\/v2\/product\/7680","targetHints":{"allow":["GET"]}}],"collection":[{"href":"https:\/\/proliquidpc.com\/fr\/wp-json\/wp\/v2\/product"}],"about":[{"href":"https:\/\/proliquidpc.com\/fr\/wp-json\/wp\/v2\/types\/product"}],"wp:featuredmedia":[{"embeddable":true,"href":"https:\/\/proliquidpc.com\/fr\/wp-json\/wp\/v2\/media\/7681"}],"wp:attachment":[{"href":"https:\/\/proliquidpc.com\/fr\/wp-json\/wp\/v2\/media?parent=7680"}],"wp:term":[{"taxonomy":"product_brand","embeddable":true,"href":"https:\/\/proliquidpc.com\/fr\/wp-json\/wp\/v2\/product_brand?post=7680"},{"taxonomy":"product_cat","embeddable":true,"href":"https:\/\/proliquidpc.com\/fr\/wp-json\/wp\/v2\/product_cat?post=7680"},{"taxonomy":"product_tag","embeddable":true,"href":"https:\/\/proliquidpc.com\/fr\/wp-json\/wp\/v2\/product_tag?post=7680"}],"curies":[{"name":"wp","href":"https:\/\/api.w.org\/{rel}","templated":true}]}}