{"id":7696,"date":"2024-10-30T16:50:45","date_gmt":"2024-10-30T20:50:45","guid":{"rendered":"https:\/\/dev.proliquidpc.com\/boutique\/non%20class\u00e9\/granzon-male-a-femelle-0-90-fitting-coude-rotatif-multidirectionnel-gd-sk-argent\/"},"modified":"2025-01-19T16:37:12","modified_gmt":"2025-01-19T21:37:12","slug":"granzon-male-a-femelle-0-90-fitting-coude-rotatif-multidirectionnel-gd-sk-argent","status":"publish","type":"product","link":"https:\/\/proliquidpc.com\/fr\/boutique\/fittings\/45-90-190\/granzon-male-a-femelle-0-90-fitting-coude-rotatif-multidirectionnel-gd-sk-argent\/","title":{"rendered":"Granzon m\u00e2le \u00e0 femelle 0\u00b0 &#8211; 90\u00b0 Fitting coud\u00e9 rotatif multidirectionnel &#8211; GD-SK &#8211; Argent"},"content":{"rendered":"<p>Le Granzon G1\/4&Prime;in. Le fitting coud\u00e9 rotatif multidirectionnel m\u00e2le \u00e0 femelle de 0 \u00e0 90 degr\u00e9s est une solution rotative \u00e0 360 degr\u00e9s pour essayer de changer rapidement de direction dans votre boucle. Ce coude rotatif peut \u00eatre positionn\u00e9 de la ligne droite \u00e0 90 degr\u00e9s et tout ce qui se trouve entre les deux.<\/p>\n<p>Fonctionnalit\u00e9s<br \/>\njoints toriques d\u2019\u00e9tanch\u00e9it\u00e9 en nitrile \u00e0 trois couches int\u00e9gr\u00e9s<br \/>\nEsth\u00e9tique nette et exquise<br \/>\nSp\u00e9cifications<br \/>\nFiletage : G1\/4&Prime;<br \/>\nCompatibilit\u00e9<br \/>\nBoucle : Non-aluminium<br \/>\nPi\u00e8ces incluses<br \/>\n1x Granzon G1\/4&Prime; po. M\u00e2le \u00e0 femelle 0 &#8211; 90 degr\u00e9s Coude rotatif multidirectionnel<br \/>\nAvertissements<br \/>\nNous ne sommes pas responsables des dommages mat\u00e9riels.<\/p>\n","protected":false},"excerpt":{"rendered":"<p>Le Granzon G1\/4&Prime;in. Le fitting coud\u00e9 rotatif multidirectionnel m\u00e2le \u00e0 femelle de 0 \u00e0 90 degr\u00e9s est une solution rotative \u00e0 360 degr\u00e9s pour essayer de changer rapidement de direction dans votre boucle. Ce coude rotatif peut \u00eatre positionn\u00e9 de la ligne droite \u00e0 90 degr\u00e9s et tout ce qui se trouve entre les deux. [&hellip;]<\/p>\n","protected":false},"featured_media":7697,"template":"","meta":{"_genesis_hide_title":false,"_genesis_hide_breadcrumbs":false,"_genesis_hide_singular_image":false,"_genesis_hide_footer_widgets":false,"_genesis_custom_body_class":"","_genesis_custom_post_class":"","_genesis_layout":""},"product_brand":[],"product_cat":[45,29],"product_tag":[],"class_list":{"0":"post-7696","1":"product","2":"type-product","3":"status-publish","4":"has-post-thumbnail","6":"product_cat-45-90-190","7":"product_cat-fittings","8":"entry","10":"first","11":"instock","12":"taxable","13":"shipping-taxable","14":"purchasable","15":"product-type-simple"},"_links":{"self":[{"href":"https:\/\/proliquidpc.com\/fr\/wp-json\/wp\/v2\/product\/7696","targetHints":{"allow":["GET"]}}],"collection":[{"href":"https:\/\/proliquidpc.com\/fr\/wp-json\/wp\/v2\/product"}],"about":[{"href":"https:\/\/proliquidpc.com\/fr\/wp-json\/wp\/v2\/types\/product"}],"wp:featuredmedia":[{"embeddable":true,"href":"https:\/\/proliquidpc.com\/fr\/wp-json\/wp\/v2\/media\/7697"}],"wp:attachment":[{"href":"https:\/\/proliquidpc.com\/fr\/wp-json\/wp\/v2\/media?parent=7696"}],"wp:term":[{"taxonomy":"product_brand","embeddable":true,"href":"https:\/\/proliquidpc.com\/fr\/wp-json\/wp\/v2\/product_brand?post=7696"},{"taxonomy":"product_cat","embeddable":true,"href":"https:\/\/proliquidpc.com\/fr\/wp-json\/wp\/v2\/product_cat?post=7696"},{"taxonomy":"product_tag","embeddable":true,"href":"https:\/\/proliquidpc.com\/fr\/wp-json\/wp\/v2\/product_tag?post=7696"}],"curies":[{"name":"wp","href":"https:\/\/api.w.org\/{rel}","templated":true}]}}