{"id":7706,"date":"2024-10-30T16:50:45","date_gmt":"2024-10-30T20:50:45","guid":{"rendered":"https:\/\/dev.proliquidpc.com\/boutique\/non%20class\u00e9\/pompe-a-eau-granzon-gfm-pwm-ddc-avec-affichage-numerique-controle-de-vitesse-sans-fil-debit-700l-h-ascenseur-6-metres\/"},"modified":"2025-03-02T22:13:20","modified_gmt":"2025-03-03T03:13:20","slug":"pompe-a-eau-granzon-gfm-pwm-ddc-avec-affichage-numerique-controle-de-vitesse-sans-fil-debit-700l-h-ascenseur-6-metres","status":"publish","type":"product","link":"https:\/\/proliquidpc.com\/fr\/boutique\/pompes\/pompes-ddc\/pompe-a-eau-granzon-gfm-pwm-ddc-avec-affichage-numerique-controle-de-vitesse-sans-fil-debit-700l-h-ascenseur-6-metres\/","title":{"rendered":"Pompe \u00e0 eau Granzon GFM PWM DDC avec affichage num\u00e9rique, contr\u00f4le de vitesse sans fil, d\u00e9bit 700L\/h ascenseur 6 m\u00e8tres"},"content":{"rendered":"<p>La pompe de style Granzon PWM DDC avec affichage num\u00e9rique est une pompe de style DDC avec plusieurs lectures d\u2019affichage num\u00e9rique. La mise en \u00e9vidence des affichages d\u2019affichage est une conception de tachym\u00e8tre, l\u2019affichage en temps r\u00e9el de la vitesse de la pompe. Le contr\u00f4le de la vitesse peut \u00eatre r\u00e9gl\u00e9 manuellement par incr\u00e9ments de 100. Le mode automatique est \u00e9galement disponible lors de l\u2019utilisation de l\u2019en-t\u00eate PWM de votre carte m\u00e8re. Les d\u00e9bits, la tension et la charge sont \u00e9galement affich\u00e9s pour une vue d\u2019ensemble compl\u00e8te des performances de vos pompes. Gardez \u00e0 l\u2019esprit que le d\u00e9bit est bas\u00e9 sur la vitesse de la pompe. Cela signifie que plus votre r\u00e9sistance de boucle est faible, plus la lecture sera pr\u00e9cise. Pour la plupart des applications, il s\u2019agira d\u2019une simulation tr\u00e8s pr\u00e9cise.<\/p>\n<p>Sp\u00e9cifications<\/p>\n<p>Mat\u00e9riau : Aluminium (non en contact avec le liquide de refroidissement)<br \/>\nNoyau de pompe : CP-D3PB-X<br \/>\nR\u00e9gime : 1800-4800<br \/>\nAlimentation : DC12v<br \/>\nD\u00e9bit : 700L \/ h<br \/>\nT\u00eate : 6M<br \/>\nConnecteur : Molex 4 broches et retour de donn\u00e9es PWM+<br \/>\nCompatibilit\u00e9<\/p>\n<p>fitting : G1\/4&Prime; po. Fil<br \/>\nAppareil compatible : Adaptateur de pompe de radiateur Granzon GY-M, r\u00e9servoir Granzon GE-A180, plaques Bykski Distro, autres couvercles et r\u00e9servoirs compatibles DDC<br \/>\nPi\u00e8ces incluses<\/p>\n<p>4x vis de montage<br \/>\n1x pompe DDC<\/p>\n","protected":false},"excerpt":{"rendered":"<p>La pompe de style Granzon PWM DDC avec affichage num\u00e9rique est une pompe de style DDC avec plusieurs lectures d\u2019affichage num\u00e9rique. La mise en \u00e9vidence des affichages d\u2019affichage est une conception de tachym\u00e8tre, l\u2019affichage en temps r\u00e9el de la vitesse de la pompe. Le contr\u00f4le de la vitesse peut \u00eatre r\u00e9gl\u00e9 manuellement par incr\u00e9ments de [&hellip;]<\/p>\n","protected":false},"featured_media":7707,"template":"","meta":{"_genesis_hide_title":false,"_genesis_hide_breadcrumbs":false,"_genesis_hide_singular_image":false,"_genesis_hide_footer_widgets":false,"_genesis_custom_body_class":"","_genesis_custom_post_class":"","_genesis_layout":""},"product_brand":[],"product_cat":[46,47],"product_tag":[],"class_list":{"0":"post-7706","1":"product","2":"type-product","3":"status-publish","4":"has-post-thumbnail","6":"product_cat-pompes","7":"product_cat-pompes-ddc","8":"entry","10":"first","11":"instock","12":"taxable","13":"shipping-taxable","14":"purchasable","15":"product-type-simple"},"_links":{"self":[{"href":"https:\/\/proliquidpc.com\/fr\/wp-json\/wp\/v2\/product\/7706","targetHints":{"allow":["GET"]}}],"collection":[{"href":"https:\/\/proliquidpc.com\/fr\/wp-json\/wp\/v2\/product"}],"about":[{"href":"https:\/\/proliquidpc.com\/fr\/wp-json\/wp\/v2\/types\/product"}],"wp:featuredmedia":[{"embeddable":true,"href":"https:\/\/proliquidpc.com\/fr\/wp-json\/wp\/v2\/media\/7707"}],"wp:attachment":[{"href":"https:\/\/proliquidpc.com\/fr\/wp-json\/wp\/v2\/media?parent=7706"}],"wp:term":[{"taxonomy":"product_brand","embeddable":true,"href":"https:\/\/proliquidpc.com\/fr\/wp-json\/wp\/v2\/product_brand?post=7706"},{"taxonomy":"product_cat","embeddable":true,"href":"https:\/\/proliquidpc.com\/fr\/wp-json\/wp\/v2\/product_cat?post=7706"},{"taxonomy":"product_tag","embeddable":true,"href":"https:\/\/proliquidpc.com\/fr\/wp-json\/wp\/v2\/product_tag?post=7706"}],"curies":[{"name":"wp","href":"https:\/\/api.w.org\/{rel}","templated":true}]}}