{"id":7715,"date":"2024-10-30T16:50:45","date_gmt":"2024-10-30T20:50:45","guid":{"rendered":"https:\/\/dev.proliquidpc.com\/boutique\/non%20class\u00e9\/granzon-gh240mm-radiateurs-30mm-depaisseur\/"},"modified":"2025-01-19T16:37:20","modified_gmt":"2025-01-19T21:37:20","slug":"granzon-gh240mm-radiateurs-30mm-depaisseur","status":"publish","type":"product","link":"https:\/\/proliquidpc.com\/fr\/boutique\/radiateurs\/240mm\/granzon-gh240mm-radiateurs-30mm-depaisseur\/","title":{"rendered":"Granzon GH240mm radiateurs 30mm d&rsquo;\u00e9paisseur"},"content":{"rendered":"<p>Les radiateurs de la s\u00e9rie GH de Granzon sont con\u00e7us comme une solution modulaire. Des pi\u00e8ces optionnelles peuvent \u00eatre install\u00e9es pour \u00e9tendre la fonction du radiateur. L\u2019\u00e9paisseur du radiateur est de 30 mm, ce qui conf\u00e8re \u00e0 ce radiateur une flexibilit\u00e9 ultime. Le radiateur est dot\u00e9 de 14 ailettes par pouce et dispose \u00e9galement de 14 canaux.<\/p>\n<p>Fonctionnalit\u00e9s<br \/>\nConception \u00e0 14 canaux<br \/>\nFiletage standard G1\/4&Prime; de l\u2019industrie<br \/>\nSoudure \u00e0 haute temp\u00e9rature<br \/>\n\u00c9volutivit\u00e9, potentiel illimit\u00e9<br \/>\nSp\u00e9cifications<br \/>\nDimensions : 274,8 mm x 124,5 mm x 30 mm<br \/>\nPorts : 4<br \/>\nFiletage de l\u2019orifice : G1\/4&Prime;<br \/>\nFiletage de montage : M3<br \/>\nCanaux : 14<br \/>\nPression : 1,5 bar<br \/>\nDensit\u00e9 de l\u2019section : 14FPI<br \/>\nCompatibilit\u00e9<br \/>\nVentilateurs : 120 mm<br \/>\nPi\u00e8ces incluses<br \/>\n1xRadiateur<br \/>\n1x mat\u00e9riel de montage<br \/>\nAvertissements<br \/>\nVeuillez faire attention \u00e0 la longueur de la vis. Si la vis est trop longue, elle percera le radiateur et provoquera une fuite d\u2019eau, annulant ainsi la garantie. Le radiateur est livr\u00e9 avec des vis M3X30mm adapt\u00e9es aux ventilateurs de 120mm d\u2019\u00e9paisseur 25mm. Si vous souhaitez installer un ventilateur plus fin ou plus \u00e9pais, veuillez utiliser la bonne longueur de vis. (\u00c9paisseur du ventilateur + 5 mm max, non inclus). Certaines images secondaires montrent des pi\u00e8ces modulaires en option pour illustrer l\u2019expansivit\u00e9. Nous ne sommes pas responsables des dommages mat\u00e9riels. Utilisez-le \u00e0 vos risques et p\u00e9rils.<\/p>\n","protected":false},"excerpt":{"rendered":"<p>Les radiateurs de la s\u00e9rie GH de Granzon sont con\u00e7us comme une solution modulaire. Des pi\u00e8ces optionnelles peuvent \u00eatre install\u00e9es pour \u00e9tendre la fonction du radiateur. L\u2019\u00e9paisseur du radiateur est de 30 mm, ce qui conf\u00e8re \u00e0 ce radiateur une flexibilit\u00e9 ultime. Le radiateur est dot\u00e9 de 14 ailettes par pouce et dispose \u00e9galement de [&hellip;]<\/p>\n","protected":false},"featured_media":7716,"template":"","meta":{"_genesis_hide_title":false,"_genesis_hide_breadcrumbs":false,"_genesis_hide_singular_image":false,"_genesis_hide_footer_widgets":false,"_genesis_custom_body_class":"","_genesis_custom_post_class":"","_genesis_layout":""},"product_brand":[],"product_cat":[23,31],"product_tag":[],"class_list":{"0":"post-7715","1":"product","2":"type-product","3":"status-publish","4":"has-post-thumbnail","6":"product_cat-radiateurs","7":"product_cat-240mm","8":"entry","10":"first","11":"instock","12":"taxable","13":"shipping-taxable","14":"purchasable","15":"product-type-simple"},"_links":{"self":[{"href":"https:\/\/proliquidpc.com\/fr\/wp-json\/wp\/v2\/product\/7715","targetHints":{"allow":["GET"]}}],"collection":[{"href":"https:\/\/proliquidpc.com\/fr\/wp-json\/wp\/v2\/product"}],"about":[{"href":"https:\/\/proliquidpc.com\/fr\/wp-json\/wp\/v2\/types\/product"}],"wp:featuredmedia":[{"embeddable":true,"href":"https:\/\/proliquidpc.com\/fr\/wp-json\/wp\/v2\/media\/7716"}],"wp:attachment":[{"href":"https:\/\/proliquidpc.com\/fr\/wp-json\/wp\/v2\/media?parent=7715"}],"wp:term":[{"taxonomy":"product_brand","embeddable":true,"href":"https:\/\/proliquidpc.com\/fr\/wp-json\/wp\/v2\/product_brand?post=7715"},{"taxonomy":"product_cat","embeddable":true,"href":"https:\/\/proliquidpc.com\/fr\/wp-json\/wp\/v2\/product_cat?post=7715"},{"taxonomy":"product_tag","embeddable":true,"href":"https:\/\/proliquidpc.com\/fr\/wp-json\/wp\/v2\/product_tag?post=7715"}],"curies":[{"name":"wp","href":"https:\/\/api.w.org\/{rel}","templated":true}]}}