{"id":7748,"date":"2024-10-30T16:50:45","date_gmt":"2024-10-30T20:50:45","guid":{"rendered":"https:\/\/dev.proliquidpc.com\/boutique\/non%20class\u00e9\/barrow-lrc2-0-full-coverage-gpu-water-block-pour-gigabyte-aorus-4090-aurora-bs-gig4090-pa\/"},"modified":"2025-03-09T21:50:20","modified_gmt":"2025-03-10T01:50:20","slug":"barrow-lrc2-0-full-coverage-gpu-water-block-pour-gigabyte-aorus-4090-aurora-bs-gig4090-pa","status":"publish","type":"product","link":"https:\/\/proliquidpc.com\/fr\/boutique\/gpu-waterblock\/gpu-nvidia\/serie-4000\/barrow-lrc2-0-full-coverage-gpu-water-block-pour-gigabyte-aorus-4090-aurora-bs-gig4090-pa\/","title":{"rendered":"Barrow LRC2.0 full coverage GPU Water Block pour Gigabyte AORUS 4090 Aurora BS-GIG4090-PA"},"content":{"rendered":"<p>01 Position de refroidissement du Waterblock \u00e0 couverture compl\u00e8teEmplacement de refroidissement : c\u0153ur GPU, m\u00e9moire RAM, puce d&rsquo;alimentation MOS, capacit\u00e9 d&rsquo;inductance et de tantale, autres composants \u00e0 haut rendement thermique.<\/p>\n<p>02 Le principe de rayonnement du WaterblockLa backplate en cuivre la plus pure recouvre enti\u00e8rement les composants \u00e0 haute chauffe tels que le noyau GPU, la m\u00e9moire RAM, la puce d&rsquo;alimentation NOS, les condensateurs au tantale, etc. Gr\u00e2ce \u00e0 l&rsquo;\u00e9coulement de liquide, la chaleur qui est conduite vers le waterblock pour atteindre l&rsquo;objectif de refroidissement, ce qui garantit que les joueurs peuvent avoir une bonne exp\u00e9rience de jeu et que le PC reste stable avec des performances d&rsquo;overclocking stables.<\/p>\n<p>03 Mod\u00e8le de GPU compatible avec le Waterblock<br \/>\n\u2022 GIGABYTE RTX4090 GAMING OC 24G<br \/>\n\u2022 GIGABYTE AORUS RTX4090 MASTER 24G<\/p>\n<p>04 Conception de refroidissement \u00e0 trois couches du noyauConception de refroidissement \u00e0 trois couches du noyau de doigt froid, le liquide de refroidissement peut absorber plus fortement les calories du refroidissement du noyau du GPU et am\u00e9liorer l&rsquo;efficacit\u00e9 du refroidissement.<\/p>\n<p>05 Mat\u00e9riau en cuivre super \u00e9pais de 10 mm La mati\u00e8re premi\u00e8re en cuivre super \u00e9pais de 10 mm est fabriqu\u00e9e par traitement CNC. Le mat\u00e9riau est solide. La surface est trait\u00e9e avec un placage de nickel anti-oxydatuib, ce qui prolonge la dur\u00e9e de vie. Gr\u00e2ce au mat\u00e9riau utilis\u00e9 pour l&rsquo;\u00e9paississement de la plaque. Cela permet d&rsquo;obtenir la structure d&rsquo;\u00e9tanch\u00e9it\u00e9 monocouche et d&rsquo;augmenter la zone de couverture de l&rsquo;\u00e9coulement de l&rsquo;eau. Il am\u00e9liore non seulement la stabilit\u00e9 de l&rsquo;\u00e9tanch\u00e9it\u00e9 du GPU, mais est \u00e9galement plus propice \u00e0 l&rsquo;absorption et \u00e0 la conduite uniformes de la chaleur de chaque partie chauffante du GPU. Avec la conception de la structure de r\u00e9duction de poids, le poids du produit est r\u00e9duit et la charge portante du GPU est \u00e9videmment r\u00e9duite.<\/p>\n<p>06 Standard \u00e9quip\u00e9 d&rsquo;une backplate en aluminium\u00c9quip\u00e9 d&rsquo;une backplate en alliage d&rsquo;aluminium, il peut fournir tous les aspects de la protection pour le GPU, et l&rsquo;efficacit\u00e9 de la dispersion de la chaleur vers le GPU. La taille du panneau arri\u00e8re est proche de la longueur du PCB GPU, ce qui laisse plus d&rsquo;espace pour le bo\u00eetier afin d&rsquo;\u00e9tendre d&rsquo;autres mat\u00e9riels.<\/p>\n<p>07 Panneau acrylique original import\u00e9 \u00e0 haute transparenceLes mati\u00e8res premi\u00e8res acryliques import\u00e9es r\u00e9sistantes aux temp\u00e9ratures et \u00e0 haute transparence ont une transparence plus \u00e9lev\u00e9e, une dur\u00e9e de vie plus longue, aucun changement de couleur, aucune fissuration et une \u00e9mission pleine d&rsquo;effets d&rsquo;\u00e9clairage internes brillants.<\/p>\n<p>08 Microcanal \u00e0 jet haute densit\u00e9La grande zone de passage de l&rsquo;eau comporte jusqu&rsquo;\u00e0 43 canaux microcr\u00e9o, chacun avec des fentes de d\u00e9gagement du fond et 5+3 canaux asym\u00e9triques (largeur de rainure de 0,5 mm + intervalle de 0,3 mm). La surface de contact entre le liquide de refroidissement et la plaque de base est augment\u00e9e et l&rsquo;efficacit\u00e9 de dissipation thermique du Waterblock est am\u00e9lior\u00e9e.<\/p>\n<p>09 Monture plaqu\u00e9e cuivre-nickelEn tant que mat\u00e9riau principal de la semelle, le cuivre avec une conductivit\u00e9 thermique inf\u00e9rieure \u00e0 celle de l&rsquo;argent, a une absorption de chaleur \u00e9lev\u00e9e et une efficacit\u00e9 de transfert de chaleur. La surface adopte le processus de nickelage miroir, ce qui peut emp\u00eacher efficacement l&rsquo;oxydation de la semelle et augmenter la dur\u00e9e de vie.<\/p>\n<p>10 Apparence T\u00eate de pont brevet\u00e9eConception d&rsquo;apparence unique, ainsi que le logo translucide rendent l&rsquo;effet d&rsquo;\u00e9clairage plus magnifique.<\/p>\n<p>11 Effets d&rsquo;\u00e9clairage showLes courroies de lampe et les perles de recouvrement de la version 2.0 peuvent produire des effets d&rsquo;\u00e9clairage statiques et dynamiques asynchrones, c&rsquo;est-\u00e0-dire que chaque perle de lampe peut changer de couleur ind\u00e9pendamment au cours de la m\u00eame p\u00e9riode. Les composants d&rsquo;\u00e9clairage RGB amovibles int\u00e9gr\u00e9s peuvent remplacer les composants d&rsquo;\u00e9clairage en fonction des besoins r\u00e9els.<\/p>\n<p>12 Syst\u00e8me de contr\u00f4le 2.0LRC Le syst\u00e8me de contr\u00f4le de l&rsquo;\u00e9clairage RVB couleur 2.0 comprend la version 2.0 du contr\u00f4leur manuel et la t\u00e9l\u00e9commande 16 canaux de BARROW. Il peut \u00eatre compatible avec les composants d&rsquo;\u00e9clairage RGB et d&rsquo;autres produits ind\u00e9pendants, ainsi qu&rsquo;avec les composants d&rsquo;\u00e9clairage int\u00e9gr\u00e9s de toutes les versions 2.0 de BARROW.<\/p>\n","protected":false},"excerpt":{"rendered":"<p>01 Position de refroidissement du Waterblock \u00e0 couverture compl\u00e8teEmplacement de refroidissement : c\u0153ur GPU, m\u00e9moire RAM, puce d&rsquo;alimentation MOS, capacit\u00e9 d&rsquo;inductance et de tantale, autres composants \u00e0 haut rendement thermique. 02 Le principe de rayonnement du WaterblockLa backplate en cuivre la plus pure recouvre enti\u00e8rement les composants \u00e0 haute chauffe tels que le noyau GPU, [&hellip;]<\/p>\n","protected":false},"featured_media":7749,"template":"","meta":{"_genesis_hide_title":false,"_genesis_hide_breadcrumbs":false,"_genesis_hide_singular_image":false,"_genesis_hide_footer_widgets":false,"_genesis_custom_body_class":"","_genesis_custom_post_class":"","_genesis_layout":""},"product_brand":[233],"product_cat":[39,40,38],"product_tag":[],"class_list":{"0":"post-7748","1":"product","2":"type-product","3":"status-publish","4":"has-post-thumbnail","6":"product_brand-barrow","7":"product_cat-gpu-nvidia","8":"product_cat-serie-4000","9":"product_cat-gpu-waterblock","10":"entry","12":"first","13":"outofstock","14":"taxable","15":"shipping-taxable","16":"purchasable","17":"product-type-simple"},"_links":{"self":[{"href":"https:\/\/proliquidpc.com\/fr\/wp-json\/wp\/v2\/product\/7748","targetHints":{"allow":["GET"]}}],"collection":[{"href":"https:\/\/proliquidpc.com\/fr\/wp-json\/wp\/v2\/product"}],"about":[{"href":"https:\/\/proliquidpc.com\/fr\/wp-json\/wp\/v2\/types\/product"}],"wp:featuredmedia":[{"embeddable":true,"href":"https:\/\/proliquidpc.com\/fr\/wp-json\/wp\/v2\/media\/7749"}],"wp:attachment":[{"href":"https:\/\/proliquidpc.com\/fr\/wp-json\/wp\/v2\/media?parent=7748"}],"wp:term":[{"taxonomy":"product_brand","embeddable":true,"href":"https:\/\/proliquidpc.com\/fr\/wp-json\/wp\/v2\/product_brand?post=7748"},{"taxonomy":"product_cat","embeddable":true,"href":"https:\/\/proliquidpc.com\/fr\/wp-json\/wp\/v2\/product_cat?post=7748"},{"taxonomy":"product_tag","embeddable":true,"href":"https:\/\/proliquidpc.com\/fr\/wp-json\/wp\/v2\/product_tag?post=7748"}],"curies":[{"name":"wp","href":"https:\/\/api.w.org\/{rel}","templated":true}]}}