{"id":7759,"date":"2024-10-30T16:50:45","date_gmt":"2024-10-30T20:50:45","guid":{"rendered":"https:\/\/dev.proliquidpc.com\/boutique\/non%20class\u00e9\/cordon-de-cintrage-en-silicone-pour-tubes-rigides-8-mm-barrow-gjsgw-8\/"},"modified":"2025-03-09T21:50:25","modified_gmt":"2025-03-10T01:50:25","slug":"cordon-de-cintrage-en-silicone-pour-tubes-rigides-8-mm-barrow-gjsgw-8","status":"publish","type":"product","link":"https:\/\/proliquidpc.com\/fr\/boutique\/outils\/cordon-de-cintrage-en-silicone-pour-tubes-rigides-8-mm-barrow-gjsgw-8\/","title":{"rendered":"Cordon de cintrage en silicone pour tubes rigides 8 mm Barrow &#8211; GJSGW-8"},"content":{"rendered":"<p>Le cordon de flexion en silicone Barrow est con\u00e7u pour vous aider \u00e0 plier ou \u00e0 fa\u00e7onner plus efficacement et plus pr\u00e9cis\u00e9ment votre tube dur.<\/p>\n<p>Afin de plier un tube rigide sans le casser, vous devez utiliser un pistolet thermique pour adoucir le tube et le rendre flexible. Alors qu\u2019il est dans son \u00e9tat flexible, les parois sont capables de s\u2019effondrer sur elles-m\u00eames et d\u2019ab\u00eemer votre tube. L\u2019utilisation d\u2019un insert en silicone emp\u00eachera les parois du tube de se d\u00e9former ou de s\u2019effondrer pendant le processus de chauffage et de pliage.<\/p>\n<p>Chaque insert de pliage mesure 1 m de long pour une utilisation avec la plupart des tubes rigides de sa taille. Les cordons de flexion en silicone Barrow sont disponibles en tailles 12 mm, 10 mm et 8 mm et ne peuvent \u00eatre utilis\u00e9s qu\u2019avec leurs tubes respectifs.<\/p>\n","protected":false},"excerpt":{"rendered":"<p>Le cordon de flexion en silicone Barrow est con\u00e7u pour vous aider \u00e0 plier ou \u00e0 fa\u00e7onner plus efficacement et plus pr\u00e9cis\u00e9ment votre tube dur. Afin de plier un tube rigide sans le casser, vous devez utiliser un pistolet thermique pour adoucir le tube et le rendre flexible. Alors qu\u2019il est dans son \u00e9tat flexible, [&hellip;]<\/p>\n","protected":false},"featured_media":7760,"template":"","meta":{"_genesis_hide_title":false,"_genesis_hide_breadcrumbs":false,"_genesis_hide_singular_image":false,"_genesis_hide_footer_widgets":false,"_genesis_custom_body_class":"","_genesis_custom_post_class":"","_genesis_layout":""},"product_brand":[233],"product_cat":[44],"product_tag":[],"class_list":{"0":"post-7759","1":"product","2":"type-product","3":"status-publish","4":"has-post-thumbnail","6":"product_brand-barrow","7":"product_cat-outils","8":"entry","10":"first","11":"instock","12":"taxable","13":"shipping-taxable","14":"purchasable","15":"product-type-simple"},"_links":{"self":[{"href":"https:\/\/proliquidpc.com\/fr\/wp-json\/wp\/v2\/product\/7759","targetHints":{"allow":["GET"]}}],"collection":[{"href":"https:\/\/proliquidpc.com\/fr\/wp-json\/wp\/v2\/product"}],"about":[{"href":"https:\/\/proliquidpc.com\/fr\/wp-json\/wp\/v2\/types\/product"}],"wp:featuredmedia":[{"embeddable":true,"href":"https:\/\/proliquidpc.com\/fr\/wp-json\/wp\/v2\/media\/7760"}],"wp:attachment":[{"href":"https:\/\/proliquidpc.com\/fr\/wp-json\/wp\/v2\/media?parent=7759"}],"wp:term":[{"taxonomy":"product_brand","embeddable":true,"href":"https:\/\/proliquidpc.com\/fr\/wp-json\/wp\/v2\/product_brand?post=7759"},{"taxonomy":"product_cat","embeddable":true,"href":"https:\/\/proliquidpc.com\/fr\/wp-json\/wp\/v2\/product_cat?post=7759"},{"taxonomy":"product_tag","embeddable":true,"href":"https:\/\/proliquidpc.com\/fr\/wp-json\/wp\/v2\/product_tag?post=7759"}],"curies":[{"name":"wp","href":"https:\/\/api.w.org\/{rel}","templated":true}]}}