{"id":7762,"date":"2024-10-30T16:50:45","date_gmt":"2024-10-30T20:50:45","guid":{"rendered":"https:\/\/dev.proliquidpc.com\/boutique\/non%20class\u00e9\/granzon-gzmn360-pompe-integree-radiateur-combinaison-systeme-de-refroidissement-par-eau-aio-mince\/"},"modified":"2025-01-19T16:37:38","modified_gmt":"2025-01-19T21:37:38","slug":"granzon-gzmn360-pompe-integree-radiateur-combinaison-systeme-de-refroidissement-par-eau-aio-mince","status":"publish","type":"product","link":"https:\/\/proliquidpc.com\/fr\/boutique\/radiateurs\/all-in-one\/granzon-gzmn360-pompe-integree-radiateur-combinaison-systeme-de-refroidissement-par-eau-aio-mince\/","title":{"rendered":"Granzon GZMN360 Pompe int\u00e9gr\u00e9e Radiateur Combinaison Syst\u00e8me de refroidissement par eau AIO mince"},"content":{"rendered":"<p>Granzon GZMN 360mm Pompe int\u00e9gr\u00e9e Radiateur Combinaison Syst\u00e8me de refroidissement par eau AIO Section mince pour ventilateurs 120 * 120mm<\/p>\n","protected":false},"excerpt":{"rendered":"<p>Granzon GZMN 360mm Pompe int\u00e9gr\u00e9e Radiateur Combinaison Syst\u00e8me de refroidissement par eau AIO Section mince pour ventilateurs 120 * 120mm<\/p>\n","protected":false},"featured_media":7763,"template":"","meta":{"_genesis_hide_title":false,"_genesis_hide_breadcrumbs":false,"_genesis_hide_singular_image":false,"_genesis_hide_footer_widgets":false,"_genesis_custom_body_class":"","_genesis_custom_post_class":"","_genesis_layout":""},"product_brand":[],"product_cat":[55,23],"product_tag":[],"class_list":{"0":"post-7762","1":"product","2":"type-product","3":"status-publish","4":"has-post-thumbnail","6":"product_cat-all-in-one","7":"product_cat-radiateurs","8":"entry","10":"first","11":"instock","12":"taxable","13":"shipping-taxable","14":"purchasable","15":"product-type-simple"},"_links":{"self":[{"href":"https:\/\/proliquidpc.com\/fr\/wp-json\/wp\/v2\/product\/7762","targetHints":{"allow":["GET"]}}],"collection":[{"href":"https:\/\/proliquidpc.com\/fr\/wp-json\/wp\/v2\/product"}],"about":[{"href":"https:\/\/proliquidpc.com\/fr\/wp-json\/wp\/v2\/types\/product"}],"wp:featuredmedia":[{"embeddable":true,"href":"https:\/\/proliquidpc.com\/fr\/wp-json\/wp\/v2\/media\/7763"}],"wp:attachment":[{"href":"https:\/\/proliquidpc.com\/fr\/wp-json\/wp\/v2\/media?parent=7762"}],"wp:term":[{"taxonomy":"product_brand","embeddable":true,"href":"https:\/\/proliquidpc.com\/fr\/wp-json\/wp\/v2\/product_brand?post=7762"},{"taxonomy":"product_cat","embeddable":true,"href":"https:\/\/proliquidpc.com\/fr\/wp-json\/wp\/v2\/product_cat?post=7762"},{"taxonomy":"product_tag","embeddable":true,"href":"https:\/\/proliquidpc.com\/fr\/wp-json\/wp\/v2\/product_tag?post=7762"}],"curies":[{"name":"wp","href":"https:\/\/api.w.org\/{rel}","templated":true}]}}