{"id":7770,"date":"2024-10-30T16:50:45","date_gmt":"2024-10-30T20:50:45","guid":{"rendered":"https:\/\/dev.proliquidpc.com\/boutique\/non%20class\u00e9\/support-de-fan-iceman-cooler-ice-bx12\/"},"modified":"2025-03-03T14:13:55","modified_gmt":"2025-03-03T19:13:55","slug":"support-de-fan-iceman-cooler-ice-bx12","status":"publish","type":"product","link":"https:\/\/proliquidpc.com\/fr\/boutique\/supports\/support-de-fan-iceman-cooler-ice-bx12\/","title":{"rendered":"Support de fan ICEMan Cooler &#8211; ICE-BX12"},"content":{"rendered":"<p>IceManCooler 120 Support de position de ventilateur<\/p>\n<p>Convient \u00e0 la plupart des produits IceManCooler pour fixer la position du ventilateur.<\/p>\n<p>Le support est fabriqu\u00e9 en t\u00f4le d\u2019acier \u00e0 haute r\u00e9sistance de 1,5 mm.<\/p>\n<p>La surface est rev\u00eatue de poudre noir mat, le processus est coh\u00e9rent avec le ch\u00e2ssis, r\u00e9sistant \u00e0 l\u2019usure et ne se d\u00e9colle pas de la peinture.<\/p>\n<p>Pour les dimensions d\u00e9taill\u00e9es, veuillez vous r\u00e9f\u00e9rer aux dessins dimensionnels<\/p>\n<p>Les vis de montage ne sont pas incluses !<\/p>\n<p>Tous les produits IceManCooler sont livr\u00e9s avec des vis pour le montage.<\/p>\n","protected":false},"excerpt":{"rendered":"<p>IceManCooler 120 Support de position de ventilateur Convient \u00e0 la plupart des produits IceManCooler pour fixer la position du ventilateur. Le support est fabriqu\u00e9 en t\u00f4le d\u2019acier \u00e0 haute r\u00e9sistance de 1,5 mm. La surface est rev\u00eatue de poudre noir mat, le processus est coh\u00e9rent avec le ch\u00e2ssis, r\u00e9sistant \u00e0 l\u2019usure et ne se d\u00e9colle [&hellip;]<\/p>\n","protected":false},"featured_media":7771,"template":"","meta":{"_genesis_hide_title":false,"_genesis_hide_breadcrumbs":false,"_genesis_hide_singular_image":false,"_genesis_hide_footer_widgets":false,"_genesis_custom_body_class":"","_genesis_custom_post_class":"","_genesis_layout":""},"product_brand":[],"product_cat":[53],"product_tag":[],"class_list":{"0":"post-7770","1":"product","2":"type-product","3":"status-publish","4":"has-post-thumbnail","6":"product_cat-supports","7":"entry","9":"first","10":"instock","11":"taxable","12":"shipping-taxable","13":"purchasable","14":"product-type-simple"},"_links":{"self":[{"href":"https:\/\/proliquidpc.com\/fr\/wp-json\/wp\/v2\/product\/7770","targetHints":{"allow":["GET"]}}],"collection":[{"href":"https:\/\/proliquidpc.com\/fr\/wp-json\/wp\/v2\/product"}],"about":[{"href":"https:\/\/proliquidpc.com\/fr\/wp-json\/wp\/v2\/types\/product"}],"wp:featuredmedia":[{"embeddable":true,"href":"https:\/\/proliquidpc.com\/fr\/wp-json\/wp\/v2\/media\/7771"}],"wp:attachment":[{"href":"https:\/\/proliquidpc.com\/fr\/wp-json\/wp\/v2\/media?parent=7770"}],"wp:term":[{"taxonomy":"product_brand","embeddable":true,"href":"https:\/\/proliquidpc.com\/fr\/wp-json\/wp\/v2\/product_brand?post=7770"},{"taxonomy":"product_cat","embeddable":true,"href":"https:\/\/proliquidpc.com\/fr\/wp-json\/wp\/v2\/product_cat?post=7770"},{"taxonomy":"product_tag","embeddable":true,"href":"https:\/\/proliquidpc.com\/fr\/wp-json\/wp\/v2\/product_tag?post=7770"}],"curies":[{"name":"wp","href":"https:\/\/api.w.org\/{rel}","templated":true}]}}