{"id":7773,"date":"2024-10-30T16:50:45","date_gmt":"2024-10-30T20:50:45","guid":{"rendered":"https:\/\/dev.proliquidpc.com\/boutique\/non%20class\u00e9\/debitmetre-iceman-cooler-ice-r3-blanc\/"},"modified":"2025-02-19T03:31:50","modified_gmt":"2025-02-19T08:31:50","slug":"debitmetre-iceman-cooler-ice-r3-blanc","status":"publish","type":"product","link":"https:\/\/proliquidpc.com\/fr\/boutique\/flow-meter-capteur-de-temperature\/debitmetre-iceman-cooler-ice-r3-blanc\/","title":{"rendered":"D\u00e9bitm\u00e8tre IceMan Cooler &#8211; ICE-R3 &#8211; Blanc"},"content":{"rendered":"<p>Le d\u00e9bitm\u00e8tre de refroidisseur IceMan &#8211; ICE-R3 est un composant con\u00e7u pour mesurer le d\u00e9bit de liquide de refroidissement dans un syst\u00e8me de refroidissement liquide.<\/p>\n","protected":false},"excerpt":{"rendered":"<p>Le d\u00e9bitm\u00e8tre de refroidisseur IceMan &#8211; ICE-R3 est un composant con\u00e7u pour mesurer le d\u00e9bit de liquide de refroidissement dans un syst\u00e8me de refroidissement liquide.<\/p>\n","protected":false},"featured_media":7774,"template":"","meta":{"_genesis_hide_title":false,"_genesis_hide_breadcrumbs":false,"_genesis_hide_singular_image":false,"_genesis_hide_footer_widgets":false,"_genesis_custom_body_class":"","_genesis_custom_post_class":"","_genesis_layout":""},"product_brand":[],"product_cat":[68],"product_tag":[],"class_list":{"0":"post-7773","1":"product","2":"type-product","3":"status-publish","4":"has-post-thumbnail","6":"product_cat-flow-meter-capteur-de-temperature","7":"entry","9":"first","10":"instock","11":"taxable","12":"shipping-taxable","13":"purchasable","14":"product-type-simple"},"_links":{"self":[{"href":"https:\/\/proliquidpc.com\/fr\/wp-json\/wp\/v2\/product\/7773","targetHints":{"allow":["GET"]}}],"collection":[{"href":"https:\/\/proliquidpc.com\/fr\/wp-json\/wp\/v2\/product"}],"about":[{"href":"https:\/\/proliquidpc.com\/fr\/wp-json\/wp\/v2\/types\/product"}],"wp:featuredmedia":[{"embeddable":true,"href":"https:\/\/proliquidpc.com\/fr\/wp-json\/wp\/v2\/media\/7774"}],"wp:attachment":[{"href":"https:\/\/proliquidpc.com\/fr\/wp-json\/wp\/v2\/media?parent=7773"}],"wp:term":[{"taxonomy":"product_brand","embeddable":true,"href":"https:\/\/proliquidpc.com\/fr\/wp-json\/wp\/v2\/product_brand?post=7773"},{"taxonomy":"product_cat","embeddable":true,"href":"https:\/\/proliquidpc.com\/fr\/wp-json\/wp\/v2\/product_cat?post=7773"},{"taxonomy":"product_tag","embeddable":true,"href":"https:\/\/proliquidpc.com\/fr\/wp-json\/wp\/v2\/product_tag?post=7773"}],"curies":[{"name":"wp","href":"https:\/\/api.w.org\/{rel}","templated":true}]}}