{"id":7780,"date":"2024-10-30T16:50:45","date_gmt":"2024-10-30T20:50:45","guid":{"rendered":"https:\/\/dev.proliquidpc.com\/boutique\/non%20class\u00e9\/iceman-cooler-13e-generation-waterblock-a-matrice-directe-ice-dwb12\/"},"modified":"2025-04-13T14:32:44","modified_gmt":"2025-04-13T18:32:44","slug":"iceman-cooler-13e-generation-waterblock-a-matrice-directe-ice-dwb12","status":"publish","type":"product","link":"https:\/\/proliquidpc.com\/fr\/boutique\/cpu-waterblock\/cpu-intel\/iceman-cooler-13e-generation-waterblock-a-matrice-directe-ice-dwb12\/","title":{"rendered":"IceMan Cooler 13e g\u00e9n\u00e9ration Waterblock \u00e0 matrice directe &#8211; ICE-DWB12"},"content":{"rendered":"<p>Bloc d\u2019eau \u00e0 matrice directe de 13e g\u00e9n\u00e9ration<\/p>\n<p>Marque :IceManCooler<\/p>\n<p>Mod\u00e8le :ICE-RGB<\/p>\n<p>Couleur : Rouge \/ Noir \/ Bleu<\/p>\n<p>Compatibilit\u00e9 :Intel LGA115X \/ LGA2011 \/ 2066 ,AM2 \/ AM3 \/ AM4<\/p>\n<p>Mat\u00e9riaux :Cuivre, Aluminium, Acrylique<\/p>\n","protected":false},"excerpt":{"rendered":"<p>Bloc d\u2019eau \u00e0 matrice directe de 13e g\u00e9n\u00e9ration Marque :IceManCooler Mod\u00e8le :ICE-RGB Couleur : Rouge \/ Noir \/ Bleu Compatibilit\u00e9 :Intel LGA115X \/ LGA2011 \/ 2066 ,AM2 \/ AM3 \/ AM4 Mat\u00e9riaux :Cuivre, Aluminium, Acrylique<\/p>\n","protected":false},"featured_media":7781,"template":"","meta":{"_genesis_hide_title":false,"_genesis_hide_breadcrumbs":false,"_genesis_hide_singular_image":false,"_genesis_hide_footer_widgets":false,"_genesis_custom_body_class":"","_genesis_custom_post_class":"","_genesis_layout":""},"product_brand":[],"product_cat":[43,36],"product_tag":[],"class_list":{"0":"post-7780","1":"product","2":"type-product","3":"status-publish","4":"has-post-thumbnail","6":"product_cat-cpu-intel","7":"product_cat-cpu-waterblock","8":"entry","10":"first","11":"outofstock","12":"taxable","13":"shipping-taxable","14":"purchasable","15":"product-type-simple"},"_links":{"self":[{"href":"https:\/\/proliquidpc.com\/fr\/wp-json\/wp\/v2\/product\/7780","targetHints":{"allow":["GET"]}}],"collection":[{"href":"https:\/\/proliquidpc.com\/fr\/wp-json\/wp\/v2\/product"}],"about":[{"href":"https:\/\/proliquidpc.com\/fr\/wp-json\/wp\/v2\/types\/product"}],"wp:featuredmedia":[{"embeddable":true,"href":"https:\/\/proliquidpc.com\/fr\/wp-json\/wp\/v2\/media\/7781"}],"wp:attachment":[{"href":"https:\/\/proliquidpc.com\/fr\/wp-json\/wp\/v2\/media?parent=7780"}],"wp:term":[{"taxonomy":"product_brand","embeddable":true,"href":"https:\/\/proliquidpc.com\/fr\/wp-json\/wp\/v2\/product_brand?post=7780"},{"taxonomy":"product_cat","embeddable":true,"href":"https:\/\/proliquidpc.com\/fr\/wp-json\/wp\/v2\/product_cat?post=7780"},{"taxonomy":"product_tag","embeddable":true,"href":"https:\/\/proliquidpc.com\/fr\/wp-json\/wp\/v2\/product_tag?post=7780"}],"curies":[{"name":"wp","href":"https:\/\/api.w.org\/{rel}","templated":true}]}}