{"id":7791,"date":"2024-10-30T16:50:45","date_gmt":"2024-10-30T20:50:45","guid":{"rendered":"https:\/\/dev.proliquidpc.com\/boutique\/non%20class\u00e9\/thermal-grizzly-kryonaut-graisse-thermique-ultra-haute-performance\/"},"modified":"2026-03-05T02:49:27","modified_gmt":"2026-03-05T07:49:27","slug":"thermal-grizzly-kryonaut-graisse-thermique-ultra-haute-performance","status":"publish","type":"product","link":"https:\/\/proliquidpc.com\/fr\/boutique\/pate-thermique\/thermal-grizzly-kryonaut-graisse-thermique-ultra-haute-performance\/","title":{"rendered":"Thermal Grizzly Kryonaut Graisse thermique ultra haute performance"},"content":{"rendered":"<p>La p\u00e2te thermique Kryonaut a \u00e9t\u00e9 cr\u00e9\u00e9e sp\u00e9cialement pour les applications extr\u00eamement exigeantes et les attentes les plus \u00e9lev\u00e9es de la communaut\u00e9 de l\u2019overclocking. Kryonaut est \u00e9galement fortement recommand\u00e9 comme un produit de premier ordre pour les syst\u00e8mes de refroidissement critiques dans l\u2019environnement industriel.<\/p>\n<p>con\u00e7u pour l\u2019overclocking<br \/>\nExcellente conductivit\u00e9 thermique<br \/>\npas de durcissement<br \/>\nDurabilit\u00e9 \u00e0 long terme<br \/>\nPas de conductivit\u00e9 \u00e9lectrique !<br \/>\n\u00ab Kryo \u00bb &#8211; le mot grec pour \u00ab froid \u00bb &#8211; \u00e9galement trouv\u00e9 dans le mot allemand pour \u00ab cryoing\u00e9nierie \u00bb, sugg\u00e8re que cette p\u00e2te thermique a \u00e9t\u00e9 cr\u00e9\u00e9e sp\u00e9cialement pour les applications cryog\u00e9niques &#8211; pour les vrais \u00ab Kryonautes \u00bb parmi les \u00ab overclockers extr\u00eames \u00bb.<\/p>\n<p>Kryonaut utilise une structure sp\u00e9ciale, qui arr\u00eate le processus de s\u00e9chage \u00e0 des temp\u00e9ratures allant jusqu\u2019\u00e0 80\u00b0 Celsius. Cette structure porteuse garantit que les composants nano-aluminium et oxyde de zinc de la p\u00e2te se lient de mani\u00e8re optimale, pour compenser les irr\u00e9gularit\u00e9s du composant (c\u2019est-\u00e0-dire le CPU) ou du dissipateur thermique, obtenant ainsi un transfert de chaleur remarquable.<\/p>\n","protected":false},"excerpt":{"rendered":"<p>La p\u00e2te thermique Kryonaut a \u00e9t\u00e9 cr\u00e9\u00e9e sp\u00e9cialement pour les applications extr\u00eamement exigeantes et les attentes les plus \u00e9lev\u00e9es de la communaut\u00e9 de l\u2019overclocking. Kryonaut est \u00e9galement fortement recommand\u00e9 comme un produit de premier ordre pour les syst\u00e8mes de refroidissement critiques dans l\u2019environnement industriel. con\u00e7u pour l\u2019overclocking Excellente conductivit\u00e9 thermique pas de durcissement Durabilit\u00e9 \u00e0 [&hellip;]<\/p>\n","protected":false},"featured_media":7792,"template":"","meta":{"_genesis_hide_title":false,"_genesis_hide_breadcrumbs":false,"_genesis_hide_singular_image":false,"_genesis_hide_footer_widgets":false,"_genesis_custom_body_class":"","_genesis_custom_post_class":"","_genesis_layout":""},"product_brand":[],"product_cat":[72],"product_tag":[],"class_list":{"0":"post-7791","1":"product","2":"type-product","3":"status-publish","4":"has-post-thumbnail","6":"product_cat-pate-thermique","7":"entry","9":"first","10":"instock","11":"taxable","12":"shipping-taxable","13":"purchasable","14":"product-type-simple"},"_links":{"self":[{"href":"https:\/\/proliquidpc.com\/fr\/wp-json\/wp\/v2\/product\/7791","targetHints":{"allow":["GET"]}}],"collection":[{"href":"https:\/\/proliquidpc.com\/fr\/wp-json\/wp\/v2\/product"}],"about":[{"href":"https:\/\/proliquidpc.com\/fr\/wp-json\/wp\/v2\/types\/product"}],"wp:featuredmedia":[{"embeddable":true,"href":"https:\/\/proliquidpc.com\/fr\/wp-json\/wp\/v2\/media\/7792"}],"wp:attachment":[{"href":"https:\/\/proliquidpc.com\/fr\/wp-json\/wp\/v2\/media?parent=7791"}],"wp:term":[{"taxonomy":"product_brand","embeddable":true,"href":"https:\/\/proliquidpc.com\/fr\/wp-json\/wp\/v2\/product_brand?post=7791"},{"taxonomy":"product_cat","embeddable":true,"href":"https:\/\/proliquidpc.com\/fr\/wp-json\/wp\/v2\/product_cat?post=7791"},{"taxonomy":"product_tag","embeddable":true,"href":"https:\/\/proliquidpc.com\/fr\/wp-json\/wp\/v2\/product_tag?post=7791"}],"curies":[{"name":"wp","href":"https:\/\/api.w.org\/{rel}","templated":true}]}}