{"id":7802,"date":"2024-10-30T16:50:45","date_gmt":"2024-10-30T20:50:45","guid":{"rendered":"https:\/\/dev.proliquidpc.com\/boutique\/non%20class\u00e9\/liquide-liquide-concentre-cfx-fluide-refrigerant-opaque-performance-150ml-vert-vif\/"},"modified":"2025-01-19T16:38:02","modified_gmt":"2025-01-19T21:38:02","slug":"liquide-liquide-concentre-cfx-fluide-refrigerant-opaque-performance-150ml-vert-vif","status":"publish","type":"product","link":"https:\/\/proliquidpc.com\/fr\/boutique\/liquides\/concentre\/liquide-liquide-concentre-cfx-fluide-refrigerant-opaque-performance-150ml-vert-vif\/","title":{"rendered":"Liquide liquide concentr\u00e9 CFX Fluide r\u00e9frig\u00e9rant Opaque Performance &#8211; 150ml &#8211; Vert vif"},"content":{"rendered":"<p>Concentrez-vous pour m\u00e9langer un liquide de refroidissement pour votre syst\u00e8me de refroidissement par eau d\u2019ordinateur \u00e0 partir de la maison Liquid.cool elle-m\u00eame.<\/p>\n<p>Ce concentr\u00e9 est compos\u00e9 de composants de haute qualit\u00e9 tels que l\u2019\u00e9thyl\u00e8ne glycol non toxique et les peintures solubles dans l\u2019eau dans l\u2019UE et doit \u00eatre m\u00e9lang\u00e9 avec de l\u2019eau distill\u00e9e ou de l\u2019eau osmos\u00e9e.<\/p>\n<p>Gr\u00e2ce aux derni\u00e8res technologies de transfert de chaleur, le CFX est un tr\u00e8s bon fluide caloporteur et maintient vos composants tels que le radiateur, le refroidisseur de processeur ou la pompe toujours frais.<\/p>\n<p>Gr\u00e2ce aux particules de peinture 100% solubles, il donne \u00e0 votre syst\u00e8me le meilleur effet de modding.<\/p>\n<p>CFX a une dur\u00e9e de conservation de 3 ans et contient des agents anticorrosion synergiques pour prot\u00e9ger votre ordinateur de jeu.<\/p>\n<p>100% Pr\u00eat \u00e0 l\u2019emploi<br \/>\nInhibiteur de corrosion synergique pour la protection du cuivre, du nickel, du laiton, de l\u2019acier et de l\u2019aluminium<br \/>\nTest\u00e9 selon les normes BS5117, BS6580 et ASTM D1384<br \/>\nConductivit\u00e9 \u00e9lectrique inf\u00e9rieure \u00e0 10\u03bcS\/cm (20\u00b0C)<\/p>\n<p>Classification &#8211; R\u00e8glement (CE) n\u00b0 1272\/2008 (CLP)<\/p>\n<p>Dangers physiques et chimiques : Non class\u00e9 comme danger physique ou chimique<br \/>\nSant\u00e9 humaine : Non class\u00e9 comme dangereux pour la sant\u00e9.<br \/>\nEnvironnement : Non class\u00e9 comme dangereux pour l\u2019environnement.<br \/>\nLe produit contient moins de 0,1 % de benzisothiazolinonea et est dot\u00e9 d\u2019un capuchon de s\u00e9curit\u00e9 pour enfants et d\u2019un contenu scell\u00e9 par induction.<\/p>\n<p>Note:<\/p>\n<p>Ne pas utiliser pendant plus de 12 mois avec des tubes durs ! Avant de changer le liquide de refroidissement, rincez le syst\u00e8me \u00e0 l\u2019eau distill\u00e9e !<\/p>\n","protected":false},"excerpt":{"rendered":"<p>Concentrez-vous pour m\u00e9langer un liquide de refroidissement pour votre syst\u00e8me de refroidissement par eau d\u2019ordinateur \u00e0 partir de la maison Liquid.cool elle-m\u00eame. Ce concentr\u00e9 est compos\u00e9 de composants de haute qualit\u00e9 tels que l\u2019\u00e9thyl\u00e8ne glycol non toxique et les peintures solubles dans l\u2019eau dans l\u2019UE et doit \u00eatre m\u00e9lang\u00e9 avec de l\u2019eau distill\u00e9e ou de [&hellip;]<\/p>\n","protected":false},"featured_media":7803,"template":"","meta":{"_genesis_hide_title":false,"_genesis_hide_breadcrumbs":false,"_genesis_hide_singular_image":false,"_genesis_hide_footer_widgets":false,"_genesis_custom_body_class":"","_genesis_custom_post_class":"","_genesis_layout":""},"product_brand":[],"product_cat":[70,66],"product_tag":[],"class_list":{"0":"post-7802","1":"product","2":"type-product","3":"status-publish","4":"has-post-thumbnail","6":"product_cat-concentre","7":"product_cat-liquides","8":"entry","10":"first","11":"outofstock","12":"taxable","13":"shipping-taxable","14":"purchasable","15":"product-type-simple"},"_links":{"self":[{"href":"https:\/\/proliquidpc.com\/fr\/wp-json\/wp\/v2\/product\/7802","targetHints":{"allow":["GET"]}}],"collection":[{"href":"https:\/\/proliquidpc.com\/fr\/wp-json\/wp\/v2\/product"}],"about":[{"href":"https:\/\/proliquidpc.com\/fr\/wp-json\/wp\/v2\/types\/product"}],"wp:featuredmedia":[{"embeddable":true,"href":"https:\/\/proliquidpc.com\/fr\/wp-json\/wp\/v2\/media\/7803"}],"wp:attachment":[{"href":"https:\/\/proliquidpc.com\/fr\/wp-json\/wp\/v2\/media?parent=7802"}],"wp:term":[{"taxonomy":"product_brand","embeddable":true,"href":"https:\/\/proliquidpc.com\/fr\/wp-json\/wp\/v2\/product_brand?post=7802"},{"taxonomy":"product_cat","embeddable":true,"href":"https:\/\/proliquidpc.com\/fr\/wp-json\/wp\/v2\/product_cat?post=7802"},{"taxonomy":"product_tag","embeddable":true,"href":"https:\/\/proliquidpc.com\/fr\/wp-json\/wp\/v2\/product_tag?post=7802"}],"curies":[{"name":"wp","href":"https:\/\/api.w.org\/{rel}","templated":true}]}}