{"id":7811,"date":"2024-10-30T16:50:45","date_gmt":"2024-10-30T20:50:45","guid":{"rendered":"https:\/\/dev.proliquidpc.com\/boutique\/non%20class\u00e9\/barrow-bande-led-rgb-version-autocollante-lrc2-0-ld2rt-100\/"},"modified":"2025-03-09T21:50:30","modified_gmt":"2025-03-10T01:50:30","slug":"barrow-bande-led-rgb-version-autocollante-lrc2-0-ld2rt-100","status":"publish","type":"product","link":"https:\/\/proliquidpc.com\/fr\/boutique\/led-controleurs\/barrow-bande-led-rgb-version-autocollante-lrc2-0-ld2rt-100\/","title":{"rendered":"Barrow Bande LED RGB Version Autocollante LRC2.0 &#8211; LD2RT-100"},"content":{"rendered":"<p>Illuminez votre PC avec cette bande LED RVB flexible de Barrow. Chaque bande est adh\u00e9sive et pr\u00eate \u00e0 \u00eatre install\u00e9e facilement. Vous pouvez personnaliser la longueur de chaque bande en coupant les marqueurs de coupe sur la bande elle-m\u00eame. Le contr\u00f4le RVB complet est assur\u00e9 par un connecteur \u00e0 3 broches. Ces LED fournissent un \u00e9clairage riche et hautement personnalisable. Veuillez noter qu\u2019un contr\u00f4leur RGB compatible LRC2.0 est n\u00e9cessaire pour un fonctionnement complet et doit \u00eatre achet\u00e9 s\u00e9par\u00e9ment.<\/p>\n<p>Contr\u00f4leurs LRC2.0 RGB compatibles<\/p>\n<p>Contr\u00f4leur en ligne<\/p>\n<p>Contr\u00f4leur \u00e0 8 voies<\/p>\n","protected":false},"excerpt":{"rendered":"<p>Illuminez votre PC avec cette bande LED RVB flexible de Barrow. Chaque bande est adh\u00e9sive et pr\u00eate \u00e0 \u00eatre install\u00e9e facilement. Vous pouvez personnaliser la longueur de chaque bande en coupant les marqueurs de coupe sur la bande elle-m\u00eame. Le contr\u00f4le RVB complet est assur\u00e9 par un connecteur \u00e0 3 broches. Ces LED fournissent un [&hellip;]<\/p>\n","protected":false},"featured_media":7812,"template":"","meta":{"_genesis_hide_title":false,"_genesis_hide_breadcrumbs":false,"_genesis_hide_singular_image":false,"_genesis_hide_footer_widgets":false,"_genesis_custom_body_class":"","_genesis_custom_post_class":"","_genesis_layout":""},"product_brand":[233],"product_cat":[25],"product_tag":[],"class_list":{"0":"post-7811","1":"product","2":"type-product","3":"status-publish","4":"has-post-thumbnail","6":"product_brand-barrow","7":"product_cat-led-controleurs","8":"entry","10":"first","11":"instock","12":"taxable","13":"shipping-taxable","14":"purchasable","15":"product-type-simple"},"_links":{"self":[{"href":"https:\/\/proliquidpc.com\/fr\/wp-json\/wp\/v2\/product\/7811","targetHints":{"allow":["GET"]}}],"collection":[{"href":"https:\/\/proliquidpc.com\/fr\/wp-json\/wp\/v2\/product"}],"about":[{"href":"https:\/\/proliquidpc.com\/fr\/wp-json\/wp\/v2\/types\/product"}],"wp:featuredmedia":[{"embeddable":true,"href":"https:\/\/proliquidpc.com\/fr\/wp-json\/wp\/v2\/media\/7812"}],"wp:attachment":[{"href":"https:\/\/proliquidpc.com\/fr\/wp-json\/wp\/v2\/media?parent=7811"}],"wp:term":[{"taxonomy":"product_brand","embeddable":true,"href":"https:\/\/proliquidpc.com\/fr\/wp-json\/wp\/v2\/product_brand?post=7811"},{"taxonomy":"product_cat","embeddable":true,"href":"https:\/\/proliquidpc.com\/fr\/wp-json\/wp\/v2\/product_cat?post=7811"},{"taxonomy":"product_tag","embeddable":true,"href":"https:\/\/proliquidpc.com\/fr\/wp-json\/wp\/v2\/product_tag?post=7811"}],"curies":[{"name":"wp","href":"https:\/\/api.w.org\/{rel}","templated":true}]}}