{"id":7834,"date":"2024-10-30T16:52:01","date_gmt":"2024-10-30T20:52:01","guid":{"rendered":"https:\/\/dev.proliquidpc.com\/boutique\/non%20class\u00e9\/bloc-cpu-intel-barrow-ltifhy-04-acrylique\/"},"modified":"2025-03-09T21:49:56","modified_gmt":"2025-03-10T01:49:56","slug":"bloc-cpu-intel-barrow-ltifhy-04-acrylique","status":"publish","type":"product","link":"https:\/\/proliquidpc.com\/fr\/boutique\/cpu-waterblock\/cpu-intel\/bloc-cpu-intel-barrow-ltifhy-04-acrylique\/","title":{"rendered":"Bloc CPU Intel Barrow LTIFHY-04 &#8211; Acrylique"},"content":{"rendered":"<p>Ces waterblocks CPU Barrow sont des waterblocks de type Jetting de type Jetting pour la plate-forme AMD Acrylic Edition.<\/p>\n<p>01 Panneau acrylique haute transparence import\u00e9 d\u2019origine<br \/>\nLes mati\u00e8res premi\u00e8res acryliques import\u00e9es r\u00e9sistantes aux hautes temp\u00e9ratures et \u00e0 haute transparence ont une transparence plus \u00e9lev\u00e9e, une dur\u00e9e de vie plus longue, aucun changement de couleur, aucune fissuration et une multitude d\u2019effets d\u2019\u00e9clairage internes brillants.<\/p>\n<p>02 Microcanal \u00e0 jet haute densit\u00e9<br \/>\nPlaque de base de nickelage en cuivre de haute puret\u00e9 de 58 mm * 58 mm, jusqu\u2019\u00e0 49 micro canaux, chaque canal est un rainurage bottow clair, 4 + 2 canaux asym\u00e9triques (largeur de fente de 0,4 mm + intervalle de 0,2 mm). La surface de contact entre le liquide de refroidissement et la plaque de base est augment\u00e9e et l\u2019efficacit\u00e9 de dissipation thermique du bloc d\u2019eau est am\u00e9lior\u00e9e.<\/p>\n<p>03 Monture plaqu\u00e9e cuivre-nickel<br \/>\nEn tant que mat\u00e9riau principal de la semelle, le cuivre avec une conductivit\u00e9 thermique inf\u00e9rieure \u00e0 celle de l\u2019argent, a une absorption de chaleur \u00e9lev\u00e9e et une efficacit\u00e9 de transfert de chaleur. La surface adopte le processus de nickelage miroir, ce qui peut emp\u00eacher efficacement l\u2019oxydation de la semelle et augmenter la dur\u00e9e de vie.<\/p>\n<p>04 Spectacle d\u2019effets de lumi\u00e8re<br \/>\nLes courroies de lampe et les perles de recouvrement de la version 2.0 peuvent produire des effets d\u2019\u00e9clairage statiques et dynamiques asynchrones, c\u2019est-\u00e0-dire que chaque perle de lampe peut changer de couleur ind\u00e9pendamment au cours de la m\u00eame p\u00e9riode. Les composants d\u2019\u00e9clairage RGB amovibles int\u00e9gr\u00e9s peuvent remplacer les composants d\u2019\u00e9clairage en fonction des besoins r\u00e9els.<\/p>\n<p>05 Syst\u00e8me de contr\u00f4le 2.0<br \/>\nLe syst\u00e8me de contr\u00f4le de l\u2019\u00e9clairage RVB en couleur LRC 2.0 comprend le contr\u00f4leur manuel de la version 2.0 de BARROW et la t\u00e9l\u00e9commande \u00e0 16 canaux. Il peut \u00eatre compatible avec les composants d\u2019\u00e9clairage RGB et d\u2019autres produits ind\u00e9pendants, ainsi qu\u2019avec les composants d\u2019\u00e9clairage int\u00e9gr\u00e9s de toutes les versions 2.0 de BARROW.<\/p>\n","protected":false},"excerpt":{"rendered":"<p>Ces waterblocks CPU Barrow sont des waterblocks de type Jetting de type Jetting pour la plate-forme AMD Acrylic Edition. 01 Panneau acrylique haute transparence import\u00e9 d\u2019origine Les mati\u00e8res premi\u00e8res acryliques import\u00e9es r\u00e9sistantes aux hautes temp\u00e9ratures et \u00e0 haute transparence ont une transparence plus \u00e9lev\u00e9e, une dur\u00e9e de vie plus longue, aucun changement de couleur, aucune [&hellip;]<\/p>\n","protected":false},"featured_media":7835,"template":"","meta":{"_genesis_hide_title":false,"_genesis_hide_breadcrumbs":false,"_genesis_hide_singular_image":false,"_genesis_hide_footer_widgets":false,"_genesis_custom_body_class":"","_genesis_custom_post_class":"","_genesis_layout":""},"product_brand":[233],"product_cat":[43,36],"product_tag":[],"class_list":{"0":"post-7834","1":"product","2":"type-product","3":"status-publish","4":"has-post-thumbnail","6":"product_brand-barrow","7":"product_cat-cpu-intel","8":"product_cat-cpu-waterblock","9":"entry","11":"first","12":"instock","13":"taxable","14":"shipping-taxable","15":"purchasable","16":"product-type-simple"},"_links":{"self":[{"href":"https:\/\/proliquidpc.com\/fr\/wp-json\/wp\/v2\/product\/7834","targetHints":{"allow":["GET"]}}],"collection":[{"href":"https:\/\/proliquidpc.com\/fr\/wp-json\/wp\/v2\/product"}],"about":[{"href":"https:\/\/proliquidpc.com\/fr\/wp-json\/wp\/v2\/types\/product"}],"wp:featuredmedia":[{"embeddable":true,"href":"https:\/\/proliquidpc.com\/fr\/wp-json\/wp\/v2\/media\/7835"}],"wp:attachment":[{"href":"https:\/\/proliquidpc.com\/fr\/wp-json\/wp\/v2\/media?parent=7834"}],"wp:term":[{"taxonomy":"product_brand","embeddable":true,"href":"https:\/\/proliquidpc.com\/fr\/wp-json\/wp\/v2\/product_brand?post=7834"},{"taxonomy":"product_cat","embeddable":true,"href":"https:\/\/proliquidpc.com\/fr\/wp-json\/wp\/v2\/product_cat?post=7834"},{"taxonomy":"product_tag","embeddable":true,"href":"https:\/\/proliquidpc.com\/fr\/wp-json\/wp\/v2\/product_tag?post=7834"}],"curies":[{"name":"wp","href":"https:\/\/api.w.org\/{rel}","templated":true}]}}