{"id":7850,"date":"2024-10-30T16:52:01","date_gmt":"2024-10-30T20:52:01","guid":{"rendered":"https:\/\/dev.proliquidpc.com\/boutique\/non%20class\u00e9\/barrow-ltykb-ark-pour-intel-socket-lga115x-lrc-rgb-v2-aurora-limited-edition-cpu-waterblock-0-4mm-microcutting-micro-waterway\/"},"modified":"2025-03-09T21:50:04","modified_gmt":"2025-03-10T01:50:04","slug":"barrow-ltykb-ark-pour-intel-socket-lga115x-lrc-rgb-v2-aurora-limited-edition-cpu-waterblock-0-4mm-microcutting-micro-waterway","status":"publish","type":"product","link":"https:\/\/proliquidpc.com\/fr\/boutique\/cpu-waterblock\/cpu-intel\/barrow-ltykb-ark-pour-intel-socket-lga115x-lrc-rgb-v2-aurora-limited-edition-cpu-waterblock-0-4mm-microcutting-micro-waterway\/","title":{"rendered":"Barrow LTYKB-ARK pour Intel socket LGA115x LRC RGB v2 Aurora Limited Edition CPU waterblock 0.4MM microcutting micro waterway"},"content":{"rendered":"<p>Ces waterblocks CPU Barrow sont fabriqu\u00e9s avec de l\u2019acrylique \u00e0 haute r\u00e9sistance qui ne se fissure pas, est tr\u00e8s t\u00e2tonnant et a une dur\u00e9e de vie plus longue.<\/p>\n","protected":false},"excerpt":{"rendered":"<p>Ces waterblocks CPU Barrow sont fabriqu\u00e9s avec de l\u2019acrylique \u00e0 haute r\u00e9sistance qui ne se fissure pas, est tr\u00e8s t\u00e2tonnant et a une dur\u00e9e de vie plus longue.<\/p>\n","protected":false},"featured_media":7851,"template":"","meta":{"_genesis_hide_title":false,"_genesis_hide_breadcrumbs":false,"_genesis_hide_singular_image":false,"_genesis_hide_footer_widgets":false,"_genesis_custom_body_class":"","_genesis_custom_post_class":"","_genesis_layout":""},"product_brand":[233],"product_cat":[43,36],"product_tag":[],"class_list":{"0":"post-7850","1":"product","2":"type-product","3":"status-publish","4":"has-post-thumbnail","6":"product_brand-barrow","7":"product_cat-cpu-intel","8":"product_cat-cpu-waterblock","9":"entry","11":"first","12":"instock","13":"taxable","14":"shipping-taxable","15":"purchasable","16":"product-type-simple"},"_links":{"self":[{"href":"https:\/\/proliquidpc.com\/fr\/wp-json\/wp\/v2\/product\/7850","targetHints":{"allow":["GET"]}}],"collection":[{"href":"https:\/\/proliquidpc.com\/fr\/wp-json\/wp\/v2\/product"}],"about":[{"href":"https:\/\/proliquidpc.com\/fr\/wp-json\/wp\/v2\/types\/product"}],"wp:featuredmedia":[{"embeddable":true,"href":"https:\/\/proliquidpc.com\/fr\/wp-json\/wp\/v2\/media\/7851"}],"wp:attachment":[{"href":"https:\/\/proliquidpc.com\/fr\/wp-json\/wp\/v2\/media?parent=7850"}],"wp:term":[{"taxonomy":"product_brand","embeddable":true,"href":"https:\/\/proliquidpc.com\/fr\/wp-json\/wp\/v2\/product_brand?post=7850"},{"taxonomy":"product_cat","embeddable":true,"href":"https:\/\/proliquidpc.com\/fr\/wp-json\/wp\/v2\/product_cat?post=7850"},{"taxonomy":"product_tag","embeddable":true,"href":"https:\/\/proliquidpc.com\/fr\/wp-json\/wp\/v2\/product_tag?post=7850"}],"curies":[{"name":"wp","href":"https:\/\/api.w.org\/{rel}","templated":true}]}}