{"id":7857,"date":"2024-10-30T16:52:01","date_gmt":"2024-10-30T20:52:01","guid":{"rendered":"https:\/\/dev.proliquidpc.com\/boutique\/non%20class\u00e9\/thermal-grizzly-minus-pad-8-coussinets-thermiques-haute-performance\/"},"modified":"2025-03-21T01:27:19","modified_gmt":"2025-03-21T05:27:19","slug":"thermal-grizzly-minus-pad-8-coussinets-thermiques-haute-performance","status":"publish","type":"product","link":"https:\/\/proliquidpc.com\/fr\/boutique\/pate-thermique\/thermal-grizzly-minus-pad-8-coussinets-thermiques-haute-performance\/","title":{"rendered":"Thermal Grizzly Minus Pad 8 Coussinets thermiques haute performance"},"content":{"rendered":"<p>Les coussinets thermiques haute performance de la s\u00e9rie Thermal Grizzly Minus Pad se composent d\u2019une surface tr\u00e8s \u00e9lastique et flexible avec une conductivit\u00e9 thermique tr\u00e8s \u00e9lev\u00e9e, compensant m\u00eame les plus petits espaces entre les composants. Disponible dans une vari\u00e9t\u00e9 de tailles et d\u2019\u00e9paisseurs diff\u00e9rentes.<\/p>\n<p>Les tampons moins faciles \u00e0 traiter et flexibles sont compos\u00e9s de diff\u00e9rents constituants, bas\u00e9s sur un complexe de formule de silicium c\u00e9ramique et de nano-oxyde d\u2019aluminium. Ainsi, les coussinets assurent un transfert de chaleur constant et optimal.<\/p>\n<p>La plus l\u00e9g\u00e8re des touches suffit pour les fixer de mani\u00e8re optimale. Tous les coussinets sont \u00e9cologiques et conformes \u00e0 la directive RoHS.<\/p>\n<p>Conductivit\u00e9 thermique \u00e9lev\u00e9e<br \/>\nHaute compressibilit\u00e9<br \/>\nIsolation \u00e9lectrique<\/p>\n","protected":false},"excerpt":{"rendered":"<p>Les coussinets thermiques haute performance de la s\u00e9rie Thermal Grizzly Minus Pad se composent d\u2019une surface tr\u00e8s \u00e9lastique et flexible avec une conductivit\u00e9 thermique tr\u00e8s \u00e9lev\u00e9e, compensant m\u00eame les plus petits espaces entre les composants. Disponible dans une vari\u00e9t\u00e9 de tailles et d\u2019\u00e9paisseurs diff\u00e9rentes. Les tampons moins faciles \u00e0 traiter et flexibles sont compos\u00e9s de [&hellip;]<\/p>\n","protected":false},"featured_media":7858,"template":"","meta":{"_genesis_hide_title":false,"_genesis_hide_breadcrumbs":false,"_genesis_hide_singular_image":false,"_genesis_hide_footer_widgets":false,"_genesis_custom_body_class":"","_genesis_custom_post_class":"","_genesis_layout":""},"product_brand":[],"product_cat":[72],"product_tag":[],"class_list":{"0":"post-7857","1":"product","2":"type-product","3":"status-publish","4":"has-post-thumbnail","6":"product_cat-pate-thermique","7":"entry","9":"first","10":"outofstock","11":"taxable","12":"shipping-taxable","13":"purchasable","14":"product-type-simple"},"_links":{"self":[{"href":"https:\/\/proliquidpc.com\/fr\/wp-json\/wp\/v2\/product\/7857","targetHints":{"allow":["GET"]}}],"collection":[{"href":"https:\/\/proliquidpc.com\/fr\/wp-json\/wp\/v2\/product"}],"about":[{"href":"https:\/\/proliquidpc.com\/fr\/wp-json\/wp\/v2\/types\/product"}],"wp:featuredmedia":[{"embeddable":true,"href":"https:\/\/proliquidpc.com\/fr\/wp-json\/wp\/v2\/media\/7858"}],"wp:attachment":[{"href":"https:\/\/proliquidpc.com\/fr\/wp-json\/wp\/v2\/media?parent=7857"}],"wp:term":[{"taxonomy":"product_brand","embeddable":true,"href":"https:\/\/proliquidpc.com\/fr\/wp-json\/wp\/v2\/product_brand?post=7857"},{"taxonomy":"product_cat","embeddable":true,"href":"https:\/\/proliquidpc.com\/fr\/wp-json\/wp\/v2\/product_cat?post=7857"},{"taxonomy":"product_tag","embeddable":true,"href":"https:\/\/proliquidpc.com\/fr\/wp-json\/wp\/v2\/product_tag?post=7857"}],"curies":[{"name":"wp","href":"https:\/\/api.w.org\/{rel}","templated":true}]}}