{"id":7864,"date":"2024-10-30T16:52:01","date_gmt":"2024-10-30T20:52:01","guid":{"rendered":"https:\/\/dev.proliquidpc.com\/boutique\/non%20class\u00e9\/modmymods-modwater-liquide-de-refroidissement-pc-rouge-uv-1-litre-mod-0277\/"},"modified":"2026-01-31T14:23:24","modified_gmt":"2026-01-31T19:23:24","slug":"modmymods-modwater-liquide-de-refroidissement-pc-rouge-uv-1-litre-mod-0277","status":"publish","type":"product","link":"https:\/\/proliquidpc.com\/fr\/boutique\/liquides\/premixe\/modmymods-modwater-liquide-de-refroidissement-pc-rouge-uv-1-litre-mod-0277\/","title":{"rendered":"ModMyMods ModWater Liquide de refroidissement PC &#8211; Rouge UV &#8211; 1 Litre &#8211; MOD-0277"},"content":{"rendered":"<p>Avec le liquide de refroidissement PC ModWater Premium, vous pouvez \u00eatre s\u00fbr que votre PC restera frais et aura fi\u00e8re allure.<\/p>\n<p>La sortie tant attendue de ModWater est exactement ce que son nom sugg\u00e8re : un liquide de refroidissement PC sp\u00e9cialement con\u00e7u pour les syst\u00e8mes de refroidissement par eau pour PC. Cela commence par le meilleur : l\u2019eau purifi\u00e9e par notre syst\u00e8me interne de purification\/d\u00e9ionisation de l\u2019eau con\u00e7u par des professionnels. Nous avons affin\u00e9 notre processus pour produire le liquide de refroidissement le plus pur et le plus pur afin de prot\u00e9ger votre syst\u00e8me. Test\u00e9 \u00e0 la main pour s\u2019assurer de sa faible conductivit\u00e9 avant chaque lot, ModWater est garanti au moment de la mise en bouteille pour ne jamais d\u00e9passer 0,05 ppm (parties par million) de solides dissous totaux, ce qui en fait l\u2019un des liquides de refroidissement pour PC les plus purs et de la plus haute qualit\u00e9 !<\/p>\n<p>Un m\u00e9lange unique d\u2019additifs a \u00e9t\u00e9 formul\u00e9 pour offrir la meilleure protection possible \u00e0 votre investissement. La formule non toxique combine des propri\u00e9t\u00e9s anti-corrosion pour rester claire et belle, tout en prot\u00e9geant les composants de votre syst\u00e8me de la d\u00e9gradation au fil du temps.<\/p>\n<p>Disponible dans une vari\u00e9t\u00e9 de couleurs, le liquide de refroidissement ModWater PC est con\u00e7u pour une utilisation \u00e0 long terme dans votre PC.<\/p>\n<p>Tous nos liquides de refroidissement ModWater sont fabriqu\u00e9s \u00e0 100% dans le plus grand pays du monde, les \u00c9tats-Unis.<\/p>\n<p>Tous les liquides de refroidissement ModWater offrent le meilleur en mati\u00e8re de refroidissement de PC et de protection des boucles<\/p>\n<p>&#8211; Parfait pour tous les syst\u00e8mes de refroidissement de PC<\/p>\n<p>&#8211; Sans danger pour les animaux et les humains<\/p>\n<p>&#8211; Corrosion + Protection<\/p>\n<p>&#8211; Prot\u00e8ge TOUS les m\u00e9taux utilis\u00e9s dans les syst\u00e8mes de refroidissement actuels<\/p>\n<p>&#8211; Compatible avec les tubes PETG<\/p>\n<p>&#8211; Protection antigel (-5\u00b0C \/ 23\u00b0F)<\/p>\n<p>&#8211; pH neutre : 6 \u2013 8<\/p>\n<p>&#8211; Dur\u00e9e de conservation de 3 ans<\/p>\n<p>La prochaine fois que vous aurez besoin de remplir votre boucle, n\u2019acceptez que le meilleur.<\/p>\n<p>Choisissez le liquide de refroidissement PC ModWater de ModMyMods !<\/p>\n<p>Veuillez vous r\u00e9f\u00e9rer \u00e0 la fiche de donn\u00e9es de s\u00e9curit\u00e9 pour plus d\u2019informations.<\/p>\n<p>Remarque : Ne pas utiliser si le cuivre \/ nickel\u00e9 et l\u2019aluminium sont dans la m\u00eame boucle de refroidissement ! Si vous avez une configuration mixte m\u00e9tallique, nous pouvons cr\u00e9er le bon liquide de refroidissement pour vous ; Veuillez nous contacter directement \u00e0 l\u2019support@modmymods.com. De plus, un liquide de refroidissement inf\u00e9rieur \u00e0 z\u00e9ro est disponible sur demande.<\/p>\n","protected":false},"excerpt":{"rendered":"<p>Avec le liquide de refroidissement PC ModWater Premium, vous pouvez \u00eatre s\u00fbr que votre PC restera frais et aura fi\u00e8re allure. La sortie tant attendue de ModWater est exactement ce que son nom sugg\u00e8re : un liquide de refroidissement PC sp\u00e9cialement con\u00e7u pour les syst\u00e8mes de refroidissement par eau pour PC. Cela commence par le [&hellip;]<\/p>\n","protected":false},"featured_media":7865,"template":"","meta":{"_genesis_hide_title":false,"_genesis_hide_breadcrumbs":false,"_genesis_hide_singular_image":false,"_genesis_hide_footer_widgets":false,"_genesis_custom_body_class":"","_genesis_custom_post_class":"","_genesis_layout":""},"product_brand":[],"product_cat":[66,67],"product_tag":[],"class_list":{"0":"post-7864","1":"product","2":"type-product","3":"status-publish","4":"has-post-thumbnail","6":"product_cat-liquides","7":"product_cat-premixe","8":"entry","10":"first","11":"instock","12":"taxable","13":"shipping-taxable","14":"purchasable","15":"product-type-simple"},"_links":{"self":[{"href":"https:\/\/proliquidpc.com\/fr\/wp-json\/wp\/v2\/product\/7864","targetHints":{"allow":["GET"]}}],"collection":[{"href":"https:\/\/proliquidpc.com\/fr\/wp-json\/wp\/v2\/product"}],"about":[{"href":"https:\/\/proliquidpc.com\/fr\/wp-json\/wp\/v2\/types\/product"}],"wp:featuredmedia":[{"embeddable":true,"href":"https:\/\/proliquidpc.com\/fr\/wp-json\/wp\/v2\/media\/7865"}],"wp:attachment":[{"href":"https:\/\/proliquidpc.com\/fr\/wp-json\/wp\/v2\/media?parent=7864"}],"wp:term":[{"taxonomy":"product_brand","embeddable":true,"href":"https:\/\/proliquidpc.com\/fr\/wp-json\/wp\/v2\/product_brand?post=7864"},{"taxonomy":"product_cat","embeddable":true,"href":"https:\/\/proliquidpc.com\/fr\/wp-json\/wp\/v2\/product_cat?post=7864"},{"taxonomy":"product_tag","embeddable":true,"href":"https:\/\/proliquidpc.com\/fr\/wp-json\/wp\/v2\/product_tag?post=7864"}],"curies":[{"name":"wp","href":"https:\/\/api.w.org\/{rel}","templated":true}]}}