{"id":7981,"date":"2024-10-30T16:52:01","date_gmt":"2024-10-30T20:52:01","guid":{"rendered":"https:\/\/dev.proliquidpc.com\/boutique\/non%20class\u00e9\/bykski-nvidia-reference-edition-gpu-waterblock-a-couverture-complete-transparent-n-rtx2080ti-x\/"},"modified":"2025-03-12T04:09:15","modified_gmt":"2025-03-12T08:09:15","slug":"bykski-reference-edition-bloc-deau-gpu-a-couverture-complete-transparent-n-rtx2080ti-x","status":"publish","type":"product","link":"https:\/\/proliquidpc.com\/fr\/boutique\/gpu-waterblock\/gpu-nvidia\/serie-2000\/bykski-reference-edition-bloc-deau-gpu-a-couverture-complete-transparent-n-rtx2080ti-x\/","title":{"rendered":"Bykski Reference Edition Bloc d\u2019eau GPU \u00e0 couverture compl\u00e8te &#8211; Transparent &#8211; N-RTX2080TI-X"},"content":{"rendered":"<p>Le Bykski nVidia N-RTX2080TI-X Full Coverage GPU Water Block est une \u0153uvre d&rsquo;art ! Ce bloc de couverture compl\u00e8te, refroidit directement le c\u0153ur de la carte vid\u00e9o (GPU), la m\u00e9moire graphique (RAM) ainsi que les modules de r\u00e9gulation de tension (VRM). En refroidissant directement ces composants, vous pouvez atteindre d&rsquo;excellentes temp\u00e9ratures ! Ces temp\u00e9ratures s&rsquo;accompagnent de la possibilit\u00e9 d&rsquo;atteindre des overclocks plus \u00e9lev\u00e9s ou de prolonger la dur\u00e9e de vie globale de votre carte en fonctionnant \u00e0 des temp\u00e9ratures inf\u00e9rieures \u00e0 celles d&rsquo;usine.<br \/>\nLe bloc est construit en cuivre de haute puret\u00e9 qui est galvanis\u00e9 pour \u00e9viter l&rsquo;oxydation. Une conception \u00e0 haut d\u00e9bit est utilis\u00e9e pour permettre \u00e0 plusieurs blocs de fonctionner en s\u00e9rie. Les ports sup\u00e9rieur et inf\u00e9rieur peuvent \u00eatre utilis\u00e9s pour configurer des conceptions parall\u00e8les ou en s\u00e9rie dans des configurations \u00e0 plusieurs blocs.<br \/>\nFonctionnalit\u00e9s<br \/>\n\u2022 Le meilleur savoir-faire<br \/>\n\u2022 Con\u00e7u pour s&rsquo;adapter aux fittings filet\u00e9s standard G1\/4&Prime;<br \/>\n\u2022 Conforme SLI\/Crossfire<br \/>\nSp\u00e9cifications<br \/>\n\u2022 Mod\u00e8le :N-RTX2080TI-X<br \/>\n\u2022 Marque :Bykski<br \/>\n\u2022 Mat\u00e9riel : Cuivre \u00e9lectrolytique de haute puret\u00e9 \/ Acrylique transparent<br \/>\nCompatibilit\u00e9<br \/>\n\u2022 (Y compris, mais sans s&rsquo;y limiter, les mod\u00e8les suivants)<br \/>\n\u2022 Version de r\u00e9f\u00e9rence RTX2080Ti<br \/>\n\u2022 nVidia GeForce RTX 2080Ti 11GB<br \/>\n\u2022 ASUS Double GeForce RTX 2080 Ti OC Edition 11GB Gdddr6<br \/>\n\u2022 ASUS Turbo GeForce RTX 2080 Ti avec 11 Go GDDR6<br \/>\n\u2022 MSI GeForce RTX 2080 Ti Dukes 11G OC<br \/>\n\u2022 MSI GeForce RTX 2080 Ti VENTUS 11G OC<br \/>\n\u2022 EVGA GeForce RTX 2080 Ti 11GB<br \/>\n\u2022 EVGA GeForce RTX 2080 Ti XC Gaming<br \/>\n\u2022 EVGA GeForce RTX 2080 Ti XC Ultra Gaming<br \/>\n\u2022 GALAX GeForce RTX 2080 Ti<br \/>\n\u2022 GALAX GeForce RTX 2080 Ti 11GB G\u00e9n\u00e9ral<br \/>\n\u2022 GALAX GeForce RTX 2080 Ti OC<br \/>\n\u2022 GALAX GeForce RTX 2080 Ti OC Blanc<br \/>\n\u2022 GALAX GeForce RTX 2080 Ti 11GB SG<br \/>\n\u2022 GIGABYTE GeForce RTX 2080 Ti Gaming OC 11GB<br \/>\n\u2022 GIGABYTE GeForce RTX 2080 Ti WIndForce OC 11GB<br \/>\n\u2022 Zotac Gaming GeForce RTX 2080 Ti AMP 11GB GDDR6<br \/>\n\u2022 Zotac Gaming GeForce RTX 2080 Ti Triple Ventilateur 11GB GDDR6<br \/>\n\u2022 Zotac GeForce RTX 2080 Ti 11GB X-Gaming OC<br \/>\n\u2022 COLORFUL iGame GeForce RTX 2080 Ti Avanc\u00e9<br \/>\n\u2022 COLORFUL iGame GeForce RTX 2080 Ti Advanced OC<br \/>\n\u2022 COLORFUL iGame GeForce RTX 2080 Ti Version outre-mer<br \/>\n\u2022 COLORFUL iGame GeForce RTX 2080 Ti Advanced Carte refroidie \u00e0 l&rsquo;eau<br \/>\n\u2022 COLORFUL iGame GeForce RTX 2080 Advanced OC<br \/>\n\u2022 COLORFUL iGame GeForce RTX 2080 Avanc\u00e9<br \/>\n\u2022 COLORFUL iGame GeForce RTX 2080 Version outre-mer<br \/>\n\u2022 COLORFUL iGame GeForce RTX 2080 Advanced Carte refroidie \u00e0 l&rsquo;eau<br \/>\n\u2022 PNY GeForce RTX 2080 Ti XLR8 Gaming \u00c9dition Overclock\u00e9e<br \/>\n\u2022 Version de r\u00e9f\u00e9rence RTX2080<br \/>\n\u2022 nVidia GeForce RTX 2080 8GB<br \/>\n\u2022 ASUS Double GeForce RTX 2080 OC Edition 8 Go GDDR6<br \/>\n\u2022 ASUS Turbo GeForce RTX 2080 OC Edition 8 Go GDDR6<br \/>\n\u2022 MSI GeForce RTX 2080 DUKE 8G OC<br \/>\n\u2022 MSI GeForce RTX 2080 VENTUS 8G OC<br \/>\n\u2022 EVGA GeForce RTX 2080<br \/>\n\u2022 EVGA GeForce RTX 2080 XC Jeux<br \/>\n\u2022 EVGA GeForce RTX 2080 XC Ultra Gaming<br \/>\n\u2022 GALAX GeForce RTX 2080<br \/>\n\u2022 GALAX GeForce RTX 2080 G\u00e9n\u00e9ral<br \/>\n\u2022 GALAX GeForce RTX 2080 OC<br \/>\n\u2022 GALAX GeForce RTX 2080 OC Blanc<br \/>\n\u2022 GALAX GeForce RTX 2080 SG<br \/>\n\u2022 GIGABYTE GeForce RTX 2080 OC 8GB<br \/>\n\u2022 Zotac GeForce RTX 2080 AMP 8GB GDDR6<br \/>\n\u2022 Zotac GeForce RTX 2080 Triple Ventilateur 8GB GDDR6<br \/>\n\u2022 Zotac GeForce RTX 2080 X-Gaming OC<br \/>\n\u2022 Zotac Gaming GeForce RTX 2080 Souffleur 8GB GDDR6<br \/>\n\u2022 iGame GeForce RTX 2080 Advanced color\u00e9<br \/>\n\u2022 iGame color\u00e9 GeForce RTX 2080 Advanced OC<br \/>\n\u2022 PNY GeForce RTX 2080 XLR8 \u00c9dition overclock\u00e9e pour les jeux<br \/>\n\u2022 Compatibilit\u00e9 bas\u00e9e sur la conception de r\u00e9f\u00e9rence uniquement, le bloc peut ne pas s&rsquo;adapter aux variations modifi\u00e9es \/ super cadenc\u00e9es et \u00e0 d&rsquo;autres variantes tierces qui s&rsquo;\u00e9cartent de la conception de r\u00e9f\u00e9rence.<br \/>\n\u2022 fittings :G1\/4&Prime; filetage<br \/>\n\u2022 Plaques arri\u00e8re de crosse :En raison des variations de montage entre les cartes, les plaques arri\u00e8re de stock ne sont pas garanties pour s&rsquo;adapter.<br \/>\nPi\u00e8ces incluses<br \/>\n\u2022 1x Waterblock GPU \u00e0 couverture compl\u00e8te<br \/>\n\u2022 2x bouchon<br \/>\n\u2022 1x mat\u00e9riel de montage<br \/>\n\u2022 Graisse thermique<br \/>\n\u2022 1x LED RBW<br \/>\n\u2022 (Avertissement : le RVB adressable (RBW) est de 5 V et est UNIQUEMENT compatible avec les composants RVB adressables (RBW). RGB est 12V et est UNIQUEMENT compatible avec les composants RGB. Le m\u00e9lange et l&rsquo;assortiment ne fonctionneront PAS et causeront des dommages.<br \/>\nAvertissements<\/p>\n<p>Il s&rsquo;agit d&rsquo;un article de r\u00e9paration ou de remplacement uniquement. Les retours ne sont pas accept\u00e9s pour des probl\u00e8mes de compatibilit\u00e9 ou si le bloc a \u00e9t\u00e9 travers\u00e9 par de l&rsquo;eau ou du liquide.<br \/>\nLe fabricant se r\u00e9serve le droit de modifier la conception du bloc pour \u00e9tendre la compatibilit\u00e9. L&rsquo;article livr\u00e9 peut ne pas correspondre \u00e0 100% \u00e0 l&rsquo;article illustr\u00e9. Le produit n&rsquo;est PAS livr\u00e9 avec des instructions en anglais ni en fran\u00e7ais.<\/p>\n","protected":false},"excerpt":{"rendered":"<p>Le Bykski nVidia N-RTX2080TI-X Full Coverage GPU Water Block est une \u0153uvre d&rsquo;art ! Ce bloc de couverture compl\u00e8te, refroidit directement le c\u0153ur de la carte vid\u00e9o (GPU), la m\u00e9moire graphique (RAM) ainsi que les modules de r\u00e9gulation de tension (VRM). En refroidissant directement ces composants, vous pouvez atteindre d&rsquo;excellentes temp\u00e9ratures ! Ces temp\u00e9ratures s&rsquo;accompagnent [&hellip;]<\/p>\n","protected":false},"featured_media":7982,"template":"","meta":{"_genesis_hide_title":false,"_genesis_hide_breadcrumbs":false,"_genesis_hide_singular_image":false,"_genesis_hide_footer_widgets":false,"_genesis_custom_body_class":"","_genesis_custom_post_class":"","_genesis_layout":""},"product_brand":[],"product_cat":[39,65,38],"product_tag":[],"class_list":{"0":"post-7981","1":"product","2":"type-product","3":"status-publish","4":"has-post-thumbnail","6":"product_cat-gpu-nvidia","7":"product_cat-serie-2000","8":"product_cat-gpu-waterblock","9":"entry","11":"first","12":"instock","13":"taxable","14":"shipping-taxable","15":"purchasable","16":"product-type-simple"},"_links":{"self":[{"href":"https:\/\/proliquidpc.com\/fr\/wp-json\/wp\/v2\/product\/7981","targetHints":{"allow":["GET"]}}],"collection":[{"href":"https:\/\/proliquidpc.com\/fr\/wp-json\/wp\/v2\/product"}],"about":[{"href":"https:\/\/proliquidpc.com\/fr\/wp-json\/wp\/v2\/types\/product"}],"wp:featuredmedia":[{"embeddable":true,"href":"https:\/\/proliquidpc.com\/fr\/wp-json\/wp\/v2\/media\/7982"}],"wp:attachment":[{"href":"https:\/\/proliquidpc.com\/fr\/wp-json\/wp\/v2\/media?parent=7981"}],"wp:term":[{"taxonomy":"product_brand","embeddable":true,"href":"https:\/\/proliquidpc.com\/fr\/wp-json\/wp\/v2\/product_brand?post=7981"},{"taxonomy":"product_cat","embeddable":true,"href":"https:\/\/proliquidpc.com\/fr\/wp-json\/wp\/v2\/product_cat?post=7981"},{"taxonomy":"product_tag","embeddable":true,"href":"https:\/\/proliquidpc.com\/fr\/wp-json\/wp\/v2\/product_tag?post=7981"}],"curies":[{"name":"wp","href":"https:\/\/api.w.org\/{rel}","templated":true}]}}