{"id":7988,"date":"2024-10-30T16:52:01","date_gmt":"2024-10-30T20:52:01","guid":{"rendered":"https:\/\/dev.proliquidpc.com\/boutique\/non%20class\u00e9\/bykski-gpu-waterblock-a-couverture-complete-pour-nvidia-edition-reference-rtx3080-n-rtx3080fe-x\/"},"modified":"2025-03-12T04:52:15","modified_gmt":"2025-03-12T08:52:15","slug":"bykski-gpu-waterblock-a-couverture-complete-pour-nvidia-edition-reference-rtx3080-n-rtx3080fe-x","status":"publish","type":"product","link":"https:\/\/proliquidpc.com\/fr\/boutique\/gpu-waterblock\/gpu-nvidia\/serie-3000\/bykski-gpu-waterblock-a-couverture-complete-pour-nvidia-edition-reference-rtx3080-n-rtx3080fe-x\/","title":{"rendered":"Bykski GPU Waterblock \u00e0 couverture compl\u00e8te pour nVIDIA \u00c9dition R\u00e9f\u00e9rence RTX3080 &#8211; N-RTX3080FE-X"},"content":{"rendered":"<p>Le Bykski Full Coverage GPU Water Block pour RTX 3080 Founders Edition est une \u0153uvre d\u2019art ! Ce bloc de couverture compl\u00e8te, refroidit directement le c\u0153ur de la carte vid\u00e9o (GPU), la m\u00e9moire graphique (RAM) ainsi que les modules de r\u00e9gulation de tension (VRM). En refroidissant directement ces composants, vous pouvez atteindre d\u2019excellentes temp\u00e9ratures ! Ces temp\u00e9ratures s\u2019accompagnent de la possibilit\u00e9 d\u2019atteindre des overclocks plus \u00e9lev\u00e9s ou de prolonger la dur\u00e9e de vie globale de votre carte en fonctionnant \u00e0 des temp\u00e9ratures inf\u00e9rieures \u00e0 celles d\u2019usine.<\/p>\n<p>Le bloc est construit en cuivre de haute puret\u00e9 qui est galvanis\u00e9 pour \u00e9viter l\u2019oxydation. Une conception \u00e0 haut d\u00e9bit est utilis\u00e9e pour permettre \u00e0 plusieurs blocs de fonctionner en s\u00e9rie. Les ports sup\u00e9rieur et inf\u00e9rieur peuvent \u00eatre utilis\u00e9s pour configurer des conceptions parall\u00e8les ou en s\u00e9rie dans des configurations \u00e0 plusieurs blocs.<\/p>\n<p>La backplate assortie est incluse dans le bloc Founders Edition et est n\u00e9cessaire \u00e0 l\u2019utilisation.<\/p>\n<p>Fonctionnalit\u00e9s<br \/>\nLe meilleur savoir-faire<br \/>\nCon\u00e7u pour s\u2019adapter aux fittings filet\u00e9s standard G1\/4&Prime;<br \/>\nConforme SLI\/Crossfire<br \/>\nSp\u00e9cifications<br \/>\nMod\u00e8le :N-RTX3080FE-X<br \/>\nMarque :Bykski<br \/>\nMat\u00e9riau du bloc : Cuivre \u00e9lectrolytique de haute puret\u00e9 \/ Acrylique transparent<br \/>\nMat\u00e9riau de la backplate : Aluminium anodis\u00e9 noir (pas en contact avec le liquide de refroidissement)<br \/>\nCompatibilit\u00e9<br \/>\n(Y compris, mais sans s\u2019y limiter, les mod\u00e8les suivants)<br \/>\nVersion des fondateurs RTX3080<br \/>\nBien qu\u2019il existe de multiples diff\u00e9rences dans les dispositions de PCB, la bo\u00eete rouge dans l\u2019image secondaire du PCB met en \u00e9vidence le moyen le plus simple d\u2019identifier le PCB que vous avez. Veuillez v\u00e9rifier l\u2019ensemble de l\u2019image du PCB apr\u00e8s avoir affin\u00e9 votre s\u00e9lection pour assurer la compatibilit\u00e9. Pour toute question, veuillez contacter l\u2019assistance pour confirmation.<br \/>\ncompatibilit\u00e9 bas\u00e9e sur la conception de Founders uniquement, le bloc peut ne pas s\u2019adapter modifi\u00e9 \/ super cadenc\u00e9 et d\u2019autres variations de tiers qui s\u2019\u00e9cartent de la conception de Founders.<br \/>\nfittings :G1\/4&Prime; filetage<br \/>\nPi\u00e8ces incluses<br \/>\n1x bloc d\u2019eau GPU \u00e0 couverture compl\u00e8te<br \/>\n1x backplate GPU<br \/>\n2x fitting d\u2019arr\u00eat<br \/>\n1x mat\u00e9riel de montage<br \/>\nGraisse thermique<br \/>\n1x LED RBW<br \/>\n(Avertissement : le RVB adressable (RBW) est de 5 V et est UNIQUEMENT compatible avec les composants RVB adressables (RBW). RGB est 12V et est UNIQUEMENT compatible avec les composants RGB. Le m\u00e9lange et l\u2019assortiment ne fonctionneront PAS et causeront des dommages.<br \/>\nAvertissements<\/p>\n<p>Il s\u2019agit d\u2019un article de r\u00e9paration ou de remplacement uniquement. Les retours ne sont pas accept\u00e9s pour des probl\u00e8mes de compatibilit\u00e9 ou si le bloc a \u00e9t\u00e9 travers\u00e9 par de l\u2019eau ou du liquide.<\/p>\n<p>Le fabricant se r\u00e9serve le droit de modifier la conception du bloc pour \u00e9tendre la compatibilit\u00e9. L\u2019article livr\u00e9 peut ne pas correspondre \u00e0 100% \u00e0 l\u2019article illustr\u00e9. Le produit n\u2019est PAS livr\u00e9 avec des instructions en anglais ni en fran\u00e7ais.<\/p>\n","protected":false},"excerpt":{"rendered":"<p>Le Bykski Full Coverage GPU Water Block pour RTX 3080 Founders Edition est une \u0153uvre d\u2019art ! Ce bloc de couverture compl\u00e8te, refroidit directement le c\u0153ur de la carte vid\u00e9o (GPU), la m\u00e9moire graphique (RAM) ainsi que les modules de r\u00e9gulation de tension (VRM). En refroidissant directement ces composants, vous pouvez atteindre d\u2019excellentes temp\u00e9ratures ! [&hellip;]<\/p>\n","protected":false},"featured_media":7989,"template":"","meta":{"_genesis_hide_title":false,"_genesis_hide_breadcrumbs":false,"_genesis_hide_singular_image":false,"_genesis_hide_footer_widgets":false,"_genesis_custom_body_class":"","_genesis_custom_post_class":"","_genesis_layout":""},"product_brand":[],"product_cat":[39,57,38],"product_tag":[],"class_list":{"0":"post-7988","1":"product","2":"type-product","3":"status-publish","4":"has-post-thumbnail","6":"product_cat-gpu-nvidia","7":"product_cat-serie-3000","8":"product_cat-gpu-waterblock","9":"entry","11":"first","12":"instock","13":"taxable","14":"shipping-taxable","15":"purchasable","16":"product-type-simple"},"_links":{"self":[{"href":"https:\/\/proliquidpc.com\/fr\/wp-json\/wp\/v2\/product\/7988","targetHints":{"allow":["GET"]}}],"collection":[{"href":"https:\/\/proliquidpc.com\/fr\/wp-json\/wp\/v2\/product"}],"about":[{"href":"https:\/\/proliquidpc.com\/fr\/wp-json\/wp\/v2\/types\/product"}],"wp:featuredmedia":[{"embeddable":true,"href":"https:\/\/proliquidpc.com\/fr\/wp-json\/wp\/v2\/media\/7989"}],"wp:attachment":[{"href":"https:\/\/proliquidpc.com\/fr\/wp-json\/wp\/v2\/media?parent=7988"}],"wp:term":[{"taxonomy":"product_brand","embeddable":true,"href":"https:\/\/proliquidpc.com\/fr\/wp-json\/wp\/v2\/product_brand?post=7988"},{"taxonomy":"product_cat","embeddable":true,"href":"https:\/\/proliquidpc.com\/fr\/wp-json\/wp\/v2\/product_cat?post=7988"},{"taxonomy":"product_tag","embeddable":true,"href":"https:\/\/proliquidpc.com\/fr\/wp-json\/wp\/v2\/product_tag?post=7988"}],"curies":[{"name":"wp","href":"https:\/\/api.w.org\/{rel}","templated":true}]}}