{"id":8036,"date":"2024-10-30T16:52:01","date_gmt":"2024-10-30T20:52:01","guid":{"rendered":"https:\/\/dev.proliquidpc.com\/boutique\/non%20class\u00e9\/black-ice-nemesis-360gts-xflow-ultra-stealth-radiateur-a-profil-croise-noir-carbone\/"},"modified":"2025-01-19T16:39:30","modified_gmt":"2025-01-19T21:39:30","slug":"black-ice-nemesis-360gts-xflow-ultra-stealth-radiateur-a-profil-croise-noir-carbone","status":"publish","type":"product","link":"https:\/\/proliquidpc.com\/fr\/boutique\/radiateurs\/360mm\/black-ice-nemesis-360gts-xflow-ultra-stealth-radiateur-a-profil-croise-noir-carbone\/","title":{"rendered":"Black Ice Nemesis 360GTS XFLOW Ultra Stealth Radiateur \u00e0 profil crois\u00e9 &#8211; Noir carbone"},"content":{"rendered":"<p>Le Black Ice\u00ae Nemesis\u00ae 360GTS\u00ae XFlow offre le meilleur rendu de sa cat\u00e9gorie en termes de qualit\u00e9 et de performances pour les professionnels exigeants de casemod. Les optimisations Supercruise exploitent les ventilateurs \u00e0 faible bruit pour des performances \u00e0 l\u2019\u00e9chelle dans une enveloppe de ventilateur triple triple \u00e0 profil bas de 120 mm. Un r\u00e9servoir vectoriel \u00e0 flux crois\u00e9 de conception nouvelle am\u00e9liore l\u2019\u00e9coulement gr\u00e2ce \u00e0 des waterblocks de type impact pour de meilleures performances. Cela permet aux utilisateurs professionnels de disposer d\u2019une solution de radiateur unique pour les impl\u00e9mentations multi-CPU\/GPU qui s\u2019adapte facilement.<\/p>\n<p>Radiateur \u00e0 un passage mince de 120 mm x 3 ventilateurs.<br \/>\n412 mm x 133 mm x 29,6 mm (L x l x H)<br \/>\n16 ailettes en cuivre FPI 25 microns<br \/>\nD\u00e9sormais optimis\u00e9 pour les ventilateurs ultra-furtifs \u00e0 moins de 800 tr\/min<br \/>\nOptimisations Supercruise pour des performances \u00e9volutives avec des ventilateurs \u00e0 plus grande vitesse<br \/>\n15 % de surface de tube en plus dans le m\u00eame facteur de forme Black Ice\u00ae GTS\u2122 360 XFLOW<br \/>\nAugmentation des d\u00e9bits de liquide de refroidissement interne<br \/>\nfittings d\u2019entr\u00e9e\/sortie standard G1\/4&Prime;<br \/>\nFiletages de montage standard M4<br \/>\nCompatible avec les radiateurs Black Ice\u00ae Pro III XFLOW, Black Ice\u00ae GTS\u2122 360 XFLOW<br \/>\nFinition de haute qualit\u00e9 Dark Matter\u2122 personnalis\u00e9e<br \/>\nEnti\u00e8rement conforme \u00e0 la norme ROHS<br \/>\n100% Fabriqu\u00e9 \u00e0 partir de mat\u00e9riaux sans conflit<br \/>\nQualit\u00e9 standard de la glace\u00ae noire de l\u2019industrie<br \/>\nGarantie \u00e0 vie contre les d\u00e9fauts de fabrication*<\/p>\n<p>* Informations sur la garantie limit\u00e9e : www.hardwarelabs.com\/nemesis\/warranty<br \/>\n** Radiateur illustr\u00e9 avec des fittings poussoirs en option<\/p>\n","protected":false},"excerpt":{"rendered":"<p>Le Black Ice\u00ae Nemesis\u00ae 360GTS\u00ae XFlow offre le meilleur rendu de sa cat\u00e9gorie en termes de qualit\u00e9 et de performances pour les professionnels exigeants de casemod. Les optimisations Supercruise exploitent les ventilateurs \u00e0 faible bruit pour des performances \u00e0 l\u2019\u00e9chelle dans une enveloppe de ventilateur triple triple \u00e0 profil bas de 120 mm. Un r\u00e9servoir [&hellip;]<\/p>\n","protected":false},"featured_media":8037,"template":"","meta":{"_genesis_hide_title":false,"_genesis_hide_breadcrumbs":false,"_genesis_hide_singular_image":false,"_genesis_hide_footer_widgets":false,"_genesis_custom_body_class":"","_genesis_custom_post_class":"","_genesis_layout":""},"product_brand":[],"product_cat":[23,33],"product_tag":[],"class_list":{"0":"post-8036","1":"product","2":"type-product","3":"status-publish","4":"has-post-thumbnail","6":"product_cat-radiateurs","7":"product_cat-360mm","8":"entry","10":"first","11":"instock","12":"taxable","13":"shipping-taxable","14":"purchasable","15":"product-type-simple"},"_links":{"self":[{"href":"https:\/\/proliquidpc.com\/fr\/wp-json\/wp\/v2\/product\/8036","targetHints":{"allow":["GET"]}}],"collection":[{"href":"https:\/\/proliquidpc.com\/fr\/wp-json\/wp\/v2\/product"}],"about":[{"href":"https:\/\/proliquidpc.com\/fr\/wp-json\/wp\/v2\/types\/product"}],"wp:featuredmedia":[{"embeddable":true,"href":"https:\/\/proliquidpc.com\/fr\/wp-json\/wp\/v2\/media\/8037"}],"wp:attachment":[{"href":"https:\/\/proliquidpc.com\/fr\/wp-json\/wp\/v2\/media?parent=8036"}],"wp:term":[{"taxonomy":"product_brand","embeddable":true,"href":"https:\/\/proliquidpc.com\/fr\/wp-json\/wp\/v2\/product_brand?post=8036"},{"taxonomy":"product_cat","embeddable":true,"href":"https:\/\/proliquidpc.com\/fr\/wp-json\/wp\/v2\/product_cat?post=8036"},{"taxonomy":"product_tag","embeddable":true,"href":"https:\/\/proliquidpc.com\/fr\/wp-json\/wp\/v2\/product_tag?post=8036"}],"curies":[{"name":"wp","href":"https:\/\/api.w.org\/{rel}","templated":true}]}}