{"id":8051,"date":"2024-10-30T16:52:01","date_gmt":"2024-10-30T20:52:01","guid":{"rendered":"https:\/\/dev.proliquidpc.com\/boutique\/non%20class\u00e9\/black-ice-nemesis-360gtx-dual-core-xtreme-profile-radiateur-primer\/"},"modified":"2025-04-13T14:25:13","modified_gmt":"2025-04-13T18:25:13","slug":"black-ice-nemesis-360gtx-dual-core-xtreme-profile-radiateur-primer","status":"publish","type":"product","link":"https:\/\/proliquidpc.com\/fr\/boutique\/radiateurs\/360mm\/black-ice-nemesis-360gtx-dual-core-xtreme-profile-radiateur-primer\/","title":{"rendered":"Black Ice Nemesis 360GTX\u00ae Dual-Core Xtreme Profile Radiateur &#8211; Primer"},"content":{"rendered":"<p>La Black Ice\u00ae Nemesis\u00ae 360GTX\u00ae est con\u00e7ue pour le professionnel casemod professional qui adopte une approche sans compromis en mati\u00e8re de performances, de design et de qualit\u00e9 de fabrication. L\u2019utilisation de la nouvelle plate-forme Nemesis\u00ae permet de tirer parti des performances extr\u00eames d\u2019un triple ventilateur \u00e0 des niveaux de bruit ultra-furtifs.<\/p>\n<p>Radiateur \u00e0 deux passes au facteur de forme Xtreme de 120 mm x 3 ventilateurs<br \/>\n398 mm x 133 mm x 54 mm (L x l x H)<br \/>\n16 ailettes en cuivre FPI 25 microns<br \/>\nD\u00e9sormais optimis\u00e9 pour les ventilateurs ultra-furtifs \u00e0 moins de 800 tr\/min<br \/>\nOptimisations Supercruise pour des performances \u00e9volutives avec des ventilateurs \u00e0 plus grande vitesse<br \/>\n15 % de surface de tube en plus dans le m\u00eame facteur de forme Black Ice\u00ae GTX\u2122 240<br \/>\nAugmentation des d\u00e9bits de liquide de refroidissement interne<br \/>\nfittings d\u2019entr\u00e9e\/sortie standard G1\/4&Prime;<br \/>\nFiletages de montage standard M4<br \/>\nCompatible avec les radiateurs Black Ice\u00ae Xtreme III, Black Ice\u00ae GTX\u2122 360<br \/>\nEnti\u00e8rement conforme \u00e0 la norme ROHS<br \/>\n100% Fabriqu\u00e9 \u00e0 partir de mat\u00e9riaux sans conflit<br \/>\nQualit\u00e9 standard de la glace\u00ae noire de l\u2019industrie<br \/>\nGarantie \u00e0 vie contre les d\u00e9fauts de fabrication*<\/p>\n<p>* Informations sur la garantie limit\u00e9e : www.hardwarelabs.com\/nemesis\/warranty<br \/>\n** Radiateur illustr\u00e9 avec des fittings poussoirs en option<\/p>\n","protected":false},"excerpt":{"rendered":"<p>La Black Ice\u00ae Nemesis\u00ae 360GTX\u00ae est con\u00e7ue pour le professionnel casemod professional qui adopte une approche sans compromis en mati\u00e8re de performances, de design et de qualit\u00e9 de fabrication. L\u2019utilisation de la nouvelle plate-forme Nemesis\u00ae permet de tirer parti des performances extr\u00eames d\u2019un triple ventilateur \u00e0 des niveaux de bruit ultra-furtifs. Radiateur \u00e0 deux passes [&hellip;]<\/p>\n","protected":false},"featured_media":8052,"template":"","meta":{"_genesis_hide_title":false,"_genesis_hide_breadcrumbs":false,"_genesis_hide_singular_image":false,"_genesis_hide_footer_widgets":false,"_genesis_custom_body_class":"","_genesis_custom_post_class":"","_genesis_layout":""},"product_brand":[],"product_cat":[23,33],"product_tag":[],"class_list":{"0":"post-8051","1":"product","2":"type-product","3":"status-publish","4":"has-post-thumbnail","6":"product_cat-radiateurs","7":"product_cat-360mm","8":"entry","10":"first","11":"instock","12":"taxable","13":"shipping-taxable","14":"purchasable","15":"product-type-simple"},"_links":{"self":[{"href":"https:\/\/proliquidpc.com\/fr\/wp-json\/wp\/v2\/product\/8051","targetHints":{"allow":["GET"]}}],"collection":[{"href":"https:\/\/proliquidpc.com\/fr\/wp-json\/wp\/v2\/product"}],"about":[{"href":"https:\/\/proliquidpc.com\/fr\/wp-json\/wp\/v2\/types\/product"}],"wp:featuredmedia":[{"embeddable":true,"href":"https:\/\/proliquidpc.com\/fr\/wp-json\/wp\/v2\/media\/8052"}],"wp:attachment":[{"href":"https:\/\/proliquidpc.com\/fr\/wp-json\/wp\/v2\/media?parent=8051"}],"wp:term":[{"taxonomy":"product_brand","embeddable":true,"href":"https:\/\/proliquidpc.com\/fr\/wp-json\/wp\/v2\/product_brand?post=8051"},{"taxonomy":"product_cat","embeddable":true,"href":"https:\/\/proliquidpc.com\/fr\/wp-json\/wp\/v2\/product_cat?post=8051"},{"taxonomy":"product_tag","embeddable":true,"href":"https:\/\/proliquidpc.com\/fr\/wp-json\/wp\/v2\/product_tag?post=8051"}],"curies":[{"name":"wp","href":"https:\/\/api.w.org\/{rel}","templated":true}]}}