{"id":8062,"date":"2024-10-30T16:52:01","date_gmt":"2024-10-30T20:52:01","guid":{"rendered":"https:\/\/dev.proliquidpc.com\/boutique\/non%20class\u00e9\/black-ice-nemesis-420gts-ultra-stealth-u-flow-radiateur-a-profil-bas-primer\/"},"modified":"2025-01-19T16:39:35","modified_gmt":"2025-01-19T21:39:35","slug":"black-ice-nemesis-420gts-ultra-stealth-u-flow-radiateur-a-profil-bas-primer","status":"publish","type":"product","link":"https:\/\/proliquidpc.com\/fr\/boutique\/radiateurs\/420mm\/black-ice-nemesis-420gts-ultra-stealth-u-flow-radiateur-a-profil-bas-primer\/","title":{"rendered":"Black Ice Nemesis 420GTS Ultra Stealth U-Flow Radiateur \u00e0 profil bas &#8211; Primer"},"content":{"rendered":"<p>Le Black Ice\u00ae Nemesis\u00ae 420GTS augmente les performances en utilisant deux ventilateurs\u00ae de 140 mm \u00e0 faible bruit inf\u00e9rieurs \u00e0 800 tr\/min pour des performances encore meilleures avec une empreinte sonore r\u00e9duite. Cela fournit aux amateurs de casemod un radiateur \u00e0 double ventilateur \u00e0 facteur de forme mince avec des performances am\u00e9lior\u00e9es sans les p\u00e9nalit\u00e9s acoustiques.<\/p>\n","protected":false},"excerpt":{"rendered":"<p>Le Black Ice\u00ae Nemesis\u00ae 420GTS augmente les performances en utilisant deux ventilateurs\u00ae de 140 mm \u00e0 faible bruit inf\u00e9rieurs \u00e0 800 tr\/min pour des performances encore meilleures avec une empreinte sonore r\u00e9duite. Cela fournit aux amateurs de casemod un radiateur \u00e0 double ventilateur \u00e0 facteur de forme mince avec des performances am\u00e9lior\u00e9es sans les p\u00e9nalit\u00e9s [&hellip;]<\/p>\n","protected":false},"featured_media":8063,"template":"","meta":{"_genesis_hide_title":false,"_genesis_hide_breadcrumbs":false,"_genesis_hide_singular_image":false,"_genesis_hide_footer_widgets":false,"_genesis_custom_body_class":"","_genesis_custom_post_class":"","_genesis_layout":""},"product_brand":[],"product_cat":[23,54],"product_tag":[],"class_list":{"0":"post-8062","1":"product","2":"type-product","3":"status-publish","4":"has-post-thumbnail","6":"product_cat-radiateurs","7":"product_cat-420mm","8":"entry","10":"first","11":"instock","12":"taxable","13":"shipping-taxable","14":"purchasable","15":"product-type-simple"},"_links":{"self":[{"href":"https:\/\/proliquidpc.com\/fr\/wp-json\/wp\/v2\/product\/8062","targetHints":{"allow":["GET"]}}],"collection":[{"href":"https:\/\/proliquidpc.com\/fr\/wp-json\/wp\/v2\/product"}],"about":[{"href":"https:\/\/proliquidpc.com\/fr\/wp-json\/wp\/v2\/types\/product"}],"wp:featuredmedia":[{"embeddable":true,"href":"https:\/\/proliquidpc.com\/fr\/wp-json\/wp\/v2\/media\/8063"}],"wp:attachment":[{"href":"https:\/\/proliquidpc.com\/fr\/wp-json\/wp\/v2\/media?parent=8062"}],"wp:term":[{"taxonomy":"product_brand","embeddable":true,"href":"https:\/\/proliquidpc.com\/fr\/wp-json\/wp\/v2\/product_brand?post=8062"},{"taxonomy":"product_cat","embeddable":true,"href":"https:\/\/proliquidpc.com\/fr\/wp-json\/wp\/v2\/product_cat?post=8062"},{"taxonomy":"product_tag","embeddable":true,"href":"https:\/\/proliquidpc.com\/fr\/wp-json\/wp\/v2\/product_tag?post=8062"}],"curies":[{"name":"wp","href":"https:\/\/api.w.org\/{rel}","templated":true}]}}