{"id":8073,"date":"2024-10-30T16:53:33","date_gmt":"2024-10-30T20:53:33","guid":{"rendered":"https:\/\/dev.proliquidpc.com\/boutique\/non%20class\u00e9\/black-ice-nemesis-480gtx-dual-core-xtreme-profile-radiateur-n480gtx-f2pw-blanc\/"},"modified":"2025-02-18T20:35:44","modified_gmt":"2025-02-19T01:35:44","slug":"black-ice-nemesis-480gtx-dual-core-xtreme-profile-radiateur-n480gtx-f2pw-blanc","status":"publish","type":"product","link":"https:\/\/proliquidpc.com\/fr\/boutique\/radiateurs\/480mm\/black-ice-nemesis-480gtx-dual-core-xtreme-profile-radiateur-n480gtx-f2pw-blanc\/","title":{"rendered":"Black Ice Nemesis 480GTX\u00ae Dual-Core Xtreme Profile Radiateur &#8211; N480GTX-F2PW &#8211; Blanc"},"content":{"rendered":"<p>Le Black Ice\u00ae Nemesis\u00ae 480GTX\u00ae est l\u2019impl\u00e9mentation du quadruple ventilateur de 120 mm de la s\u00e9rie de radiateurs Nemesis\u00ae. Dot\u00e9 d\u2019un c\u0153ur GTX\u00ae \u00e0 flux am\u00e9lior\u00e9 avec des optimisations Supercruise, nous donnons au moddeur de bo\u00eetier PC hardcore tout ce qui est n\u00e9cessaire pour ex\u00e9cuter une configuration multi-CPU\/multi-GPU tout en maintenant des op\u00e9rations silencieuses avec un meilleur flux et une \u00e9volutivit\u00e9 consid\u00e9rablement am\u00e9lior\u00e9e.<\/p>\n<p>Radiateur \u00e0 deux passes au facteur de forme Xtreme de 120 mm x 4 ventilateurs<br \/>\n518 mm x 133 mm x 54 mm (L x l x H)<br \/>\n16 ailettes en cuivre FPI 25 microns<br \/>\nD\u00e9sormais optimis\u00e9 pour les ventilateurs ultra-furtifs \u00e0 moins de 800 tr\/min<br \/>\nOptimisations Supercruise pour des performances \u00e9volutives avec des ventilateurs \u00e0 plus grande vitesse<br \/>\n15 % de surface de tube en plus dans le m\u00eame facteur de forme Black Ice\u00ae GTX\u2122 480<br \/>\nAugmentation des d\u00e9bits de liquide de refroidissement interne<br \/>\nfittings d\u2019entr\u00e9e\/sortie standard G1\/4&Prime;<br \/>\nFiletages de montage standard M4<br \/>\nEnti\u00e8rement conforme \u00e0 la norme ROHS<br \/>\n100% Fabriqu\u00e9 \u00e0 partir de mat\u00e9riaux sans conflit<br \/>\nQualit\u00e9 standard de la glace\u00ae noire de l\u2019industrie<br \/>\nGarantie \u00e0 vie contre les d\u00e9fauts de fabrication*<\/p>\n<p>* Informations sur la garantie limit\u00e9e : www.hardwarelabs.com\/nemesis\/warranty<br \/>\n** Radiateur illustr\u00e9 avec des fittings poussoirs en option<\/p>\n","protected":false},"excerpt":{"rendered":"<p>Le Black Ice\u00ae Nemesis\u00ae 480GTX\u00ae est l\u2019impl\u00e9mentation du quadruple ventilateur de 120 mm de la s\u00e9rie de radiateurs Nemesis\u00ae. Dot\u00e9 d\u2019un c\u0153ur GTX\u00ae \u00e0 flux am\u00e9lior\u00e9 avec des optimisations Supercruise, nous donnons au moddeur de bo\u00eetier PC hardcore tout ce qui est n\u00e9cessaire pour ex\u00e9cuter une configuration multi-CPU\/multi-GPU tout en maintenant des op\u00e9rations silencieuses avec [&hellip;]<\/p>\n","protected":false},"featured_media":8074,"template":"","meta":{"_genesis_hide_title":false,"_genesis_hide_breadcrumbs":false,"_genesis_hide_singular_image":false,"_genesis_hide_footer_widgets":false,"_genesis_custom_body_class":"","_genesis_custom_post_class":"","_genesis_layout":""},"product_brand":[],"product_cat":[23,24],"product_tag":[],"class_list":{"0":"post-8073","1":"product","2":"type-product","3":"status-publish","4":"has-post-thumbnail","6":"product_cat-radiateurs","7":"product_cat-480mm","8":"entry","10":"first","11":"instock","12":"taxable","13":"shipping-taxable","14":"purchasable","15":"product-type-simple"},"_links":{"self":[{"href":"https:\/\/proliquidpc.com\/fr\/wp-json\/wp\/v2\/product\/8073","targetHints":{"allow":["GET"]}}],"collection":[{"href":"https:\/\/proliquidpc.com\/fr\/wp-json\/wp\/v2\/product"}],"about":[{"href":"https:\/\/proliquidpc.com\/fr\/wp-json\/wp\/v2\/types\/product"}],"wp:featuredmedia":[{"embeddable":true,"href":"https:\/\/proliquidpc.com\/fr\/wp-json\/wp\/v2\/media\/8074"}],"wp:attachment":[{"href":"https:\/\/proliquidpc.com\/fr\/wp-json\/wp\/v2\/media?parent=8073"}],"wp:term":[{"taxonomy":"product_brand","embeddable":true,"href":"https:\/\/proliquidpc.com\/fr\/wp-json\/wp\/v2\/product_brand?post=8073"},{"taxonomy":"product_cat","embeddable":true,"href":"https:\/\/proliquidpc.com\/fr\/wp-json\/wp\/v2\/product_cat?post=8073"},{"taxonomy":"product_tag","embeddable":true,"href":"https:\/\/proliquidpc.com\/fr\/wp-json\/wp\/v2\/product_tag?post=8073"}],"curies":[{"name":"wp","href":"https:\/\/api.w.org\/{rel}","templated":true}]}}