{"id":8090,"date":"2024-10-30T16:53:33","date_gmt":"2024-10-30T20:53:33","guid":{"rendered":"https:\/\/dev.proliquidpc.com\/boutique\/non%20class\u00e9\/barrow-14-10mm-petg-hard-tubing-pg1410-2l-1000mm-transparent\/"},"modified":"2025-03-09T21:50:33","modified_gmt":"2025-03-10T01:50:33","slug":"barrow-14-10mm-petg-hard-tubing-pg1410-2l-1000mm-transparent","status":"publish","type":"product","link":"https:\/\/proliquidpc.com\/fr\/boutique\/tubing\/hard-tubing-petg\/barrow-14-10mm-petg-hard-tubing-pg1410-2l-1000mm-transparent\/","title":{"rendered":"Barrow 14\/10mm PETG Hard tubing PG1410-2L &#8211; 1000mm &#8211; Transparent"},"content":{"rendered":"<p>Le tube rigide de Barrow est une excellente alternative au tube souple classique. Fabriqu\u00e9s en PETG, les tubes Hardline constituent un moyen plus propre et plus pr\u00e9cis de tuber votre syst\u00e8me. Vous pouvez plier ou fa\u00e7onner des tubes durs \u00e0 l\u2019aide d\u2019un cordon de cintrage, d\u2019un pistolet thermique et d\u2019un outil de cintrage. M\u00eame si l&rsquo;utilisation de tubes rigides dans votre construction pr\u00e9sente de nouveaux d\u00e9fis, les r\u00e9sultats parlent d&rsquo;eux-m\u00eames.<\/p>\n","protected":false},"excerpt":{"rendered":"<p>Le tube rigide de Barrow est une excellente alternative au tube souple classique. Fabriqu\u00e9s en PETG, les tubes Hardline constituent un moyen plus propre et plus pr\u00e9cis de tuber votre syst\u00e8me. Vous pouvez plier ou fa\u00e7onner des tubes durs \u00e0 l\u2019aide d\u2019un cordon de cintrage, d\u2019un pistolet thermique et d\u2019un outil de cintrage. M\u00eame si [&hellip;]<\/p>\n","protected":false},"featured_media":8091,"template":"","meta":{"_genesis_hide_title":false,"_genesis_hide_breadcrumbs":false,"_genesis_hide_singular_image":false,"_genesis_hide_footer_widgets":false,"_genesis_custom_body_class":"","_genesis_custom_post_class":"","_genesis_layout":""},"product_brand":[233],"product_cat":[28,27],"product_tag":[],"class_list":{"0":"post-8090","1":"product","2":"type-product","3":"status-publish","4":"has-post-thumbnail","6":"product_brand-barrow","7":"product_cat-hard-tubing-petg","8":"product_cat-tubing","9":"entry","11":"first","12":"outofstock","13":"taxable","14":"shipping-taxable","15":"purchasable","16":"product-type-simple"},"_links":{"self":[{"href":"https:\/\/proliquidpc.com\/fr\/wp-json\/wp\/v2\/product\/8090","targetHints":{"allow":["GET"]}}],"collection":[{"href":"https:\/\/proliquidpc.com\/fr\/wp-json\/wp\/v2\/product"}],"about":[{"href":"https:\/\/proliquidpc.com\/fr\/wp-json\/wp\/v2\/types\/product"}],"wp:featuredmedia":[{"embeddable":true,"href":"https:\/\/proliquidpc.com\/fr\/wp-json\/wp\/v2\/media\/8091"}],"wp:attachment":[{"href":"https:\/\/proliquidpc.com\/fr\/wp-json\/wp\/v2\/media?parent=8090"}],"wp:term":[{"taxonomy":"product_brand","embeddable":true,"href":"https:\/\/proliquidpc.com\/fr\/wp-json\/wp\/v2\/product_brand?post=8090"},{"taxonomy":"product_cat","embeddable":true,"href":"https:\/\/proliquidpc.com\/fr\/wp-json\/wp\/v2\/product_cat?post=8090"},{"taxonomy":"product_tag","embeddable":true,"href":"https:\/\/proliquidpc.com\/fr\/wp-json\/wp\/v2\/product_tag?post=8090"}],"curies":[{"name":"wp","href":"https:\/\/api.w.org\/{rel}","templated":true}]}}