{"id":8179,"date":"2024-10-30T16:53:33","date_gmt":"2024-10-30T20:53:33","guid":{"rendered":"https:\/\/dev.proliquidpc.com\/boutique\/non%20class\u00e9\/distroplate-bykski-pour-lian-li-pc-o11-avec-pompe-ddc-rgv-lan-o11mini-li-p\/"},"modified":"2025-09-04T04:55:04","modified_gmt":"2025-09-04T08:55:04","slug":"distroplate-bykski-pour-lian-li-pc-o11-avec-pompe-ddc-rgv-lan-o11mini-li-p","status":"publish","type":"product","link":"https:\/\/proliquidpc.com\/fr\/boutique\/reservoirs\/distroplates\/distroplate-bykski-pour-lian-li-pc-o11-avec-pompe-ddc-rgv-lan-o11mini-li-p\/","title":{"rendered":"Distroplate Bykski pour Lian Li PC-O11 avec pompe DDC &#8211; RGV-LAN-O11MINI-LI-P"},"content":{"rendered":"<p>La distribution Bykski offre un moyen distinct et innovant d\u2019am\u00e9liorer l\u2019apparence de votre boucle. Ces plaques sont personnalis\u00e9es pour s\u2019adapter \u00e0 votre cas sp\u00e9cifique, cr\u00e9ant un look \u00e9l\u00e9gant et parall\u00e8le. De plus, ils peuvent \u00eatre \u00e9quip\u00e9s d\u2019une pompe en ligne en option, vous permettant d\u2019alimenter l\u2019ensemble de votre boucle \u00e0 partir de la pi\u00e8ce ma\u00eetresse.<\/p>\n<p>La Distro Plate est fabriqu\u00e9e en mat\u00e9riau PMMA, avec des filetages G1\/4&Prime;, et est con\u00e7ue pour \u00eatre compatible avec le bo\u00eetier Lian Li PC-O11 MINI. Il fonctionne bien avec les boucles en aluminium et non en aluminium et est con\u00e7u pour supporter des radiateurs jusqu\u2019\u00e0 30 mm d\u2019\u00e9paisseur ou moins.<\/p>\n<p>En plus de la plaque Distro elle-m\u00eame, l\u2019ensemble comprend le mat\u00e9riel de montage, une bande LED A-RGB (RBW) et la possibilit\u00e9 d\u2019inclure une pompe DDC avec armure, une pompe DDC avec \u00e9cran LCD ou aucune pompe du tout. Les plaques Bykski Distro sont une excellente option pour ceux qui recherchent une solution de refroidissement par eau propre et visuellement attrayante qui offre des performances de haute qualit\u00e9.<\/p>\n<p>Caract\u00e9ristiques &#8211; Distro Plate<\/p>\n<p>Mat\u00e9riau : PMMA<br \/>\nFiletage : G1\/4&Prime;<br \/>\nCompatibilit\u00e9<\/p>\n<p>Compatible avec le bo\u00eetier Lian Li PC-O11 MINI<br \/>\nBoucle : aluminium ou non-aluminium<br \/>\nRadiateur : Con\u00e7u pour une \u00e9paisseur de 30 mm ou moins<br \/>\nPi\u00e8ces incluses<\/p>\n<p>1x distroplate<br \/>\nQuincaillerie de montage<br \/>\nBande LED A-RGB (RBW)<br \/>\nPompe DDC en option avec armure, pompe DDC avec \u00e9cran LCD ou aucune pompe incluse<\/p>\n<p>Caract\u00e9ristiques &#8211; DDC en option<\/p>\n<p>Mat\u00e9riau du dissipateur thermique : Aluminium<br \/>\nAlimentation : connecteur d\u2019alimentation standard \u00e0 4 broches et connecteur PWM \u00e0 4 broches<br \/>\nPlage de tension : 10 V &#8211; 15 V CC<br \/>\nMTBF (Mean Time Between Failure) : 50 000 heures \u00e9quivalentes \u00e0 5 ans de dur\u00e9e de vie<br \/>\nD\u00e9charge maximale :~ 132 GPH (600 LPH)<br \/>\nR\u00e9gime max. : 5000<br \/>\nDimensions :62 x 62 x 58mm<br \/>\nLes performances varient en fonction de la dynamique de la boucle de refroidissement<\/p>\n<p>Avertissements<br \/>\nCe bloc est con\u00e7u sp\u00e9cifiquement pour ce cas. En fonction de la carte m\u00e8re, des blocs, des fittings utilis\u00e9s et de la disposition, le tube de connexion peut ne pas appara\u00eetre comme sur la photo (parfaitement horizontal).<\/p>\n","protected":false},"excerpt":{"rendered":"<p>La distribution Bykski offre un moyen distinct et innovant d\u2019am\u00e9liorer l\u2019apparence de votre boucle. Ces plaques sont personnalis\u00e9es pour s\u2019adapter \u00e0 votre cas sp\u00e9cifique, cr\u00e9ant un look \u00e9l\u00e9gant et parall\u00e8le. De plus, ils peuvent \u00eatre \u00e9quip\u00e9s d\u2019une pompe en ligne en option, vous permettant d\u2019alimenter l\u2019ensemble de votre boucle \u00e0 partir de la pi\u00e8ce ma\u00eetresse. [&hellip;]<\/p>\n","protected":false},"featured_media":8180,"template":"","meta":{"_genesis_hide_title":false,"_genesis_hide_breadcrumbs":false,"_genesis_hide_singular_image":false,"_genesis_hide_footer_widgets":false,"_genesis_custom_body_class":"","_genesis_custom_post_class":"","_genesis_layout":""},"product_brand":[],"product_cat":[42,41],"product_tag":[],"class_list":{"0":"post-8179","1":"product","2":"type-product","3":"status-publish","4":"has-post-thumbnail","6":"product_cat-distroplates","7":"product_cat-reservoirs","8":"entry","10":"first","11":"outofstock","12":"taxable","13":"shipping-taxable","14":"purchasable","15":"product-type-simple"},"_links":{"self":[{"href":"https:\/\/proliquidpc.com\/fr\/wp-json\/wp\/v2\/product\/8179","targetHints":{"allow":["GET"]}}],"collection":[{"href":"https:\/\/proliquidpc.com\/fr\/wp-json\/wp\/v2\/product"}],"about":[{"href":"https:\/\/proliquidpc.com\/fr\/wp-json\/wp\/v2\/types\/product"}],"wp:featuredmedia":[{"embeddable":true,"href":"https:\/\/proliquidpc.com\/fr\/wp-json\/wp\/v2\/media\/8180"}],"wp:attachment":[{"href":"https:\/\/proliquidpc.com\/fr\/wp-json\/wp\/v2\/media?parent=8179"}],"wp:term":[{"taxonomy":"product_brand","embeddable":true,"href":"https:\/\/proliquidpc.com\/fr\/wp-json\/wp\/v2\/product_brand?post=8179"},{"taxonomy":"product_cat","embeddable":true,"href":"https:\/\/proliquidpc.com\/fr\/wp-json\/wp\/v2\/product_cat?post=8179"},{"taxonomy":"product_tag","embeddable":true,"href":"https:\/\/proliquidpc.com\/fr\/wp-json\/wp\/v2\/product_tag?post=8179"}],"curies":[{"name":"wp","href":"https:\/\/api.w.org\/{rel}","templated":true}]}}