{"id":8241,"date":"2024-10-30T16:53:33","date_gmt":"2024-10-30T20:53:33","guid":{"rendered":"https:\/\/dev.proliquidpc.com\/boutique\/non%20class\u00e9\/bykski-distro-plate-module-de-reglage-du-port-cpu-rgv-tr10\/"},"modified":"2025-03-17T19:33:26","modified_gmt":"2025-03-17T23:33:26","slug":"bykski-distro-plate-module-de-reglage-du-port-cpu-rgv-tr10","status":"publish","type":"product","link":"https:\/\/proliquidpc.com\/fr\/boutique\/reservoirs\/distroplates\/bykski-distro-plate-module-de-reglage-du-port-cpu-rgv-tr10\/","title":{"rendered":"Bykski Distro Plate Module de R\u00e9glage du Port CPU &#8211; RGV-TR10"},"content":{"rendered":"<p>Le module de r\u00e9glage des plaques de distribution Bykski fonctionne avec la plupart des plaques de distribution. Vous pouvez l\u2019utiliser pour ajuster les emplacements des ports du processeur afin qu\u2019ils s\u2019alignent directement avec certaines configurations. Fabriqu\u00e9 \u00e0 partir d\u2019un mat\u00e9riau PMMA assorti \u00e0 votre Distro Plate !<\/p>\n<p>Fonctionnalit\u00e9s<br \/>\nMat\u00e9riau PMMA<br \/>\nConception de visage en diamant<br \/>\nSp\u00e9cifications<br \/>\nMod\u00e8le :RGV-TR10-V3<br \/>\nMarque :Bykski<br \/>\nCompatibilit\u00e9<br \/>\nPlaques de distribution<br \/>\nPi\u00e8ces incluses<br \/>\n1x module de r\u00e9glage avec joint torique<br \/>\nAvertissements<\/p>\n","protected":false},"excerpt":{"rendered":"<p>Le module de r\u00e9glage des plaques de distribution Bykski fonctionne avec la plupart des plaques de distribution. Vous pouvez l\u2019utiliser pour ajuster les emplacements des ports du processeur afin qu\u2019ils s\u2019alignent directement avec certaines configurations. Fabriqu\u00e9 \u00e0 partir d\u2019un mat\u00e9riau PMMA assorti \u00e0 votre Distro Plate ! Fonctionnalit\u00e9s Mat\u00e9riau PMMA Conception de visage en diamant [&hellip;]<\/p>\n","protected":false},"featured_media":11147,"template":"","meta":{"_genesis_hide_title":false,"_genesis_hide_breadcrumbs":false,"_genesis_hide_singular_image":false,"_genesis_hide_footer_widgets":false,"_genesis_custom_body_class":"","_genesis_custom_post_class":"","_genesis_layout":""},"product_brand":[],"product_cat":[42,41],"product_tag":[],"class_list":{"0":"post-8241","1":"product","2":"type-product","3":"status-publish","4":"has-post-thumbnail","6":"product_cat-distroplates","7":"product_cat-reservoirs","8":"entry","10":"first","11":"instock","12":"taxable","13":"shipping-taxable","14":"purchasable","15":"product-type-simple"},"_links":{"self":[{"href":"https:\/\/proliquidpc.com\/fr\/wp-json\/wp\/v2\/product\/8241","targetHints":{"allow":["GET"]}}],"collection":[{"href":"https:\/\/proliquidpc.com\/fr\/wp-json\/wp\/v2\/product"}],"about":[{"href":"https:\/\/proliquidpc.com\/fr\/wp-json\/wp\/v2\/types\/product"}],"wp:featuredmedia":[{"embeddable":true,"href":"https:\/\/proliquidpc.com\/fr\/wp-json\/wp\/v2\/media\/11147"}],"wp:attachment":[{"href":"https:\/\/proliquidpc.com\/fr\/wp-json\/wp\/v2\/media?parent=8241"}],"wp:term":[{"taxonomy":"product_brand","embeddable":true,"href":"https:\/\/proliquidpc.com\/fr\/wp-json\/wp\/v2\/product_brand?post=8241"},{"taxonomy":"product_cat","embeddable":true,"href":"https:\/\/proliquidpc.com\/fr\/wp-json\/wp\/v2\/product_cat?post=8241"},{"taxonomy":"product_tag","embeddable":true,"href":"https:\/\/proliquidpc.com\/fr\/wp-json\/wp\/v2\/product_tag?post=8241"}],"curies":[{"name":"wp","href":"https:\/\/api.w.org\/{rel}","templated":true}]}}