{"id":8242,"date":"2024-10-30T16:53:33","date_gmt":"2024-10-30T20:53:33","guid":{"rendered":"https:\/\/dev.proliquidpc.com\/boutique\/non%20class\u00e9\/barrow-rkzxs1-4-cable-repartiteur-rvb-4-voies\/"},"modified":"2025-03-09T21:49:33","modified_gmt":"2025-03-10T01:49:33","slug":"barrow-rkzxs1-4-cable-repartiteur-rvb-4-voies","status":"publish","type":"product","link":"https:\/\/proliquidpc.com\/fr\/boutique\/led-controleurs\/barrow-rkzxs1-4-cable-repartiteur-rvb-4-voies\/","title":{"rendered":"Barrow RKZXS1-4 C\u00e2ble r\u00e9partiteur RVB 4 voies"},"content":{"rendered":"<p>Ce c\u00e2ble r\u00e9partiteur peut \u00eatre utilis\u00e9 pour contr\u00f4ler 4 bandes Barrow RGB \u00e0 partir d\u2019un seul contr\u00f4leur RGB. Cela peut \u00eatre utilis\u00e9 pour obtenir un \u00e9clairage synchrone avec toutes les bandes RVB de votre syst\u00e8me. La charge maximale est de 7 m\u00e8tres de bande lumineuse (environ 400 LED).<\/p>\n","protected":false},"excerpt":{"rendered":"<p>Ce c\u00e2ble r\u00e9partiteur peut \u00eatre utilis\u00e9 pour contr\u00f4ler 4 bandes Barrow RGB \u00e0 partir d\u2019un seul contr\u00f4leur RGB. Cela peut \u00eatre utilis\u00e9 pour obtenir un \u00e9clairage synchrone avec toutes les bandes RVB de votre syst\u00e8me. La charge maximale est de 7 m\u00e8tres de bande lumineuse (environ 400 LED).<\/p>\n","protected":false},"featured_media":8243,"template":"","meta":{"_genesis_hide_title":false,"_genesis_hide_breadcrumbs":false,"_genesis_hide_singular_image":false,"_genesis_hide_footer_widgets":false,"_genesis_custom_body_class":"","_genesis_custom_post_class":"","_genesis_layout":""},"product_brand":[233],"product_cat":[25],"product_tag":[],"class_list":{"0":"post-8242","1":"product","2":"type-product","3":"status-publish","4":"has-post-thumbnail","6":"product_brand-barrow","7":"product_cat-led-controleurs","8":"entry","10":"first","11":"instock","12":"taxable","13":"shipping-taxable","14":"purchasable","15":"product-type-simple"},"_links":{"self":[{"href":"https:\/\/proliquidpc.com\/fr\/wp-json\/wp\/v2\/product\/8242","targetHints":{"allow":["GET"]}}],"collection":[{"href":"https:\/\/proliquidpc.com\/fr\/wp-json\/wp\/v2\/product"}],"about":[{"href":"https:\/\/proliquidpc.com\/fr\/wp-json\/wp\/v2\/types\/product"}],"wp:featuredmedia":[{"embeddable":true,"href":"https:\/\/proliquidpc.com\/fr\/wp-json\/wp\/v2\/media\/8243"}],"wp:attachment":[{"href":"https:\/\/proliquidpc.com\/fr\/wp-json\/wp\/v2\/media?parent=8242"}],"wp:term":[{"taxonomy":"product_brand","embeddable":true,"href":"https:\/\/proliquidpc.com\/fr\/wp-json\/wp\/v2\/product_brand?post=8242"},{"taxonomy":"product_cat","embeddable":true,"href":"https:\/\/proliquidpc.com\/fr\/wp-json\/wp\/v2\/product_cat?post=8242"},{"taxonomy":"product_tag","embeddable":true,"href":"https:\/\/proliquidpc.com\/fr\/wp-json\/wp\/v2\/product_tag?post=8242"}],"curies":[{"name":"wp","href":"https:\/\/api.w.org\/{rel}","templated":true}]}}