{"id":8247,"date":"2024-10-30T16:53:33","date_gmt":"2024-10-30T20:53:33","guid":{"rendered":"https:\/\/dev.proliquidpc.com\/boutique\/non%20class\u00e9\/cordon-de-cintrage-en-silicone-pour-tubes-rigides-10mm-barrow-ru-10\/"},"modified":"2026-04-03T16:10:24","modified_gmt":"2026-04-03T20:10:24","slug":"cordon-de-cintrage-en-silicone-pour-tubes-rigides-10mm-barrow-ru-10","status":"publish","type":"product","link":"https:\/\/proliquidpc.com\/fr\/boutique\/outils\/cordon-de-cintrage-en-silicone-pour-tubes-rigides-10mm-barrow-ru-10\/","title":{"rendered":"Cordon de cintrage en silicone pour tubes rigides 10mm  Barrow &#8211; RU-10"},"content":{"rendered":"<p>Rev\u00eatement en silicone haute temp\u00e9rature applicable pour les tubes rigides de 10 mm de diam\u00e8tre interne. Le silicone peut r\u00e9sister jusqu\u2019\u00e0 250 degr\u00e9s de chaleur intense. Il est fabriqu\u00e9 en gel de silice de haute qualit\u00e9 et pr\u00e9sente les caract\u00e9ristiques de r\u00e9sistance \u00e0 l\u2019usure, \u00e0 la chaleur et au vieillissement. Grande flexibilit\u00e9 et pliage constant pour obtenir les bons angles de flexion des tubes.<\/p>\n","protected":false},"excerpt":{"rendered":"<p>Rev\u00eatement en silicone haute temp\u00e9rature applicable pour les tubes rigides de 10 mm de diam\u00e8tre interne. Le silicone peut r\u00e9sister jusqu\u2019\u00e0 250 degr\u00e9s de chaleur intense. Il est fabriqu\u00e9 en gel de silice de haute qualit\u00e9 et pr\u00e9sente les caract\u00e9ristiques de r\u00e9sistance \u00e0 l\u2019usure, \u00e0 la chaleur et au vieillissement. Grande flexibilit\u00e9 et pliage constant [&hellip;]<\/p>\n","protected":false},"featured_media":8248,"template":"","meta":{"_genesis_hide_title":false,"_genesis_hide_breadcrumbs":false,"_genesis_hide_singular_image":false,"_genesis_hide_footer_widgets":false,"_genesis_custom_body_class":"","_genesis_custom_post_class":"","_genesis_layout":""},"product_brand":[233],"product_cat":[44],"product_tag":[],"class_list":{"0":"post-8247","1":"product","2":"type-product","3":"status-publish","4":"has-post-thumbnail","6":"product_brand-barrow","7":"product_cat-outils","8":"entry","10":"first","11":"instock","12":"taxable","13":"shipping-taxable","14":"purchasable","15":"product-type-simple"},"_links":{"self":[{"href":"https:\/\/proliquidpc.com\/fr\/wp-json\/wp\/v2\/product\/8247","targetHints":{"allow":["GET"]}}],"collection":[{"href":"https:\/\/proliquidpc.com\/fr\/wp-json\/wp\/v2\/product"}],"about":[{"href":"https:\/\/proliquidpc.com\/fr\/wp-json\/wp\/v2\/types\/product"}],"wp:featuredmedia":[{"embeddable":true,"href":"https:\/\/proliquidpc.com\/fr\/wp-json\/wp\/v2\/media\/8248"}],"wp:attachment":[{"href":"https:\/\/proliquidpc.com\/fr\/wp-json\/wp\/v2\/media?parent=8247"}],"wp:term":[{"taxonomy":"product_brand","embeddable":true,"href":"https:\/\/proliquidpc.com\/fr\/wp-json\/wp\/v2\/product_brand?post=8247"},{"taxonomy":"product_cat","embeddable":true,"href":"https:\/\/proliquidpc.com\/fr\/wp-json\/wp\/v2\/product_cat?post=8247"},{"taxonomy":"product_tag","embeddable":true,"href":"https:\/\/proliquidpc.com\/fr\/wp-json\/wp\/v2\/product_tag?post=8247"}],"curies":[{"name":"wp","href":"https:\/\/api.w.org\/{rel}","templated":true}]}}