{"id":8253,"date":"2024-10-30T16:53:33","date_gmt":"2024-10-30T20:53:33","guid":{"rendered":"https:\/\/dev.proliquidpc.com\/boutique\/non%20class\u00e9\/barrow-deflecteur-universel-pour-voies-navigables-dc17-sdb-360mm-noir\/"},"modified":"2025-03-09T21:49:42","modified_gmt":"2025-03-10T01:49:42","slug":"barrow-deflecteur-universel-pour-voies-navigables-dc17-sdb-360mm-noir","status":"publish","type":"product","link":"https:\/\/proliquidpc.com\/fr\/boutique\/reservoirs\/box\/barrow-deflecteur-universel-pour-voies-navigables-dc17-sdb-360mm-noir\/","title":{"rendered":"Barrow D\u00e9flecteur universel pour voies navigables DC17-SDB 360mm &#8211; Noir"},"content":{"rendered":"<p>00 Le mod\u00e8le universel<br \/>\nR\u00e9sout le probl\u00e8me de compatibilit\u00e9 des produits sp\u00e9ciaux de planche de voie navigable. Lorsque vous modifiez le sch\u00e9ma du ch\u00e2ssis, il est plus pratique de l\u2019appliquer \u00e0 l\u2019int\u00e9rieur du nouveau ch\u00e2ssis.<\/p>\n<p>01 Installation pratique<br \/>\nIl a une largeur de 120 mm \u00e0 la taille d\u2019apparence, identique \u00e0 la taille de la rang\u00e9e froide et du ventilateur de 120 mm. Avec les filetages de montage \u00e0 l\u2019arri\u00e8re, il est tr\u00e8s facile d\u2019installer dans la position normale de la rang\u00e9e froide du ventilateur du ch\u00e2ssis, l\u2019installation de la bouche filet\u00e9e qui sont encastr\u00e9es dans l\u2019\u00e9crou de fil d\u2019acier peut r\u00e9duire efficacement le risque potentiel caus\u00e9 par une mauvaise application de froce.<\/p>\n<p>02 Hautement int\u00e9gr\u00e9<br \/>\nLa carte Waterway est int\u00e9gr\u00e9e \u00e0 une pompe \u00e0 eau de 17W apr\u00e8s la sortie de l\u2019usine. Plusieurs jeux de fittings d\u2019entr\u00e9e et de sortie d\u2019eau sont r\u00e9serv\u00e9s. Le degr\u00e9 d\u2019int\u00e9gration est \u00e9lev\u00e9 et la difficult\u00e9 d\u2019installation est consid\u00e9rablement r\u00e9duite. L\u2019installation et l\u2019exploitation peuvent \u00eatre compl\u00e9t\u00e9es par une simple planification de la voie navigable.<\/p>\n<p>03 Le mat\u00e9riau ext\u00e9rieur<br \/>\nIl faut un mat\u00e9riau acrylique transparent \u00e9pais import\u00e9 avec une longue dur\u00e9e de vie et des performances plus stables, et la chambre est agrandie et \u00e9paissie pour fournir une plus grande capacit\u00e9 de stockage d\u2019eau. Le panneau avant est en alliage d\u2019aluminium trait\u00e9 CNC, beau et robuste, et d\u00e9licat dans sa fabrication.<\/p>\n<p>04 Affichage de l\u2019effet d\u2019\u00e9clairage<br \/>\nEnsemble d\u2019\u00e9clairage RGB amovible int\u00e9gr\u00e9, qui peut \u00eatre remplac\u00e9 en fonction des besoins r\u00e9els.<\/p>\n<p>05 Carte m\u00e8re compatible interface lumineuse RGB programmable<br \/>\nLe c\u00e2ble d\u2019\u00e9clairage standard se pr\u00e9sente sous la forme d\u2019une interface \u00e0 deux segments. Vous pouvez ins\u00e9rer directement l\u2019interface dans le connecteur 5V ARGB de la carte m\u00e8re.<\/p>\n<p>06 Informations sur l\u2019achat<br \/>\n\u2022 Lors de l\u2019installation de la plaque de voie navigable, veuillez d\u2019abord la fixer l\u00e9g\u00e8rement, puis la r\u00e9parer apr\u00e8s la construction de la pipelne, en \u00e9vitant l\u2019installation difficile lors de la construction de la canalisation ;<br \/>\n\u2022 M\u00e9thode d\u2019installation recommand\u00e9e : installation par vis, y compris les vis de montage M4 * 6 ;<br \/>\n\u2022 Convient pour l\u2019installation d\u2019une ou deux cartes vid\u00e9o ;<br \/>\n\u2022 Mat\u00e9riau : alliage d\u2019aluminium + acrylique ;<br \/>\n\u2022 Compatible avec tous les refroidisseurs de processeur des plates-formes Intel, AM5 et AM4 sous Barrow ;<br \/>\n\u2022 Compatible avec deux radiateurs \u00e0 froid 360 d\u2019une \u00e9paisseur de 34 mm ou moins<br \/>\n\u2022 \u00c9galement compatible avec plusieurs mod\u00e8les de cartes m\u00e8res, ayant une compatibilit\u00e9 multiple ;<br \/>\n\u2022 Type de commande : LRC2.0 Aurora RGB (syst\u00e8me de contr\u00f4le de l\u2019\u00e9clairage) ;<br \/>\n\u2022 Si la structure d\u2019apparence du produit est am\u00e9lior\u00e9e, sans pr\u00e9avis, le produit r\u00e9el pr\u00e9vaudra.<\/p>\n","protected":false},"excerpt":{"rendered":"<p>00 Le mod\u00e8le universel R\u00e9sout le probl\u00e8me de compatibilit\u00e9 des produits sp\u00e9ciaux de planche de voie navigable. Lorsque vous modifiez le sch\u00e9ma du ch\u00e2ssis, il est plus pratique de l\u2019appliquer \u00e0 l\u2019int\u00e9rieur du nouveau ch\u00e2ssis. 01 Installation pratique Il a une largeur de 120 mm \u00e0 la taille d\u2019apparence, identique \u00e0 la taille de la [&hellip;]<\/p>\n","protected":false},"featured_media":8254,"template":"","meta":{"_genesis_hide_title":false,"_genesis_hide_breadcrumbs":false,"_genesis_hide_singular_image":false,"_genesis_hide_footer_widgets":false,"_genesis_custom_body_class":"","_genesis_custom_post_class":"","_genesis_layout":""},"product_brand":[233],"product_cat":[41,52],"product_tag":[],"class_list":{"0":"post-8253","1":"product","2":"type-product","3":"status-publish","4":"has-post-thumbnail","6":"product_brand-barrow","7":"product_cat-reservoirs","8":"product_cat-box","9":"entry","11":"first","12":"instock","13":"taxable","14":"shipping-taxable","15":"purchasable","16":"product-type-simple"},"_links":{"self":[{"href":"https:\/\/proliquidpc.com\/fr\/wp-json\/wp\/v2\/product\/8253","targetHints":{"allow":["GET"]}}],"collection":[{"href":"https:\/\/proliquidpc.com\/fr\/wp-json\/wp\/v2\/product"}],"about":[{"href":"https:\/\/proliquidpc.com\/fr\/wp-json\/wp\/v2\/types\/product"}],"wp:featuredmedia":[{"embeddable":true,"href":"https:\/\/proliquidpc.com\/fr\/wp-json\/wp\/v2\/media\/8254"}],"wp:attachment":[{"href":"https:\/\/proliquidpc.com\/fr\/wp-json\/wp\/v2\/media?parent=8253"}],"wp:term":[{"taxonomy":"product_brand","embeddable":true,"href":"https:\/\/proliquidpc.com\/fr\/wp-json\/wp\/v2\/product_brand?post=8253"},{"taxonomy":"product_cat","embeddable":true,"href":"https:\/\/proliquidpc.com\/fr\/wp-json\/wp\/v2\/product_cat?post=8253"},{"taxonomy":"product_tag","embeddable":true,"href":"https:\/\/proliquidpc.com\/fr\/wp-json\/wp\/v2\/product_tag?post=8253"}],"curies":[{"name":"wp","href":"https:\/\/api.w.org\/{rel}","templated":true}]}}