{"id":8269,"date":"2024-10-30T16:53:33","date_gmt":"2024-10-30T20:53:33","guid":{"rendered":"https:\/\/dev.proliquidpc.com\/boutique\/non%20class\u00e9\/bloc-de-refroidissement-liquide-bykski-gpu-pour-sapphire-pulse-rx480-580-a-sp48ova-x\/"},"modified":"2025-01-19T16:40:34","modified_gmt":"2025-01-19T21:40:34","slug":"bloc-de-refroidissement-liquide-bykski-gpu-pour-sapphire-pulse-rx480-580-a-sp48ova-x","status":"publish","type":"product","link":"https:\/\/proliquidpc.com\/fr\/boutique\/gpu-waterblock\/amd-gpu-waterblock-gpu-waterblocks\/serie-5000\/bloc-de-refroidissement-liquide-bykski-gpu-pour-sapphire-pulse-rx480-580-a-sp48ova-x\/","title":{"rendered":"Bloc de refroidissement liquide Bykski GPU pour Sapphire Pulse RX480 580 A-SP48OVA-X"},"content":{"rendered":"<p>Le bloc GPU Bykski Sapphire RX480\/Pulse RX580 Full Coverage est une \u0153uvre d\u2019art ! Ce bloc de couverture compl\u00e8te, refroidit directement le c\u0153ur de la carte vid\u00e9o (GPU), la m\u00e9moire graphique (RAM) ainsi que les modules de r\u00e9gulation de tension (VRM). En refroidissant directement ces composants, vous pouvez atteindre d\u2019excellentes temp\u00e9ratures ! Ces temp\u00e9ratures s\u2019accompagnent de la possibilit\u00e9 d\u2019atteindre des overclocks plus \u00e9lev\u00e9s ou de prolonger la dur\u00e9e de vie globale de votre carte en fonctionnant \u00e0 des temp\u00e9ratures inf\u00e9rieures \u00e0 celles d\u2019usine.<\/p>\n<p>Le bloc est construit en cuivre de haute puret\u00e9 qui est galvanis\u00e9 pour \u00e9viter l\u2019oxydation. Une conception \u00e0 haut d\u00e9bit est utilis\u00e9e pour permettre \u00e0 plusieurs blocs de fonctionner en s\u00e9rie. Les ports sup\u00e9rieur et inf\u00e9rieur peuvent \u00eatre utilis\u00e9s pour configurer des conceptions parall\u00e8les ou en s\u00e9rie dans des configurations \u00e0 plusieurs blocs.<\/p>\n<p>Fonctionnalit\u00e9s<br \/>\nLe meilleur savoir-faire<br \/>\nCon\u00e7u pour s\u2019adapter aux fittings filet\u00e9s standard G1\/4&Prime;<br \/>\nConforme SLI\/Crossfire<br \/>\nSp\u00e9cifications<br \/>\nMod\u00e8le :A-SP48OVA-X<br \/>\nMarque :Bykski<br \/>\nMat\u00e9riel : Cuivre \u00e9lectrolytique de haute puret\u00e9 \/ Acrylique transparent<br \/>\nCompatibilit\u00e9<br \/>\n(Y compris, mais sans s\u2019y limiter, les mod\u00e8les suivants)<br \/>\nSapphire Pulse RX580 8GD5 (11265-05-20G)<br \/>\nSapphire RX480(certaines versions, voir photos)<br \/>\nSapphire RX470(certaines versions, voir photos)<br \/>\nfittings :G1\/4&Prime; filetage<br \/>\nPlaques arri\u00e8re de crosse :En raison des variations de montage entre les cartes, les plaques arri\u00e8re de stock ne sont pas garanties pour s\u2019adapter.<br \/>\nPi\u00e8ces incluses<br \/>\n1x bloc d\u2019eau GPU \u00e0 couverture compl\u00e8te<br \/>\n2x fitting d\u2019arr\u00eat<br \/>\n1x mat\u00e9riel de montage<br \/>\nGraisse thermique<br \/>\n1x 5v RGB adressable (RBW)<br \/>\nAvertissements<br \/>\nIl s\u2019agit d\u2019un article de r\u00e9paration ou de remplacement uniquement. Les retours ne sont pas accept\u00e9s pour des probl\u00e8mes de compatibilit\u00e9 ou si le bloc a \u00e9t\u00e9 travers\u00e9 par de l\u2019eau ou du liquide.<br \/>\nLe fabricant se r\u00e9serve le droit de modifier la conception du bloc pour \u00e9tendre la compatibilit\u00e9. L\u2019article livr\u00e9 peut ne pas correspondre \u00e0 100% \u00e0 l\u2019article illustr\u00e9. Le produit n\u2019est PAS livr\u00e9 avec des instructions en anglais ni en fran\u00e7ais.<br \/>\nNous ne sommes pas responsables des dommages caus\u00e9s par ou lors de l\u2019utilisation de ce produit. Veuillez utiliser \u00e0 vos risques et p\u00e9rils.<\/p>\n","protected":false},"excerpt":{"rendered":"<p>Le bloc GPU Bykski Sapphire RX480\/Pulse RX580 Full Coverage est une \u0153uvre d\u2019art ! Ce bloc de couverture compl\u00e8te, refroidit directement le c\u0153ur de la carte vid\u00e9o (GPU), la m\u00e9moire graphique (RAM) ainsi que les modules de r\u00e9gulation de tension (VRM). En refroidissant directement ces composants, vous pouvez atteindre d\u2019excellentes temp\u00e9ratures ! Ces temp\u00e9ratures s\u2019accompagnent [&hellip;]<\/p>\n","protected":false},"featured_media":8270,"template":"","meta":{"_genesis_hide_title":false,"_genesis_hide_breadcrumbs":false,"_genesis_hide_singular_image":false,"_genesis_hide_footer_widgets":false,"_genesis_custom_body_class":"","_genesis_custom_post_class":"","_genesis_layout":""},"product_brand":[],"product_cat":[59,60,38],"product_tag":[],"class_list":{"0":"post-8269","1":"product","2":"type-product","3":"status-publish","4":"has-post-thumbnail","6":"product_cat-amd-gpu-waterblock-gpu-waterblocks","7":"product_cat-serie-5000","8":"product_cat-gpu-waterblock","9":"entry","11":"first","12":"instock","13":"taxable","14":"shipping-taxable","15":"purchasable","16":"product-type-simple"},"_links":{"self":[{"href":"https:\/\/proliquidpc.com\/fr\/wp-json\/wp\/v2\/product\/8269","targetHints":{"allow":["GET"]}}],"collection":[{"href":"https:\/\/proliquidpc.com\/fr\/wp-json\/wp\/v2\/product"}],"about":[{"href":"https:\/\/proliquidpc.com\/fr\/wp-json\/wp\/v2\/types\/product"}],"wp:featuredmedia":[{"embeddable":true,"href":"https:\/\/proliquidpc.com\/fr\/wp-json\/wp\/v2\/media\/8270"}],"wp:attachment":[{"href":"https:\/\/proliquidpc.com\/fr\/wp-json\/wp\/v2\/media?parent=8269"}],"wp:term":[{"taxonomy":"product_brand","embeddable":true,"href":"https:\/\/proliquidpc.com\/fr\/wp-json\/wp\/v2\/product_brand?post=8269"},{"taxonomy":"product_cat","embeddable":true,"href":"https:\/\/proliquidpc.com\/fr\/wp-json\/wp\/v2\/product_cat?post=8269"},{"taxonomy":"product_tag","embeddable":true,"href":"https:\/\/proliquidpc.com\/fr\/wp-json\/wp\/v2\/product_tag?post=8269"}],"curies":[{"name":"wp","href":"https:\/\/api.w.org\/{rel}","templated":true}]}}