{"id":8291,"date":"2024-10-30T16:54:58","date_gmt":"2024-10-30T20:54:58","guid":{"rendered":"https:\/\/dev.proliquidpc.com\/boutique\/non%20class\u00e9\/barrow-lrc2-0-plus-vitesse-de-controle-17w-conception-du-kit-de-pompe-pour-montage-direct-sur-le-reservoir-spb17-plus-argent\/"},"modified":"2025-03-09T21:49:29","modified_gmt":"2025-03-10T01:49:29","slug":"barrow-lrc2-0-plus-vitesse-de-controle-17w-conception-du-kit-de-pompe-pour-montage-direct-sur-le-reservoir-spb17-plus-argent","status":"publish","type":"product","link":"https:\/\/proliquidpc.com\/fr\/boutique\/pompes\/pompes-ddc\/barrow-lrc2-0-plus-vitesse-de-controle-17w-conception-du-kit-de-pompe-pour-montage-direct-sur-le-reservoir-spb17-plus-argent\/","title":{"rendered":"Barrow LRC2.0 PLUS vitesse de contr\u00f4le 17w conception du kit de pompe pour montage direct sur le r\u00e9servoir &#8211; SPB17 Plus &#8211; Argent"},"content":{"rendered":"<p>Ces pompes Barrow sont dot\u00e9es d\u2019un bouton de contr\u00f4le manuel de la vitesse et d\u2019ailettes de dissipateur thermique super \u00e9paisses pour aider \u00e0 la dissipation de la chaleur. Ces pompes sont con\u00e7ues pour \u00eatre fix\u00e9es directement aux r\u00e9servoirs Barrow.<\/p>\n","protected":false},"excerpt":{"rendered":"<p>Ces pompes Barrow sont dot\u00e9es d\u2019un bouton de contr\u00f4le manuel de la vitesse et d\u2019ailettes de dissipateur thermique super \u00e9paisses pour aider \u00e0 la dissipation de la chaleur. Ces pompes sont con\u00e7ues pour \u00eatre fix\u00e9es directement aux r\u00e9servoirs Barrow.<\/p>\n","protected":false},"featured_media":8292,"template":"","meta":{"_genesis_hide_title":false,"_genesis_hide_breadcrumbs":false,"_genesis_hide_singular_image":false,"_genesis_hide_footer_widgets":false,"_genesis_custom_body_class":"","_genesis_custom_post_class":"","_genesis_layout":""},"product_brand":[233],"product_cat":[46,47],"product_tag":[],"class_list":{"0":"post-8291","1":"product","2":"type-product","3":"status-publish","4":"has-post-thumbnail","6":"product_brand-barrow","7":"product_cat-pompes","8":"product_cat-pompes-ddc","9":"entry","11":"first","12":"instock","13":"taxable","14":"shipping-taxable","15":"purchasable","16":"product-type-simple"},"_links":{"self":[{"href":"https:\/\/proliquidpc.com\/fr\/wp-json\/wp\/v2\/product\/8291","targetHints":{"allow":["GET"]}}],"collection":[{"href":"https:\/\/proliquidpc.com\/fr\/wp-json\/wp\/v2\/product"}],"about":[{"href":"https:\/\/proliquidpc.com\/fr\/wp-json\/wp\/v2\/types\/product"}],"wp:featuredmedia":[{"embeddable":true,"href":"https:\/\/proliquidpc.com\/fr\/wp-json\/wp\/v2\/media\/8292"}],"wp:attachment":[{"href":"https:\/\/proliquidpc.com\/fr\/wp-json\/wp\/v2\/media?parent=8291"}],"wp:term":[{"taxonomy":"product_brand","embeddable":true,"href":"https:\/\/proliquidpc.com\/fr\/wp-json\/wp\/v2\/product_brand?post=8291"},{"taxonomy":"product_cat","embeddable":true,"href":"https:\/\/proliquidpc.com\/fr\/wp-json\/wp\/v2\/product_cat?post=8291"},{"taxonomy":"product_tag","embeddable":true,"href":"https:\/\/proliquidpc.com\/fr\/wp-json\/wp\/v2\/product_tag?post=8291"}],"curies":[{"name":"wp","href":"https:\/\/api.w.org\/{rel}","templated":true}]}}