{"id":8296,"date":"2024-10-30T16:54:58","date_gmt":"2024-10-30T20:54:58","guid":{"rendered":"https:\/\/dev.proliquidpc.com\/boutique\/non%20class\u00e9\/pompe-de-regulation-pwm-17w-avec-reservoir-et-boitier-de-dissipateur-thermique-spb17-v2-argent\/"},"modified":"2026-02-21T11:59:24","modified_gmt":"2026-02-21T16:59:24","slug":"pompe-de-regulation-pwm-17w-avec-reservoir-et-boitier-de-dissipateur-thermique-spb17-v2-argent","status":"publish","type":"product","link":"https:\/\/proliquidpc.com\/fr\/boutique\/pompes\/pompes-ddc\/pompe-de-regulation-pwm-17w-avec-reservoir-et-boitier-de-dissipateur-thermique-spb17-v2-argent\/","title":{"rendered":"Pompe de r\u00e9gulation PWM 17W avec r\u00e9servoir et bo\u00eetier de dissipateur thermique SPB17-V2 &#8211; Argent"},"content":{"rendered":"<p>Ces pompes Barrow sont dot\u00e9es d\u2019un bouton de contr\u00f4le manuel de la vitesse et d\u2019ailettes de dissipateur thermique super \u00e9paisses pour aider \u00e0 la dissipation de la chaleur. Ces pompes sont con\u00e7ues pour \u00eatre fix\u00e9es directement aux r\u00e9servoirs Barrow.<\/p>\n<p>01 Pompe \u00e0 haute lev\u00e9e<br \/>\nLa pompe centrifuge \u00e0 aimant permanent avec une tension de 12 V et une puissance de 17 W est contr\u00f4l\u00e9e par un circuit d\u2019entra\u00eenement de pr\u00e9cision \u00e0 onde sinuso\u00efdale, qui peut fournir une source d\u2019alimentation suffisante et fiable pour le syst\u00e8me de refroidissement par eau.<\/p>\n<p>02 R\u00e9gulation de la vitesse bimode<br \/>\nAvec la fonction de contr\u00f4le manuel \u00e0 double vitesse PWM, le contr\u00f4le automatique de la vitesse du contr\u00f4le de la temp\u00e9rature PWM peut \u00eatre utilis\u00e9, ou le bouton manuel peut \u00eatre utilis\u00e9 pour obtenir un contr\u00f4le manuel de la vitesse, un contr\u00f4le raisonnable de la consommation d\u2019\u00e9nergie et de l\u2019\u00e9quilibre de puissance.<\/p>\n<p>03 Structure optimis\u00e9e de la cavit\u00e9 de la pompe<br \/>\nLe couvercle de la pompe est trait\u00e9 par CNC acrylique import\u00e9, la structure de la cavit\u00e9 de la pompe con\u00e7ue par la science des fluides, analys\u00e9e par un logiciel de simulation et un fonctionnement \u00e0 long terme, montrent toutes de bonnes performances de mouvement d\u2019\u00e9coulement de l\u2019eau.<\/p>\n<p>04 Interface de fonction s\u00e9par\u00e9e<br \/>\nL\u2019interface de fonction s\u00e9par\u00e9e peut contr\u00f4ler ind\u00e9pendamment toutes les fonctions de la pompe \u00e0 eau, ce qui est pratique et rapide.<\/p>\n<p>05 Coquille de refroidissement en alliage d\u2019aluminium<br \/>\nLa coque est en aluminium int\u00e9gral permettant CNC, qui peut exporter la chaleur du circuit de pompe \u00e0 eau et am\u00e9liorer la stabilit\u00e9 du fonctionnement \u00e0 long terme du produit. La coque inf\u00e9rieure a un trou de montage filet\u00e9 inf\u00e9rieur, qui est facile \u00e0 installer.<\/p>\n<p>06 \u00c9clairage color\u00e9<br \/>\nPortez le syst\u00e8me d\u2019\u00e9clairage BARROW LRC 2.0, il peut r\u00e9aliser un contr\u00f4le synchrone et asynchrone. Il montre les couleurs magnifiques et est compatible avec les interfaces d\u2019\u00e9clairage programmables 5V de certaines cartes m\u00e8res.<\/p>\n","protected":false},"excerpt":{"rendered":"<p>Ces pompes Barrow sont dot\u00e9es d\u2019un bouton de contr\u00f4le manuel de la vitesse et d\u2019ailettes de dissipateur thermique super \u00e9paisses pour aider \u00e0 la dissipation de la chaleur. Ces pompes sont con\u00e7ues pour \u00eatre fix\u00e9es directement aux r\u00e9servoirs Barrow. 01 Pompe \u00e0 haute lev\u00e9e La pompe centrifuge \u00e0 aimant permanent avec une tension de 12 [&hellip;]<\/p>\n","protected":false},"featured_media":8297,"template":"","meta":{"_genesis_hide_title":false,"_genesis_hide_breadcrumbs":false,"_genesis_hide_singular_image":false,"_genesis_hide_footer_widgets":false,"_genesis_custom_body_class":"","_genesis_custom_post_class":"","_genesis_layout":""},"product_brand":[233],"product_cat":[46,47],"product_tag":[],"class_list":{"0":"post-8296","1":"product","2":"type-product","3":"status-publish","4":"has-post-thumbnail","6":"product_brand-barrow","7":"product_cat-pompes","8":"product_cat-pompes-ddc","9":"entry","11":"first","12":"outofstock","13":"taxable","14":"shipping-taxable","15":"purchasable","16":"product-type-simple"},"_links":{"self":[{"href":"https:\/\/proliquidpc.com\/fr\/wp-json\/wp\/v2\/product\/8296","targetHints":{"allow":["GET"]}}],"collection":[{"href":"https:\/\/proliquidpc.com\/fr\/wp-json\/wp\/v2\/product"}],"about":[{"href":"https:\/\/proliquidpc.com\/fr\/wp-json\/wp\/v2\/types\/product"}],"wp:featuredmedia":[{"embeddable":true,"href":"https:\/\/proliquidpc.com\/fr\/wp-json\/wp\/v2\/media\/8297"}],"wp:attachment":[{"href":"https:\/\/proliquidpc.com\/fr\/wp-json\/wp\/v2\/media?parent=8296"}],"wp:term":[{"taxonomy":"product_brand","embeddable":true,"href":"https:\/\/proliquidpc.com\/fr\/wp-json\/wp\/v2\/product_brand?post=8296"},{"taxonomy":"product_cat","embeddable":true,"href":"https:\/\/proliquidpc.com\/fr\/wp-json\/wp\/v2\/product_cat?post=8296"},{"taxonomy":"product_tag","embeddable":true,"href":"https:\/\/proliquidpc.com\/fr\/wp-json\/wp\/v2\/product_tag?post=8296"}],"curies":[{"name":"wp","href":"https:\/\/api.w.org\/{rel}","templated":true}]}}