{"id":8337,"date":"2024-10-30T16:54:58","date_gmt":"2024-10-30T20:54:58","guid":{"rendered":"https:\/\/dev.proliquidpc.com\/boutique\/non%20class\u00e9\/boucle-fixe-pour-reservoir-deau-semi-ferme-freezemod-pour-reservoir-deau-cylindrique-de-50-mm-sxkj-cw5\/"},"modified":"2025-03-21T01:33:41","modified_gmt":"2025-03-21T05:33:41","slug":"boucle-fixe-pour-reservoir-deau-semi-ferme-freezemod-pour-reservoir-deau-cylindrique-de-50-mm-sxkj-cw5","status":"publish","type":"product","link":"https:\/\/proliquidpc.com\/fr\/boutique\/supports\/boucle-fixe-pour-reservoir-deau-semi-ferme-freezemod-pour-reservoir-deau-cylindrique-de-50-mm-sxkj-cw5\/","title":{"rendered":"Boucle fixe pour r\u00e9servoir d&rsquo;eau semi-ferm\u00e9 FreezeMod pour r\u00e9servoir d&rsquo;eau cylindrique de 50 mm &#8211; SXKJ-CW5"},"content":{"rendered":"<p>OD50 pour r\u00e9servoir d\u2019eau de 50 mm de diam\u00e8tre ext\u00e9rieur<\/p>\n<p>Description:<br \/>\nNom : Boucle de r\u00e9servoir d\u2019eau enti\u00e8rement en m\u00e9tal \u00e0 double anneau<br \/>\nMod\u00e8le : SXKJ-CW<br \/>\nMat\u00e9riau : alliage d\u2019aluminium<br \/>\nM\u00e9thode de traitement : CNC<br \/>\nTraitement de surface : anode<\/p>\n<p>Liste de colisage :<br \/>\nBoucle de r\u00e9servoir d\u2019eau * 1 pcs<br \/>\nSupport en forme de I * 1 pi\u00e8ce<br \/>\nBande de graisse en silicone * 2 pi\u00e8ces<br \/>\nCl\u00e9 Allen en forme de L * 1 pi\u00e8ce<br \/>\nVis M4* 4pcs<br \/>\n6 # 32mm vis * 8 pi\u00e8ces<\/p>\n","protected":false},"excerpt":{"rendered":"<p>OD50 pour r\u00e9servoir d\u2019eau de 50 mm de diam\u00e8tre ext\u00e9rieur Description: Nom : Boucle de r\u00e9servoir d\u2019eau enti\u00e8rement en m\u00e9tal \u00e0 double anneau Mod\u00e8le : SXKJ-CW Mat\u00e9riau : alliage d\u2019aluminium M\u00e9thode de traitement : CNC Traitement de surface : anode Liste de colisage : Boucle de r\u00e9servoir d\u2019eau * 1 pcs Support en forme de [&hellip;]<\/p>\n","protected":false},"featured_media":8338,"template":"","meta":{"_genesis_hide_title":false,"_genesis_hide_breadcrumbs":false,"_genesis_hide_singular_image":false,"_genesis_hide_footer_widgets":false,"_genesis_custom_body_class":"","_genesis_custom_post_class":"","_genesis_layout":""},"product_brand":[],"product_cat":[53],"product_tag":[],"class_list":{"0":"post-8337","1":"product","2":"type-product","3":"status-publish","4":"has-post-thumbnail","6":"product_cat-supports","7":"entry","9":"first","10":"instock","11":"taxable","12":"shipping-taxable","13":"purchasable","14":"product-type-simple"},"_links":{"self":[{"href":"https:\/\/proliquidpc.com\/fr\/wp-json\/wp\/v2\/product\/8337","targetHints":{"allow":["GET"]}}],"collection":[{"href":"https:\/\/proliquidpc.com\/fr\/wp-json\/wp\/v2\/product"}],"about":[{"href":"https:\/\/proliquidpc.com\/fr\/wp-json\/wp\/v2\/types\/product"}],"wp:featuredmedia":[{"embeddable":true,"href":"https:\/\/proliquidpc.com\/fr\/wp-json\/wp\/v2\/media\/8338"}],"wp:attachment":[{"href":"https:\/\/proliquidpc.com\/fr\/wp-json\/wp\/v2\/media?parent=8337"}],"wp:term":[{"taxonomy":"product_brand","embeddable":true,"href":"https:\/\/proliquidpc.com\/fr\/wp-json\/wp\/v2\/product_brand?post=8337"},{"taxonomy":"product_cat","embeddable":true,"href":"https:\/\/proliquidpc.com\/fr\/wp-json\/wp\/v2\/product_cat?post=8337"},{"taxonomy":"product_tag","embeddable":true,"href":"https:\/\/proliquidpc.com\/fr\/wp-json\/wp\/v2\/product_tag?post=8337"}],"curies":[{"name":"wp","href":"https:\/\/api.w.org\/{rel}","templated":true}]}}