{"id":8361,"date":"2024-10-30T16:54:58","date_gmt":"2024-10-30T20:54:58","guid":{"rendered":"https:\/\/dev.proliquidpc.com\/boutique\/non%20class\u00e9\/barrow-5mm-male-a-male-fitting-tb2d-mini01-argent\/"},"modified":"2025-06-26T03:38:26","modified_gmt":"2025-06-26T07:38:26","slug":"barrow-5mm-male-a-male-fitting-tb2d-mini01-argent","status":"publish","type":"product","link":"https:\/\/proliquidpc.com\/fr\/boutique\/fittings\/fitting-spacer\/barrow-5mm-male-a-male-fitting-tb2d-mini01-argent\/","title":{"rendered":"Barrow 5mm M\u00e2le \u00e0 M\u00e2le Fitting &#8211; TB2D-MINI01 &#8211; Argent"},"content":{"rendered":"<p>Le ftting Barrow G1\/4&Prime; 5mm m\u00e2le \u00e0 m\u00e2le relie deux fittings G1\/4&Prime;. Id\u00e9al pour une utilisation avec des r\u00e9servoirs, des couvercles de pompe et plus encore !<\/p>\n","protected":false},"excerpt":{"rendered":"<p>Le ftting Barrow G1\/4&Prime; 5mm m\u00e2le \u00e0 m\u00e2le relie deux fittings G1\/4&Prime;. Id\u00e9al pour une utilisation avec des r\u00e9servoirs, des couvercles de pompe et plus encore !<\/p>\n","protected":false},"featured_media":8362,"template":"","meta":{"_genesis_hide_title":false,"_genesis_hide_breadcrumbs":false,"_genesis_hide_singular_image":false,"_genesis_hide_footer_widgets":false,"_genesis_custom_body_class":"","_genesis_custom_post_class":"","_genesis_layout":""},"product_brand":[233],"product_cat":[30,29],"product_tag":[],"class_list":{"0":"post-8361","1":"product","2":"type-product","3":"status-publish","4":"has-post-thumbnail","6":"product_brand-barrow","7":"product_cat-fitting-spacer","8":"product_cat-fittings","9":"entry","11":"first","12":"instock","13":"taxable","14":"shipping-taxable","15":"purchasable","16":"product-type-simple"},"_links":{"self":[{"href":"https:\/\/proliquidpc.com\/fr\/wp-json\/wp\/v2\/product\/8361","targetHints":{"allow":["GET"]}}],"collection":[{"href":"https:\/\/proliquidpc.com\/fr\/wp-json\/wp\/v2\/product"}],"about":[{"href":"https:\/\/proliquidpc.com\/fr\/wp-json\/wp\/v2\/types\/product"}],"wp:featuredmedia":[{"embeddable":true,"href":"https:\/\/proliquidpc.com\/fr\/wp-json\/wp\/v2\/media\/8362"}],"wp:attachment":[{"href":"https:\/\/proliquidpc.com\/fr\/wp-json\/wp\/v2\/media?parent=8361"}],"wp:term":[{"taxonomy":"product_brand","embeddable":true,"href":"https:\/\/proliquidpc.com\/fr\/wp-json\/wp\/v2\/product_brand?post=8361"},{"taxonomy":"product_cat","embeddable":true,"href":"https:\/\/proliquidpc.com\/fr\/wp-json\/wp\/v2\/product_cat?post=8361"},{"taxonomy":"product_tag","embeddable":true,"href":"https:\/\/proliquidpc.com\/fr\/wp-json\/wp\/v2\/product_tag?post=8361"}],"curies":[{"name":"wp","href":"https:\/\/api.w.org\/{rel}","templated":true}]}}