{"id":8374,"date":"2024-10-30T16:54:58","date_gmt":"2024-10-30T20:54:58","guid":{"rendered":"https:\/\/dev.proliquidpc.com\/boutique\/non%20class\u00e9\/barrow-fitting-rotatif-anti-torsion-male-a-male-tbx2d-02-blanc\/"},"modified":"2025-03-09T21:49:44","modified_gmt":"2025-03-10T01:49:44","slug":"barrow-fitting-rotatif-anti-torsion-male-a-male-tbx2d-02-blanc","status":"publish","type":"product","link":"https:\/\/proliquidpc.com\/fr\/boutique\/fittings\/fitting-spacer\/barrow-fitting-rotatif-anti-torsion-male-a-male-tbx2d-02-blanc\/","title":{"rendered":"Barrow Fitting Rotatif Anti-Torsion M\u00e2le \u00e0 M\u00e2le &#8211; TBX2D-02 &#8211; Blanc"},"content":{"rendered":"<p>Un moyen simple de mettre \u00e0 niveau vos fittings femelles G1\/4&Prime; actuels vers un style rotatif. Cela vous permettra de faire pivoter les fittings femelles G1\/4&Prime; dans n\u2019importe quelle direction, ce qui peut vraiment aider avec les fittings coud\u00e9s standard \u00e0 90 \u00b0. Plus besoin de trop serrer pour obtenir le fitting l\u00e0 o\u00f9 vous le souhaitez et risquer d\u2019endommager vos composants.<\/p>\n","protected":false},"excerpt":{"rendered":"<p>Un moyen simple de mettre \u00e0 niveau vos fittings femelles G1\/4&Prime; actuels vers un style rotatif. Cela vous permettra de faire pivoter les fittings femelles G1\/4&Prime; dans n\u2019importe quelle direction, ce qui peut vraiment aider avec les fittings coud\u00e9s standard \u00e0 90 \u00b0. Plus besoin de trop serrer pour obtenir le fitting l\u00e0 o\u00f9 vous [&hellip;]<\/p>\n","protected":false},"featured_media":8375,"template":"","meta":{"_genesis_hide_title":false,"_genesis_hide_breadcrumbs":false,"_genesis_hide_singular_image":false,"_genesis_hide_footer_widgets":false,"_genesis_custom_body_class":"","_genesis_custom_post_class":"","_genesis_layout":""},"product_brand":[233],"product_cat":[30,29],"product_tag":[],"class_list":{"0":"post-8374","1":"product","2":"type-product","3":"status-publish","4":"has-post-thumbnail","6":"product_brand-barrow","7":"product_cat-fitting-spacer","8":"product_cat-fittings","9":"entry","11":"first","12":"instock","13":"taxable","14":"shipping-taxable","15":"purchasable","16":"product-type-simple"},"_links":{"self":[{"href":"https:\/\/proliquidpc.com\/fr\/wp-json\/wp\/v2\/product\/8374","targetHints":{"allow":["GET"]}}],"collection":[{"href":"https:\/\/proliquidpc.com\/fr\/wp-json\/wp\/v2\/product"}],"about":[{"href":"https:\/\/proliquidpc.com\/fr\/wp-json\/wp\/v2\/types\/product"}],"wp:featuredmedia":[{"embeddable":true,"href":"https:\/\/proliquidpc.com\/fr\/wp-json\/wp\/v2\/media\/8375"}],"wp:attachment":[{"href":"https:\/\/proliquidpc.com\/fr\/wp-json\/wp\/v2\/media?parent=8374"}],"wp:term":[{"taxonomy":"product_brand","embeddable":true,"href":"https:\/\/proliquidpc.com\/fr\/wp-json\/wp\/v2\/product_brand?post=8374"},{"taxonomy":"product_cat","embeddable":true,"href":"https:\/\/proliquidpc.com\/fr\/wp-json\/wp\/v2\/product_cat?post=8374"},{"taxonomy":"product_tag","embeddable":true,"href":"https:\/\/proliquidpc.com\/fr\/wp-json\/wp\/v2\/product_tag?post=8374"}],"curies":[{"name":"wp","href":"https:\/\/api.w.org\/{rel}","templated":true}]}}