{"id":8377,"date":"2024-10-30T16:54:58","date_gmt":"2024-10-30T20:54:58","guid":{"rendered":"https:\/\/dev.proliquidpc.com\/boutique\/non%20class\u00e9\/barrow-10-5mm-femelle-a-femelle-fitting-dextension-tbzt-a10-noir\/"},"modified":"2025-03-09T21:49:47","modified_gmt":"2025-03-10T01:49:47","slug":"barrow-10-5mm-femelle-a-femelle-fitting-dextension-tbzt-a10-noir","status":"publish","type":"product","link":"https:\/\/proliquidpc.com\/fr\/boutique\/fittings\/fitting-spacer\/barrow-10-5mm-femelle-a-femelle-fitting-dextension-tbzt-a10-noir\/","title":{"rendered":"Barrow 10.5mm Femelle \u00e0 Femelle Fitting d&rsquo;Extension &#8211; TBZT-A10 &#8211; Noir"},"content":{"rendered":"<p>Le Fitting d&rsquo;extension G1\/4&Prime; Femelle \u00e0 Femelle de Barrow vous permet d&rsquo;\u00e9tendre votre port de fitting de 10,5 mm, permettant l&rsquo;utilisation de fittings plus grands ou la connexion d&rsquo;autres fittings!<\/p>\n<p>Une excellente solution pour les personnes n&rsquo;utilisant pas de tuyaux entre des blocs tr\u00e8s proches!<\/p>\n<p>Fabriqu\u00e9 en laiton de haute qualit\u00e9!<\/p>\n","protected":false},"excerpt":{"rendered":"<p>Le Fitting d&rsquo;extension G1\/4&Prime; Femelle \u00e0 Femelle de Barrow vous permet d&rsquo;\u00e9tendre votre port de fitting de 10,5 mm, permettant l&rsquo;utilisation de fittings plus grands ou la connexion d&rsquo;autres fittings! Une excellente solution pour les personnes n&rsquo;utilisant pas de tuyaux entre des blocs tr\u00e8s proches! Fabriqu\u00e9 en laiton de haute qualit\u00e9!<\/p>\n","protected":false},"featured_media":8378,"template":"","meta":{"_genesis_hide_title":false,"_genesis_hide_breadcrumbs":false,"_genesis_hide_singular_image":false,"_genesis_hide_footer_widgets":false,"_genesis_custom_body_class":"","_genesis_custom_post_class":"","_genesis_layout":""},"product_brand":[233],"product_cat":[30,29],"product_tag":[],"class_list":{"0":"post-8377","1":"product","2":"type-product","3":"status-publish","4":"has-post-thumbnail","6":"product_brand-barrow","7":"product_cat-fitting-spacer","8":"product_cat-fittings","9":"entry","11":"first","12":"instock","13":"taxable","14":"shipping-taxable","15":"purchasable","16":"product-type-simple"},"_links":{"self":[{"href":"https:\/\/proliquidpc.com\/fr\/wp-json\/wp\/v2\/product\/8377","targetHints":{"allow":["GET"]}}],"collection":[{"href":"https:\/\/proliquidpc.com\/fr\/wp-json\/wp\/v2\/product"}],"about":[{"href":"https:\/\/proliquidpc.com\/fr\/wp-json\/wp\/v2\/types\/product"}],"wp:featuredmedia":[{"embeddable":true,"href":"https:\/\/proliquidpc.com\/fr\/wp-json\/wp\/v2\/media\/8378"}],"wp:attachment":[{"href":"https:\/\/proliquidpc.com\/fr\/wp-json\/wp\/v2\/media?parent=8377"}],"wp:term":[{"taxonomy":"product_brand","embeddable":true,"href":"https:\/\/proliquidpc.com\/fr\/wp-json\/wp\/v2\/product_brand?post=8377"},{"taxonomy":"product_cat","embeddable":true,"href":"https:\/\/proliquidpc.com\/fr\/wp-json\/wp\/v2\/product_cat?post=8377"},{"taxonomy":"product_tag","embeddable":true,"href":"https:\/\/proliquidpc.com\/fr\/wp-json\/wp\/v2\/product_tag?post=8377"}],"curies":[{"name":"wp","href":"https:\/\/api.w.org\/{rel}","templated":true}]}}