{"id":8389,"date":"2024-10-30T16:54:58","date_gmt":"2024-10-30T20:54:58","guid":{"rendered":"https:\/\/dev.proliquidpc.com\/boutique\/non%20class\u00e9\/support-de-montage-de-pompe-decalee-barrow-pour-radiateurs-de-140-mm-tcbj-g14\/"},"modified":"2025-03-09T21:49:57","modified_gmt":"2025-03-10T01:49:57","slug":"support-de-montage-de-pompe-decalee-barrow-pour-radiateurs-de-140-mm-tcbj-g14","status":"publish","type":"product","link":"https:\/\/proliquidpc.com\/fr\/boutique\/supports\/support-de-montage-de-pompe-decalee-barrow-pour-radiateurs-de-140-mm-tcbj-g14\/","title":{"rendered":"Support de montage de pompe d\u00e9cal\u00e9e Barrow pour radiateurs de 140 mm &#8211; TCBJ-G14"},"content":{"rendered":"<p>Le support de montage de pompe d\u00e9cal\u00e9e Barrow permet de monter votre pompe D5 ou DCC sur un radiateur de 140 mm, 280 mm, 420 mm, etc. Avec un espacement des trous M4 de 50 x 50 mm, il est compatible avec la plupart des couvercles de pompe D5 et DDC. Il y a \u00e9galement trois fentes de largeur M4 pour permettre des options de montage plus flexibles. Le support est sur\u00e9lev\u00e9 pour permettre plus d\u2019espace entre la pompe et le radiateur.<\/p>\n","protected":false},"excerpt":{"rendered":"<p>Le support de montage de pompe d\u00e9cal\u00e9e Barrow permet de monter votre pompe D5 ou DCC sur un radiateur de 140 mm, 280 mm, 420 mm, etc. Avec un espacement des trous M4 de 50 x 50 mm, il est compatible avec la plupart des couvercles de pompe D5 et DDC. Il y a \u00e9galement [&hellip;]<\/p>\n","protected":false},"featured_media":8390,"template":"","meta":{"_genesis_hide_title":false,"_genesis_hide_breadcrumbs":false,"_genesis_hide_singular_image":false,"_genesis_hide_footer_widgets":false,"_genesis_custom_body_class":"","_genesis_custom_post_class":"","_genesis_layout":""},"product_brand":[233],"product_cat":[53],"product_tag":[],"class_list":{"0":"post-8389","1":"product","2":"type-product","3":"status-publish","4":"has-post-thumbnail","6":"product_brand-barrow","7":"product_cat-supports","8":"entry","10":"first","11":"instock","12":"taxable","13":"shipping-taxable","14":"purchasable","15":"product-type-simple"},"_links":{"self":[{"href":"https:\/\/proliquidpc.com\/fr\/wp-json\/wp\/v2\/product\/8389","targetHints":{"allow":["GET"]}}],"collection":[{"href":"https:\/\/proliquidpc.com\/fr\/wp-json\/wp\/v2\/product"}],"about":[{"href":"https:\/\/proliquidpc.com\/fr\/wp-json\/wp\/v2\/types\/product"}],"wp:featuredmedia":[{"embeddable":true,"href":"https:\/\/proliquidpc.com\/fr\/wp-json\/wp\/v2\/media\/8390"}],"wp:attachment":[{"href":"https:\/\/proliquidpc.com\/fr\/wp-json\/wp\/v2\/media?parent=8389"}],"wp:term":[{"taxonomy":"product_brand","embeddable":true,"href":"https:\/\/proliquidpc.com\/fr\/wp-json\/wp\/v2\/product_brand?post=8389"},{"taxonomy":"product_cat","embeddable":true,"href":"https:\/\/proliquidpc.com\/fr\/wp-json\/wp\/v2\/product_cat?post=8389"},{"taxonomy":"product_tag","embeddable":true,"href":"https:\/\/proliquidpc.com\/fr\/wp-json\/wp\/v2\/product_tag?post=8389"}],"curies":[{"name":"wp","href":"https:\/\/api.w.org\/{rel}","templated":true}]}}