{"id":8411,"date":"2024-10-30T16:54:58","date_gmt":"2024-10-30T20:54:58","guid":{"rendered":"https:\/\/dev.proliquidpc.com\/boutique\/non%20class\u00e9\/bouchon-capteur-de-temperature-de-barrow-tcwd-v1-argent\/"},"modified":"2025-09-25T12:26:11","modified_gmt":"2025-09-25T16:26:11","slug":"bouchon-capteur-de-temperature-de-barrow-tcwd-v1-argent","status":"publish","type":"product","link":"https:\/\/proliquidpc.com\/fr\/boutique\/flow-meter-capteur-de-temperature\/bouchon-capteur-de-temperature-de-barrow-tcwd-v1-argent\/","title":{"rendered":"Bouchon capteur de temp\u00e9rature de Barrow- TCWD-V1 &#8211; Argent"},"content":{"rendered":"<p>Le bouchon capteur de temp\u00e9rature de Barrow s&rsquo;adapte \u00e0 n&rsquo;importe quel port filet\u00e9 standard G1\/4&Prime;.<\/p>\n<p>Il rapporte les temp\u00e9ratures du liquide de refroidissement \u00e0 tout dispositif de surveillance utilisant des sondes de temp\u00e9rature standard \u00e0 2 broches.<\/p>\n","protected":false},"excerpt":{"rendered":"<p>Le bouchon capteur de temp\u00e9rature de Barrow s&rsquo;adapte \u00e0 n&rsquo;importe quel port filet\u00e9 standard G1\/4&Prime;. Il rapporte les temp\u00e9ratures du liquide de refroidissement \u00e0 tout dispositif de surveillance utilisant des sondes de temp\u00e9rature standard \u00e0 2 broches.<\/p>\n","protected":false},"featured_media":8412,"template":"","meta":{"_genesis_hide_title":false,"_genesis_hide_breadcrumbs":false,"_genesis_hide_singular_image":false,"_genesis_hide_footer_widgets":false,"_genesis_custom_body_class":"","_genesis_custom_post_class":"","_genesis_layout":""},"product_brand":[233],"product_cat":[68],"product_tag":[],"class_list":{"0":"post-8411","1":"product","2":"type-product","3":"status-publish","4":"has-post-thumbnail","6":"product_brand-barrow","7":"product_cat-flow-meter-capteur-de-temperature","8":"entry","10":"first","11":"instock","12":"taxable","13":"shipping-taxable","14":"purchasable","15":"product-type-simple"},"_links":{"self":[{"href":"https:\/\/proliquidpc.com\/fr\/wp-json\/wp\/v2\/product\/8411","targetHints":{"allow":["GET"]}}],"collection":[{"href":"https:\/\/proliquidpc.com\/fr\/wp-json\/wp\/v2\/product"}],"about":[{"href":"https:\/\/proliquidpc.com\/fr\/wp-json\/wp\/v2\/types\/product"}],"wp:featuredmedia":[{"embeddable":true,"href":"https:\/\/proliquidpc.com\/fr\/wp-json\/wp\/v2\/media\/8412"}],"wp:attachment":[{"href":"https:\/\/proliquidpc.com\/fr\/wp-json\/wp\/v2\/media?parent=8411"}],"wp:term":[{"taxonomy":"product_brand","embeddable":true,"href":"https:\/\/proliquidpc.com\/fr\/wp-json\/wp\/v2\/product_brand?post=8411"},{"taxonomy":"product_cat","embeddable":true,"href":"https:\/\/proliquidpc.com\/fr\/wp-json\/wp\/v2\/product_cat?post=8411"},{"taxonomy":"product_tag","embeddable":true,"href":"https:\/\/proliquidpc.com\/fr\/wp-json\/wp\/v2\/product_tag?post=8411"}],"curies":[{"name":"wp","href":"https:\/\/api.w.org\/{rel}","templated":true}]}}