{"id":8431,"date":"2024-10-30T16:56:13","date_gmt":"2024-10-30T20:56:13","guid":{"rendered":"https:\/\/dev.proliquidpc.com\/boutique\/non%20class\u00e9\/barrow-90-femelle-a-femelle-fitting-coude-tdwt90sn-v2-argent\/"},"modified":"2025-03-09T21:49:14","modified_gmt":"2025-03-10T01:49:14","slug":"barrow-90-femelle-a-femelle-fitting-coude-tdwt90sn-v2-argent","status":"publish","type":"product","link":"https:\/\/proliquidpc.com\/fr\/boutique\/fittings\/45-90-190\/barrow-90-femelle-a-femelle-fitting-coude-tdwt90sn-v2-argent\/","title":{"rendered":"Barrow 90\u00b0 Femelle \u00e0 Femelle Fitting Coud\u00e9 &#8211; TDWT90SN-V2 &#8211; Argent"},"content":{"rendered":"<p>Changez brusquement de direction ou d\u2019angle des composants facilement.<br \/>\nCompatible avec tous les fittings G1\/4&Prime;.<br \/>\nfitting \u00e0 profil bas, parfait pour les syst\u00e8mes \u00e9troits et les petites constructions<\/p>\n","protected":false},"excerpt":{"rendered":"<p>Changez brusquement de direction ou d\u2019angle des composants facilement. Compatible avec tous les fittings G1\/4&Prime;. fitting \u00e0 profil bas, parfait pour les syst\u00e8mes \u00e9troits et les petites constructions<\/p>\n","protected":false},"featured_media":8432,"template":"","meta":{"_genesis_hide_title":false,"_genesis_hide_breadcrumbs":false,"_genesis_hide_singular_image":false,"_genesis_hide_footer_widgets":false,"_genesis_custom_body_class":"","_genesis_custom_post_class":"","_genesis_layout":""},"product_brand":[233],"product_cat":[45,29],"product_tag":[],"class_list":{"0":"post-8431","1":"product","2":"type-product","3":"status-publish","4":"has-post-thumbnail","6":"product_brand-barrow","7":"product_cat-45-90-190","8":"product_cat-fittings","9":"entry","11":"first","12":"instock","13":"taxable","14":"shipping-taxable","15":"purchasable","16":"product-type-simple"},"_links":{"self":[{"href":"https:\/\/proliquidpc.com\/fr\/wp-json\/wp\/v2\/product\/8431","targetHints":{"allow":["GET"]}}],"collection":[{"href":"https:\/\/proliquidpc.com\/fr\/wp-json\/wp\/v2\/product"}],"about":[{"href":"https:\/\/proliquidpc.com\/fr\/wp-json\/wp\/v2\/types\/product"}],"wp:featuredmedia":[{"embeddable":true,"href":"https:\/\/proliquidpc.com\/fr\/wp-json\/wp\/v2\/media\/8432"}],"wp:attachment":[{"href":"https:\/\/proliquidpc.com\/fr\/wp-json\/wp\/v2\/media?parent=8431"}],"wp:term":[{"taxonomy":"product_brand","embeddable":true,"href":"https:\/\/proliquidpc.com\/fr\/wp-json\/wp\/v2\/product_brand?post=8431"},{"taxonomy":"product_cat","embeddable":true,"href":"https:\/\/proliquidpc.com\/fr\/wp-json\/wp\/v2\/product_cat?post=8431"},{"taxonomy":"product_tag","embeddable":true,"href":"https:\/\/proliquidpc.com\/fr\/wp-json\/wp\/v2\/product_tag?post=8431"}],"curies":[{"name":"wp","href":"https:\/\/api.w.org\/{rel}","templated":true}]}}