{"id":8448,"date":"2024-10-30T16:56:13","date_gmt":"2024-10-30T20:56:13","guid":{"rendered":"https:\/\/dev.proliquidpc.com\/boutique\/non%20class\u00e9\/barrow-filetage-14mm-od-fitting-a-compression-pour-hard-tubing-tfykn-t14-noir\/"},"modified":"2025-12-18T19:35:09","modified_gmt":"2025-12-19T00:35:09","slug":"barrow-filetage-14mm-od-fitting-a-compression-pour-hard-tubing-tfykn-t14-noir","status":"publish","type":"product","link":"https:\/\/proliquidpc.com\/fr\/boutique\/fittings\/hard-fittings-14mm\/barrow-filetage-14mm-od-fitting-a-compression-pour-hard-tubing-tfykn-t14-noir\/","title":{"rendered":"Barrow Filetage 14MM OD Fitting \u00e0 compression pour Hard tubing &#8211; TFYKN-T14 &#8211; Noir"},"content":{"rendered":"<p>Le filetage standard G1\/4&Prime; avec joint torique en caoutchouc lui permet de se visser en toute s\u00e9curit\u00e9 dans les composants de refroidissement par eau avec un joint \u00e9tanche et \u00e9tanche. Compatible avec les tubes rigides de 14 mm de diam\u00e8tre ext\u00e9rieur.<\/p>\n","protected":false},"excerpt":{"rendered":"<p>Le filetage standard G1\/4&Prime; avec joint torique en caoutchouc lui permet de se visser en toute s\u00e9curit\u00e9 dans les composants de refroidissement par eau avec un joint \u00e9tanche et \u00e9tanche. Compatible avec les tubes rigides de 14 mm de diam\u00e8tre ext\u00e9rieur.<\/p>\n","protected":false},"featured_media":8449,"template":"","meta":{"_genesis_hide_title":false,"_genesis_hide_breadcrumbs":false,"_genesis_hide_singular_image":false,"_genesis_hide_footer_widgets":false,"_genesis_custom_body_class":"","_genesis_custom_post_class":"","_genesis_layout":""},"product_brand":[233],"product_cat":[29,34],"product_tag":[],"class_list":{"0":"post-8448","1":"product","2":"type-product","3":"status-publish","4":"has-post-thumbnail","6":"product_brand-barrow","7":"product_cat-fittings","8":"product_cat-hard-fittings-14mm","9":"entry","11":"first","12":"instock","13":"taxable","14":"shipping-taxable","15":"purchasable","16":"product-type-simple"},"_links":{"self":[{"href":"https:\/\/proliquidpc.com\/fr\/wp-json\/wp\/v2\/product\/8448","targetHints":{"allow":["GET"]}}],"collection":[{"href":"https:\/\/proliquidpc.com\/fr\/wp-json\/wp\/v2\/product"}],"about":[{"href":"https:\/\/proliquidpc.com\/fr\/wp-json\/wp\/v2\/types\/product"}],"wp:featuredmedia":[{"embeddable":true,"href":"https:\/\/proliquidpc.com\/fr\/wp-json\/wp\/v2\/media\/8449"}],"wp:attachment":[{"href":"https:\/\/proliquidpc.com\/fr\/wp-json\/wp\/v2\/media?parent=8448"}],"wp:term":[{"taxonomy":"product_brand","embeddable":true,"href":"https:\/\/proliquidpc.com\/fr\/wp-json\/wp\/v2\/product_brand?post=8448"},{"taxonomy":"product_cat","embeddable":true,"href":"https:\/\/proliquidpc.com\/fr\/wp-json\/wp\/v2\/product_cat?post=8448"},{"taxonomy":"product_tag","embeddable":true,"href":"https:\/\/proliquidpc.com\/fr\/wp-json\/wp\/v2\/product_tag?post=8448"}],"curies":[{"name":"wp","href":"https:\/\/api.w.org\/{rel}","templated":true}]}}