{"id":8474,"date":"2024-10-30T16:56:13","date_gmt":"2024-10-30T20:56:13","guid":{"rendered":"https:\/\/dev.proliquidpc.com\/boutique\/non%20class\u00e9\/fitting-dextension-barrow-20mm-male-a-male-avec-micro-ajustement-thdj20-v1-argent\/"},"modified":"2025-03-09T21:49:28","modified_gmt":"2025-03-10T01:49:28","slug":"fitting-dextension-barrow-20mm-male-a-male-avec-micro-ajustement-thdj20-v1-argent","status":"publish","type":"product","link":"https:\/\/proliquidpc.com\/fr\/boutique\/fittings\/valve\/fitting-dextension-barrow-20mm-male-a-male-avec-micro-ajustement-thdj20-v1-argent\/","title":{"rendered":"Fitting d&rsquo;extension Barrow 20mm m\u00e2le \u00e0 m\u00e2le avec micro-ajustement &#8211; THDJ20-V1 &#8211; Argent"},"content":{"rendered":"<p>Un fitting polyvalent avec une extension de 5 mm permettant \u00e0 la fois la rotation et les micro-ajustements.<\/p>\n<p>Il comporte deux joints \u00e9pais au centre d\u00e9tachable pour garantir une utilisation sans fuite.<\/p>\n<p>NE PAS D\u00c9PASSER 5 MM d&rsquo;extension !<\/p>\n","protected":false},"excerpt":{"rendered":"<p>Un fitting polyvalent avec une extension de 5 mm permettant \u00e0 la fois la rotation et les micro-ajustements. Il comporte deux joints \u00e9pais au centre d\u00e9tachable pour garantir une utilisation sans fuite. NE PAS D\u00c9PASSER 5 MM d&rsquo;extension !<\/p>\n","protected":false},"featured_media":8475,"template":"","meta":{"_genesis_hide_title":false,"_genesis_hide_breadcrumbs":false,"_genesis_hide_singular_image":false,"_genesis_hide_footer_widgets":false,"_genesis_custom_body_class":"","_genesis_custom_post_class":"","_genesis_layout":""},"product_brand":[233],"product_cat":[29,32],"product_tag":[],"class_list":{"0":"post-8474","1":"product","2":"type-product","3":"status-publish","4":"has-post-thumbnail","6":"product_brand-barrow","7":"product_cat-fittings","8":"product_cat-valve","9":"entry","11":"first","12":"instock","13":"taxable","14":"shipping-taxable","15":"purchasable","16":"product-type-simple"},"_links":{"self":[{"href":"https:\/\/proliquidpc.com\/fr\/wp-json\/wp\/v2\/product\/8474","targetHints":{"allow":["GET"]}}],"collection":[{"href":"https:\/\/proliquidpc.com\/fr\/wp-json\/wp\/v2\/product"}],"about":[{"href":"https:\/\/proliquidpc.com\/fr\/wp-json\/wp\/v2\/types\/product"}],"wp:featuredmedia":[{"embeddable":true,"href":"https:\/\/proliquidpc.com\/fr\/wp-json\/wp\/v2\/media\/8475"}],"wp:attachment":[{"href":"https:\/\/proliquidpc.com\/fr\/wp-json\/wp\/v2\/media?parent=8474"}],"wp:term":[{"taxonomy":"product_brand","embeddable":true,"href":"https:\/\/proliquidpc.com\/fr\/wp-json\/wp\/v2\/product_brand?post=8474"},{"taxonomy":"product_cat","embeddable":true,"href":"https:\/\/proliquidpc.com\/fr\/wp-json\/wp\/v2\/product_cat?post=8474"},{"taxonomy":"product_tag","embeddable":true,"href":"https:\/\/proliquidpc.com\/fr\/wp-json\/wp\/v2\/product_tag?post=8474"}],"curies":[{"name":"wp","href":"https:\/\/api.w.org\/{rel}","templated":true}]}}