{"id":8493,"date":"2024-10-30T16:56:13","date_gmt":"2024-10-30T20:56:13","guid":{"rendered":"https:\/\/dev.proliquidpc.com\/boutique\/non%20class\u00e9\/barrow-filetage-3-8-id-x-1-2-od-fitting-a-compression-thkn-3-8-b03-blanc\/"},"modified":"2025-03-09T21:49:38","modified_gmt":"2025-03-10T01:49:38","slug":"barrow-filetage-3-8-id-x-1-2-od-fitting-a-compression-thkn-3-8-b03-blanc","status":"publish","type":"product","link":"https:\/\/proliquidpc.com\/fr\/boutique\/fittings\/soft-fitting-3-8-id-x-1-2-od\/barrow-filetage-3-8-id-x-1-2-od-fitting-a-compression-thkn-3-8-b03-blanc\/","title":{"rendered":"Barrow Filetage 3\/8&Prime; ID x 1\/2&Prime; OD Fitting \u00e0 compression -THKN-3\/8-B03 &#8211; Blanc"},"content":{"rendered":"<p>Cet article est un fitting \u00e0 compression \u00e0 utiliser avec des produits de refroidissement au liquide.<\/p>\n<p>Le filetage standard G1\/4&Prime; avec joint torique en caoutchouc lui permet de se visser en toute s\u00e9curit\u00e9 dans les composants de refroidissement par eau avec un joint \u00e9tanche et \u00e9tanche.<br \/>\nCompatible avec les tubes de 3\/8 \u00ab ID x 1\/2 \u00bb OD(10 X 13MM).<\/p>\n<p>&nbsp;<\/p>\n","protected":false},"excerpt":{"rendered":"<p>Cet article est un fitting \u00e0 compression \u00e0 utiliser avec des produits de refroidissement au liquide. Le filetage standard G1\/4&Prime; avec joint torique en caoutchouc lui permet de se visser en toute s\u00e9curit\u00e9 dans les composants de refroidissement par eau avec un joint \u00e9tanche et \u00e9tanche. Compatible avec les tubes de 3\/8 \u00ab ID x [&hellip;]<\/p>\n","protected":false},"featured_media":8494,"template":"","meta":{"_genesis_hide_title":false,"_genesis_hide_breadcrumbs":false,"_genesis_hide_singular_image":false,"_genesis_hide_footer_widgets":false,"_genesis_custom_body_class":"","_genesis_custom_post_class":"","_genesis_layout":""},"product_brand":[233],"product_cat":[29,84],"product_tag":[],"class_list":{"0":"post-8493","1":"product","2":"type-product","3":"status-publish","4":"has-post-thumbnail","6":"product_brand-barrow","7":"product_cat-fittings","8":"product_cat-soft-fitting-3-8-id-x-1-2-od","9":"entry","11":"first","12":"instock","13":"taxable","14":"shipping-taxable","15":"purchasable","16":"product-type-simple"},"_links":{"self":[{"href":"https:\/\/proliquidpc.com\/fr\/wp-json\/wp\/v2\/product\/8493","targetHints":{"allow":["GET"]}}],"collection":[{"href":"https:\/\/proliquidpc.com\/fr\/wp-json\/wp\/v2\/product"}],"about":[{"href":"https:\/\/proliquidpc.com\/fr\/wp-json\/wp\/v2\/types\/product"}],"wp:featuredmedia":[{"embeddable":true,"href":"https:\/\/proliquidpc.com\/fr\/wp-json\/wp\/v2\/media\/8494"}],"wp:attachment":[{"href":"https:\/\/proliquidpc.com\/fr\/wp-json\/wp\/v2\/media?parent=8493"}],"wp:term":[{"taxonomy":"product_brand","embeddable":true,"href":"https:\/\/proliquidpc.com\/fr\/wp-json\/wp\/v2\/product_brand?post=8493"},{"taxonomy":"product_cat","embeddable":true,"href":"https:\/\/proliquidpc.com\/fr\/wp-json\/wp\/v2\/product_cat?post=8493"},{"taxonomy":"product_tag","embeddable":true,"href":"https:\/\/proliquidpc.com\/fr\/wp-json\/wp\/v2\/product_tag?post=8493"}],"curies":[{"name":"wp","href":"https:\/\/api.w.org\/{rel}","templated":true}]}}