{"id":8522,"date":"2024-10-30T16:56:13","date_gmt":"2024-10-30T20:56:13","guid":{"rendered":"https:\/\/dev.proliquidpc.com\/boutique\/non%20class\u00e9\/fitting-de-butee-barrow-avec-finition-sable-tlfdt-v1-argent-et-noir\/"},"modified":"2025-03-09T21:49:24","modified_gmt":"2025-03-10T01:49:24","slug":"fitting-de-butee-barrow-avec-finition-sable-tlfdt-v1-argent-et-noir","status":"publish","type":"product","link":"https:\/\/proliquidpc.com\/fr\/boutique\/fittings\/bouchon\/fitting-de-butee-barrow-avec-finition-sable-tlfdt-v1-argent-et-noir\/","title":{"rendered":"Fitting de but\u00e9e Barrow avec finition sable &#8211; TLFDT-V1 &#8211; Argent et noir"},"content":{"rendered":"<p>Nouveau bouchon Barrow<\/p>\n<p>01 S\u00e9lection rigoureuse des mat\u00e9riaux<br \/>\nFabriqu\u00e9 en laiton H59 de haute qualit\u00e9, avec une double protection du processus de galvanoplastie de surface ainsi qu\u2019une texture fine, solide et durable.<\/p>\n<p>02 Motifs en losange antid\u00e9rapants<br \/>\nLes utilisateurs peuvent profiter du toucher lorsqu\u2019ils visent un connecteur. En d\u2019autres termes, ils b\u00e9n\u00e9ficieront d\u2019une exp\u00e9rience sensorielle am\u00e9lior\u00e9e.<\/p>\n<p>03 Interfaces standard de refroidissement par eau<br \/>\nUne interface standard de syst\u00e8me de refroidissement par eau G1\/4&Prime; peut \u00eatre compatible avec d\u2019autres produits de refroidissement par eau sur le march\u00e9.<\/p>\n","protected":false},"excerpt":{"rendered":"<p>Nouveau bouchon Barrow 01 S\u00e9lection rigoureuse des mat\u00e9riaux Fabriqu\u00e9 en laiton H59 de haute qualit\u00e9, avec une double protection du processus de galvanoplastie de surface ainsi qu\u2019une texture fine, solide et durable. 02 Motifs en losange antid\u00e9rapants Les utilisateurs peuvent profiter du toucher lorsqu\u2019ils visent un connecteur. En d\u2019autres termes, ils b\u00e9n\u00e9ficieront d\u2019une exp\u00e9rience sensorielle [&hellip;]<\/p>\n","protected":false},"featured_media":8523,"template":"","meta":{"_genesis_hide_title":false,"_genesis_hide_breadcrumbs":false,"_genesis_hide_singular_image":false,"_genesis_hide_footer_widgets":false,"_genesis_custom_body_class":"","_genesis_custom_post_class":"","_genesis_layout":""},"product_brand":[233],"product_cat":[35,29],"product_tag":[],"class_list":{"0":"post-8522","1":"product","2":"type-product","3":"status-publish","4":"has-post-thumbnail","6":"product_brand-barrow","7":"product_cat-bouchon","8":"product_cat-fittings","9":"entry","11":"first","12":"instock","13":"taxable","14":"shipping-taxable","15":"purchasable","16":"product-type-simple"},"_links":{"self":[{"href":"https:\/\/proliquidpc.com\/fr\/wp-json\/wp\/v2\/product\/8522","targetHints":{"allow":["GET"]}}],"collection":[{"href":"https:\/\/proliquidpc.com\/fr\/wp-json\/wp\/v2\/product"}],"about":[{"href":"https:\/\/proliquidpc.com\/fr\/wp-json\/wp\/v2\/types\/product"}],"wp:featuredmedia":[{"embeddable":true,"href":"https:\/\/proliquidpc.com\/fr\/wp-json\/wp\/v2\/media\/8523"}],"wp:attachment":[{"href":"https:\/\/proliquidpc.com\/fr\/wp-json\/wp\/v2\/media?parent=8522"}],"wp:term":[{"taxonomy":"product_brand","embeddable":true,"href":"https:\/\/proliquidpc.com\/fr\/wp-json\/wp\/v2\/product_brand?post=8522"},{"taxonomy":"product_cat","embeddable":true,"href":"https:\/\/proliquidpc.com\/fr\/wp-json\/wp\/v2\/product_cat?post=8522"},{"taxonomy":"product_tag","embeddable":true,"href":"https:\/\/proliquidpc.com\/fr\/wp-json\/wp\/v2\/product_tag?post=8522"}],"curies":[{"name":"wp","href":"https:\/\/api.w.org\/{rel}","templated":true}]}}