{"id":8525,"date":"2024-10-30T16:56:13","date_gmt":"2024-10-30T20:56:13","guid":{"rendered":"https:\/\/dev.proliquidpc.com\/boutique\/non%20class\u00e9\/barrow-fitting-de-separateur-de-bloc-rotatif-a-5-voies-tlft5t-a01-or\/"},"modified":"2026-04-03T16:10:29","modified_gmt":"2026-04-03T20:10:29","slug":"barrow-fitting-de-separateur-de-bloc-rotatif-a-5-voies-tlft5t-a01-or","status":"publish","type":"product","link":"https:\/\/proliquidpc.com\/fr\/boutique\/fittings\/3-way-4-way-5-way\/barrow-fitting-de-separateur-de-bloc-rotatif-a-5-voies-tlft5t-a01-or\/","title":{"rendered":"Barrow Fitting de s\u00e9parateur de bloc rotatif \u00e0 5 voies &#8211; TLFT5T-A01 &#8211; Or"},"content":{"rendered":"<p>L\u2019adaptateur 5 voies Barrow G1\/4&Prime; est un accessoire de refroidissement par eau usin\u00e9 utile pour faciliter le nettoyage des coins \u00e9troits et du bo\u00eetier interne. Cr\u00e9ez un emplacement de retour central avec cet adaptateur facile \u00e0 utiliser. Le bloc peut \u00eatre utilis\u00e9 avec n\u2019importe quel fitting filet\u00e9 G1\/4&Prime;.<\/p>\n","protected":false},"excerpt":{"rendered":"<p>L\u2019adaptateur 5 voies Barrow G1\/4&Prime; est un accessoire de refroidissement par eau usin\u00e9 utile pour faciliter le nettoyage des coins \u00e9troits et du bo\u00eetier interne. Cr\u00e9ez un emplacement de retour central avec cet adaptateur facile \u00e0 utiliser. Le bloc peut \u00eatre utilis\u00e9 avec n\u2019importe quel fitting filet\u00e9 G1\/4&Prime;.<\/p>\n","protected":false},"featured_media":8526,"template":"","meta":{"_genesis_hide_title":false,"_genesis_hide_breadcrumbs":false,"_genesis_hide_singular_image":false,"_genesis_hide_footer_widgets":false,"_genesis_custom_body_class":"","_genesis_custom_post_class":"","_genesis_layout":""},"product_brand":[233],"product_cat":[51,29],"product_tag":[],"class_list":{"0":"post-8525","1":"product","2":"type-product","3":"status-publish","4":"has-post-thumbnail","6":"product_brand-barrow","7":"product_cat-3-way-4-way-5-way","8":"product_cat-fittings","9":"entry","11":"first","12":"outofstock","13":"taxable","14":"shipping-taxable","15":"purchasable","16":"product-type-simple"},"_links":{"self":[{"href":"https:\/\/proliquidpc.com\/fr\/wp-json\/wp\/v2\/product\/8525","targetHints":{"allow":["GET"]}}],"collection":[{"href":"https:\/\/proliquidpc.com\/fr\/wp-json\/wp\/v2\/product"}],"about":[{"href":"https:\/\/proliquidpc.com\/fr\/wp-json\/wp\/v2\/types\/product"}],"wp:featuredmedia":[{"embeddable":true,"href":"https:\/\/proliquidpc.com\/fr\/wp-json\/wp\/v2\/media\/8526"}],"wp:attachment":[{"href":"https:\/\/proliquidpc.com\/fr\/wp-json\/wp\/v2\/media?parent=8525"}],"wp:term":[{"taxonomy":"product_brand","embeddable":true,"href":"https:\/\/proliquidpc.com\/fr\/wp-json\/wp\/v2\/product_brand?post=8525"},{"taxonomy":"product_cat","embeddable":true,"href":"https:\/\/proliquidpc.com\/fr\/wp-json\/wp\/v2\/product_cat?post=8525"},{"taxonomy":"product_tag","embeddable":true,"href":"https:\/\/proliquidpc.com\/fr\/wp-json\/wp\/v2\/product_tag?post=8525"}],"curies":[{"name":"wp","href":"https:\/\/api.w.org\/{rel}","templated":true}]}}