{"id":8528,"date":"2024-10-30T16:57:28","date_gmt":"2024-10-30T20:57:28","guid":{"rendered":"https:\/\/dev.proliquidpc.com\/boutique\/non%20class\u00e9\/fitting-a-compression-barrow-14mm-tlgykn-14-noir\/"},"modified":"2025-03-09T21:48:22","modified_gmt":"2025-03-10T01:48:22","slug":"fitting-a-compression-barrow-14mm-tlgykn-14-noir","status":"publish","type":"product","link":"https:\/\/proliquidpc.com\/fr\/boutique\/fittings\/hard-fittings-14mm\/fitting-a-compression-barrow-14mm-tlgykn-14-noir\/","title":{"rendered":"Fitting \u00e0 compression Barrow 14mm &#8211; TLGYKN-14 &#8211; Noir"},"content":{"rendered":"<p>Cach\u00e9e dans la structure de la rainure hexagonale, \u00e0 l&rsquo;aide d&rsquo;un outil de cl\u00e9 \u00e0 vis, l&rsquo;installation est plus ferme.<\/p>\n<p>Le design minimaliste, la surface est lisse, sans moletage, \u00e9limine la configuration fastidieuse. La conception structurelle scientifique, la partie en alliage d&rsquo;aluminium n&rsquo;est utilis\u00e9e que pour des applications de fixation, sans contact direct avec l&rsquo;eau, \u00e9vitant ainsi la corrosion due \u00e0 un environnement mixte cuivre. Super protection, structure de bague d&rsquo;\u00e9tanch\u00e9it\u00e9 \u00e0 3 couches, pour pr\u00e9venir les risques de fuite. Le corps principal du fitting poss\u00e8de une structure de rainure hexagonale cach\u00e9e, qui peut \u00eatre facilement install\u00e9e et d\u00e9mont\u00e9e \u00e0 l&rsquo;aide de l&rsquo;outil de cl\u00e9 hexagonale de type 8MML.<\/p>\n","protected":false},"excerpt":{"rendered":"<p>Cach\u00e9e dans la structure de la rainure hexagonale, \u00e0 l&rsquo;aide d&rsquo;un outil de cl\u00e9 \u00e0 vis, l&rsquo;installation est plus ferme. Le design minimaliste, la surface est lisse, sans moletage, \u00e9limine la configuration fastidieuse. La conception structurelle scientifique, la partie en alliage d&rsquo;aluminium n&rsquo;est utilis\u00e9e que pour des applications de fixation, sans contact direct avec l&rsquo;eau, [&hellip;]<\/p>\n","protected":false},"featured_media":8529,"template":"","meta":{"_genesis_hide_title":false,"_genesis_hide_breadcrumbs":false,"_genesis_hide_singular_image":false,"_genesis_hide_footer_widgets":false,"_genesis_custom_body_class":"","_genesis_custom_post_class":"","_genesis_layout":""},"product_brand":[233],"product_cat":[29,34],"product_tag":[],"class_list":{"0":"post-8528","1":"product","2":"type-product","3":"status-publish","4":"has-post-thumbnail","6":"product_brand-barrow","7":"product_cat-fittings","8":"product_cat-hard-fittings-14mm","9":"entry","11":"first","12":"instock","13":"taxable","14":"shipping-taxable","15":"purchasable","16":"product-type-simple"},"_links":{"self":[{"href":"https:\/\/proliquidpc.com\/fr\/wp-json\/wp\/v2\/product\/8528","targetHints":{"allow":["GET"]}}],"collection":[{"href":"https:\/\/proliquidpc.com\/fr\/wp-json\/wp\/v2\/product"}],"about":[{"href":"https:\/\/proliquidpc.com\/fr\/wp-json\/wp\/v2\/types\/product"}],"wp:featuredmedia":[{"embeddable":true,"href":"https:\/\/proliquidpc.com\/fr\/wp-json\/wp\/v2\/media\/8529"}],"wp:attachment":[{"href":"https:\/\/proliquidpc.com\/fr\/wp-json\/wp\/v2\/media?parent=8528"}],"wp:term":[{"taxonomy":"product_brand","embeddable":true,"href":"https:\/\/proliquidpc.com\/fr\/wp-json\/wp\/v2\/product_brand?post=8528"},{"taxonomy":"product_cat","embeddable":true,"href":"https:\/\/proliquidpc.com\/fr\/wp-json\/wp\/v2\/product_cat?post=8528"},{"taxonomy":"product_tag","embeddable":true,"href":"https:\/\/proliquidpc.com\/fr\/wp-json\/wp\/v2\/product_tag?post=8528"}],"curies":[{"name":"wp","href":"https:\/\/api.w.org\/{rel}","templated":true}]}}