{"id":8638,"date":"2024-10-30T16:58:42","date_gmt":"2024-10-30T20:58:42","guid":{"rendered":"https:\/\/dev.proliquidpc.com\/boutique\/non%20class\u00e9\/barrow-22-31mm-connecteur-sli-crossfire-reglable-tssxk-a01-argent\/"},"modified":"2025-03-09T21:47:41","modified_gmt":"2025-03-10T01:47:41","slug":"barrow-22-31mm-connecteur-sli-crossfire-reglable-tssxk-a01-argent","status":"publish","type":"product","link":"https:\/\/proliquidpc.com\/fr\/boutique\/fittings\/fitting-spacer\/barrow-22-31mm-connecteur-sli-crossfire-reglable-tssxk-a01-argent\/","title":{"rendered":"Barrow 22-31mm Connecteur SLI \/ Crossfire R\u00e9glable &#8211; TSSXK-A01 &#8211; Argent"},"content":{"rendered":"<p>Ce fitting ajustable SLI\/Crossfire de Barrow dispose de filetages G1\/4&Prime; et facilite la connexion des blocs de refroidissement par eau pour VGA de mani\u00e8re rapide et sans effort.<\/p>\n<p>Ce fitting VGA Block est con\u00e7u pour connecter des blocs avec une plage de 22 mm \u00e0 31 mm<\/p>\n","protected":false},"excerpt":{"rendered":"<p>Ce fitting ajustable SLI\/Crossfire de Barrow dispose de filetages G1\/4&Prime; et facilite la connexion des blocs de refroidissement par eau pour VGA de mani\u00e8re rapide et sans effort. Ce fitting VGA Block est con\u00e7u pour connecter des blocs avec une plage de 22 mm \u00e0 31 mm<\/p>\n","protected":false},"featured_media":8639,"template":"","meta":{"_genesis_hide_title":false,"_genesis_hide_breadcrumbs":false,"_genesis_hide_singular_image":false,"_genesis_hide_footer_widgets":false,"_genesis_custom_body_class":"","_genesis_custom_post_class":"","_genesis_layout":""},"product_brand":[233],"product_cat":[30,29],"product_tag":[],"class_list":{"0":"post-8638","1":"product","2":"type-product","3":"status-publish","4":"has-post-thumbnail","6":"product_brand-barrow","7":"product_cat-fitting-spacer","8":"product_cat-fittings","9":"entry","11":"first","12":"instock","13":"taxable","14":"shipping-taxable","15":"purchasable","16":"product-type-simple"},"_links":{"self":[{"href":"https:\/\/proliquidpc.com\/fr\/wp-json\/wp\/v2\/product\/8638","targetHints":{"allow":["GET"]}}],"collection":[{"href":"https:\/\/proliquidpc.com\/fr\/wp-json\/wp\/v2\/product"}],"about":[{"href":"https:\/\/proliquidpc.com\/fr\/wp-json\/wp\/v2\/types\/product"}],"wp:featuredmedia":[{"embeddable":true,"href":"https:\/\/proliquidpc.com\/fr\/wp-json\/wp\/v2\/media\/8639"}],"wp:attachment":[{"href":"https:\/\/proliquidpc.com\/fr\/wp-json\/wp\/v2\/media?parent=8638"}],"wp:term":[{"taxonomy":"product_brand","embeddable":true,"href":"https:\/\/proliquidpc.com\/fr\/wp-json\/wp\/v2\/product_brand?post=8638"},{"taxonomy":"product_cat","embeddable":true,"href":"https:\/\/proliquidpc.com\/fr\/wp-json\/wp\/v2\/product_cat?post=8638"},{"taxonomy":"product_tag","embeddable":true,"href":"https:\/\/proliquidpc.com\/fr\/wp-json\/wp\/v2\/product_tag?post=8638"}],"curies":[{"name":"wp","href":"https:\/\/api.w.org\/{rel}","templated":true}]}}