{"id":8660,"date":"2024-10-30T16:58:42","date_gmt":"2024-10-30T20:58:42","guid":{"rendered":"https:\/\/dev.proliquidpc.com\/boutique\/non%20class\u00e9\/bouchon-en-composite-de-quartz-avec-led-de-barrow-tsydg-v1-vert\/"},"modified":"2025-03-09T21:47:46","modified_gmt":"2025-03-10T01:47:46","slug":"bouchon-en-composite-de-quartz-avec-led-de-barrow-tsydg-v1-vert","status":"publish","type":"product","link":"https:\/\/proliquidpc.com\/fr\/boutique\/led-controleurs\/12-volt\/bouchon-en-composite-de-quartz-avec-led-de-barrow-tsydg-v1-vert\/","title":{"rendered":"Bouchon en composite de quartz avec LED de Barrow &#8211; TSYDG-V1 &#8211; Vert"},"content":{"rendered":"<p>\u00c9clairage de r\u00e9servoir d\u2019eau LED 12V verrou d\u2019\u00e9tanch\u00e9it\u00e9 filetage d\u2019extr\u00e9mit\u00e9 G1\/4&Prime; pour refroidissement par eau<\/p>\n","protected":false},"excerpt":{"rendered":"<p>\u00c9clairage de r\u00e9servoir d\u2019eau LED 12V verrou d\u2019\u00e9tanch\u00e9it\u00e9 filetage d\u2019extr\u00e9mit\u00e9 G1\/4&Prime; pour refroidissement par eau<\/p>\n","protected":false},"featured_media":8661,"template":"","meta":{"_genesis_hide_title":false,"_genesis_hide_breadcrumbs":false,"_genesis_hide_singular_image":false,"_genesis_hide_footer_widgets":false,"_genesis_custom_body_class":"","_genesis_custom_post_class":"","_genesis_layout":""},"product_brand":[233],"product_cat":[49,25],"product_tag":[],"class_list":{"0":"post-8660","1":"product","2":"type-product","3":"status-publish","4":"has-post-thumbnail","6":"product_brand-barrow","7":"product_cat-12-volt","8":"product_cat-led-controleurs","9":"entry","11":"first","12":"instock","13":"taxable","14":"shipping-taxable","15":"purchasable","16":"product-type-simple"},"_links":{"self":[{"href":"https:\/\/proliquidpc.com\/fr\/wp-json\/wp\/v2\/product\/8660","targetHints":{"allow":["GET"]}}],"collection":[{"href":"https:\/\/proliquidpc.com\/fr\/wp-json\/wp\/v2\/product"}],"about":[{"href":"https:\/\/proliquidpc.com\/fr\/wp-json\/wp\/v2\/types\/product"}],"wp:featuredmedia":[{"embeddable":true,"href":"https:\/\/proliquidpc.com\/fr\/wp-json\/wp\/v2\/media\/8661"}],"wp:attachment":[{"href":"https:\/\/proliquidpc.com\/fr\/wp-json\/wp\/v2\/media?parent=8660"}],"wp:term":[{"taxonomy":"product_brand","embeddable":true,"href":"https:\/\/proliquidpc.com\/fr\/wp-json\/wp\/v2\/product_brand?post=8660"},{"taxonomy":"product_cat","embeddable":true,"href":"https:\/\/proliquidpc.com\/fr\/wp-json\/wp\/v2\/product_cat?post=8660"},{"taxonomy":"product_tag","embeddable":true,"href":"https:\/\/proliquidpc.com\/fr\/wp-json\/wp\/v2\/product_tag?post=8660"}],"curies":[{"name":"wp","href":"https:\/\/api.w.org\/{rel}","templated":true}]}}