{"id":8663,"date":"2024-10-30T16:58:42","date_gmt":"2024-10-30T20:58:42","guid":{"rendered":"https:\/\/dev.proliquidpc.com\/boutique\/non%20class\u00e9\/clapet-anti-retour-a-poussee-plate-barrow-male-a-femelle-corps-noir-avec-anneau-de-poussee-noir-ttlpfg-noir\/"},"modified":"2025-03-09T21:47:47","modified_gmt":"2025-03-10T01:47:47","slug":"clapet-anti-retour-a-poussee-plate-barrow-male-a-femelle-corps-noir-avec-anneau-de-poussee-noir-ttlpfg-noir","status":"publish","type":"product","link":"https:\/\/proliquidpc.com\/fr\/boutique\/fittings\/valve\/clapet-anti-retour-a-poussee-plate-barrow-male-a-femelle-corps-noir-avec-anneau-de-poussee-noir-ttlpfg-noir\/","title":{"rendered":"Clapet anti-retour \u00e0 pouss\u00e9e plate Barrow (m\u00e2le \u00e0 femelle) &#8211; Corps noir avec anneau de pouss\u00e9e noir &#8211; TTLPFG &#8211; Noir"},"content":{"rendered":"<p>Subversion du syst\u00e8me traditionnel de refroidissement par eau du nouveau concept de valves, interface de filetage interne standard G1\/4&Prime; pour fournir une bonne compatibilit\u00e9 d\u2019expansion.<\/p>\n<p>Remarque : veuillez suivre les instructions dans l\u2019installation correcte, il est strictement interdit d\u2019utiliser dans le sens oppos\u00e9<\/p>\n","protected":false},"excerpt":{"rendered":"<p>Subversion du syst\u00e8me traditionnel de refroidissement par eau du nouveau concept de valves, interface de filetage interne standard G1\/4&Prime; pour fournir une bonne compatibilit\u00e9 d\u2019expansion. Remarque : veuillez suivre les instructions dans l\u2019installation correcte, il est strictement interdit d\u2019utiliser dans le sens oppos\u00e9<\/p>\n","protected":false},"featured_media":8664,"template":"","meta":{"_genesis_hide_title":false,"_genesis_hide_breadcrumbs":false,"_genesis_hide_singular_image":false,"_genesis_hide_footer_widgets":false,"_genesis_custom_body_class":"","_genesis_custom_post_class":"","_genesis_layout":""},"product_brand":[233],"product_cat":[29,32],"product_tag":[],"class_list":{"0":"post-8663","1":"product","2":"type-product","3":"status-publish","4":"has-post-thumbnail","6":"product_brand-barrow","7":"product_cat-fittings","8":"product_cat-valve","9":"entry","11":"first","12":"instock","13":"taxable","14":"shipping-taxable","15":"purchasable","16":"product-type-simple"},"_links":{"self":[{"href":"https:\/\/proliquidpc.com\/fr\/wp-json\/wp\/v2\/product\/8663","targetHints":{"allow":["GET"]}}],"collection":[{"href":"https:\/\/proliquidpc.com\/fr\/wp-json\/wp\/v2\/product"}],"about":[{"href":"https:\/\/proliquidpc.com\/fr\/wp-json\/wp\/v2\/types\/product"}],"wp:featuredmedia":[{"embeddable":true,"href":"https:\/\/proliquidpc.com\/fr\/wp-json\/wp\/v2\/media\/8664"}],"wp:attachment":[{"href":"https:\/\/proliquidpc.com\/fr\/wp-json\/wp\/v2\/media?parent=8663"}],"wp:term":[{"taxonomy":"product_brand","embeddable":true,"href":"https:\/\/proliquidpc.com\/fr\/wp-json\/wp\/v2\/product_brand?post=8663"},{"taxonomy":"product_cat","embeddable":true,"href":"https:\/\/proliquidpc.com\/fr\/wp-json\/wp\/v2\/product_cat?post=8663"},{"taxonomy":"product_tag","embeddable":true,"href":"https:\/\/proliquidpc.com\/fr\/wp-json\/wp\/v2\/product_tag?post=8663"}],"curies":[{"name":"wp","href":"https:\/\/api.w.org\/{rel}","templated":true}]}}